{"id":9199,"date":"2019-09-03T11:38:24","date_gmt":"2019-09-03T08:38:24","guid":{"rendered":"https:\/\/vaasanluonnonravinto.fi\/?post_type=product&#038;p=9199"},"modified":"2022-09-05T14:33:06","modified_gmt":"2022-09-05T11:33:06","slug":"pascoe-ph-balance-260-g","status":"publish","type":"product","link":"https:\/\/vaasanluonnonravinto.fi\/sv\/tuote\/pascoe-ph-balance-260-g\/","title":{"rendered":"Pascoe pH-balance 260 g"},"content":{"rendered":"<p>pH-balance PASCOE\u00ae ei ole sama asia kuin ruokasooda. On t\u00e4rke\u00e4\u00e4 erottaa tavallinen, elintarviketeollisuuden k\u00e4ytt\u00e4m\u00e4 ruokasooda ja pH-balance PASCOE\u00ae toisistaan. Ruokasooda sis\u00e4lt\u00e4\u00e4 pelkk\u00e4\u00e4 natriumbikarbonaattia, joten saamme siit\u00e4 reilun annoksen natriumia, jonka liiallinen k\u00e4ytt\u00f6 taas rasittaa elimist\u00f6\u00e4.<\/p>\n<p>&nbsp;<\/p>\n<p>Natriumbikarbonaatti ei my\u00f6sk\u00e4\u00e4n yksin riit\u00e4 elimist\u00f6n pH-tasapainon yll\u00e4pit\u00e4miseen. Sen sijaan yli sata vuotta vanha, luonnon em\u00e4ksisten suolojen seos, pH-balance PASCOE\u00ae, sis\u00e4lt\u00e4\u00e4 kalsiumia, magnesiumia, kaliumia ja sinkki\u00e4. Natriumia siin\u00e4 on juuri oikeassa suhteessa muihin em\u00e4ksisiin suoloihin n\u00e4hden.<\/p>\n<p>&nbsp;<\/p>\n<p>Miten voit vaikuttaa pH-tasapainoosi?<br \/>\npH-tasapainoon vaikuttaminen pelk\u00e4n ruokavalion kautta ei v\u00e4ltt\u00e4m\u00e4tt\u00e4 tuo toivottua tulosta. pH-balance PASCOE\u00ae -tuotteet puhdistavat elimist\u00f6\u00e4 happamista kuona-aineista tehokkaasti ja tasapainottavat elimist\u00f6n luonnollista pH-tasapainoa. T\u00e4m\u00e4n seurauksena aineenvaihdunta vilkastuu, ruoansulatus alkaa toimia normaalisti ja lihakset palautuvat nopeammin urheilusuorituksen ja liikunnan j\u00e4lkeen. pH-balance PASCOE\u00ae -tablettien ja -jauheen sis\u00e4lt\u00e4m\u00e4 sinkki edist\u00e4\u00e4 normaalia happo-em\u00e4saineenvaihduntaa, ja tuotteiden sis\u00e4lt\u00e4m\u00e4 kalsium puolestaan tukee ruoansulatusentsyymien normaalia toimintaa.<\/p>\n<p>&nbsp;<\/p>\n<p>pH-balance PASCOE\u00ae -tuotteet ovat sokerittomia, laktoosittomia, gluteenittomia ja hiivattomia, ja ne sopivat my\u00f6s raskaana oleville ja imett\u00e4ville. Tuotteet eiv\u00e4t sis\u00e4ll\u00e4 v\u00e4ri-, s\u00e4il\u00f6nt\u00e4- tai makeutusaineita.<\/p>\n<p>&nbsp;<\/p>\n<p><strong>Annostus<\/strong><br \/>\n1 teelusikallinen p\u00e4iv\u00e4ss\u00e4. Sekoita jauhe lasilliseen huoneenl\u00e4mp\u00f6ist\u00e4 vett\u00e4 ja nauti juoma tyhj\u00e4\u00e4n vatsaan (mielell\u00e4\u00e4n noin tunti ennen ruokailua).<\/p>\n<p>Ilmoitettua suositeltua vuorokausiannosta ei saa ylitt\u00e4\u00e4. Ravintolis\u00e4 ei korvaa monipuolista ruokavaliota eik\u00e4 terveit\u00e4 el\u00e4m\u00e4ntapoja. Tuote on s\u00e4ilytett\u00e4v\u00e4 pienten lasten ulottumattomissa.<\/p>\n","protected":false},"excerpt":{"rendered":"<p>Luonnollista tukea elimist\u00f6n pH-tasapainolle. Tunnetko olosi v\u00e4syneeksi? K\u00e4rsitk\u00f6 kolotuksesta tai n\u00e4r\u00e4styksest\u00e4? Junnaako paino paikallaan kevennysyrityksist\u00e4si huolimatta? Apu saattaa l\u00f6yty\u00e4 elimist\u00f6n pH-tasapainon tukemisesta.\u00a0pH-balance PASCOE\u00ae -jauhe ja -tabletit sis\u00e4lt\u00e4v\u00e4t bikarbonaatteja, jotka tukevat luonnollista em\u00e4svirtausta sek\u00e4 poistavat sidekudokseen kertyneit\u00e4 happoja. T\u00e4m\u00e4n seurauksena mm. ruoansulatus ja elimist\u00f6n aineenvaihdunta toimivat vilkkaammin.<\/p>\n<p>&nbsp;<\/p>\n<p>Elimist\u00f6n liian hapan pH saattaa:<\/p>\n<ul>\n<li>hidastaa aineenvaihduntaa<\/li>\n<li>aiheuttaa painonnousua<\/li>\n<li>haitata kuona-aineiden poistumista<\/li>\n<li>h\u00e4irit\u00e4 ruoansulatusta<\/li>\n<li>synnytt\u00e4\u00e4 v\u00e4symyst\u00e4<\/li>\n<li>tuntua lihaksissa voimattomuutena ja j\u00e4ykkyyten\u00e4<\/li>\n<\/ul>\n","protected":false},"featured_media":9200,"template":"","meta":{"_acf_changed":false},"product_brand":[],"product_cat":[29,148],"product_tag":[],"class_list":{"0":"post-9199","1":"product","2":"type-product","3":"status-publish","4":"has-post-thumbnail","6":"product_cat-lisaravinteet","7":"product_cat-pascoe","9":"first","10":"instock","11":"taxable","12":"shipping-taxable","13":"purchasable","14":"product-type-simple"},"acf":[],"_links":{"self":[{"href":"https:\/\/vaasanluonnonravinto.fi\/sv\/wp-json\/wp\/v2\/product\/9199","targetHints":{"allow":["GET"]}}],"collection":[{"href":"https:\/\/vaasanluonnonravinto.fi\/sv\/wp-json\/wp\/v2\/product"}],"about":[{"href":"https:\/\/vaasanluonnonravinto.fi\/sv\/wp-json\/wp\/v2\/types\/product"}],"wp:featuredmedia":[{"embeddable":true,"href":"https:\/\/vaasanluonnonravinto.fi\/sv\/wp-json\/wp\/v2\/media\/9200"}],"wp:attachment":[{"href":"https:\/\/vaasanluonnonravinto.fi\/sv\/wp-json\/wp\/v2\/media?parent=9199"}],"wp:term":[{"taxonomy":"product_brand","embeddable":true,"href":"https:\/\/vaasanluonnonravinto.fi\/sv\/wp-json\/wp\/v2\/product_brand?post=9199"},{"taxonomy":"product_cat","embeddable":true,"href":"https:\/\/vaasanluonnonravinto.fi\/sv\/wp-json\/wp\/v2\/product_cat?post=9199"},{"taxonomy":"product_tag","embeddable":true,"href":"https:\/\/vaasanluonnonravinto.fi\/sv\/wp-json\/wp\/v2\/product_tag?post=9199"}],"curies":[{"name":"wp","href":"https:\/\/api.w.org\/{rel}","templated":true}]}}