{"id":9127,"date":"2019-09-03T10:14:26","date_gmt":"2019-09-03T07:14:26","guid":{"rendered":"https:\/\/vaasanluonnonravinto.fi\/?post_type=product&#038;p=9127"},"modified":"2023-12-08T14:00:07","modified_gmt":"2023-12-08T12:00:07","slug":"polar-pharma-antiwir-60-kaps","status":"publish","type":"product","link":"https:\/\/vaasanluonnonravinto.fi\/sv\/tuote\/polar-pharma-antiwir-60-kaps\/","title":{"rendered":"AntiWir 60 kaps"},"content":{"rendered":"","protected":false},"excerpt":{"rendered":"<p>AntiWIR on suomalaisten asiantuntijoiden ja professorien johdolla kehitetty valmiste, joka sis\u00e4lt\u00e4\u00e4 kolmea luonnosta saatavaa tehoainetta. N\u00e4m\u00e4 toisiaan tukevat ja tehostavat aineet ovat oliivinlehtiuute, monolauriini ja melissauute.<\/p>\n<p>&nbsp;<\/p>\n<p>HUOM! Nyt kasvikapselissa!<\/p>\n<p>&nbsp;<\/p>\n<p><strong>Annostus<\/strong>: 2-6 tablettia p\u00e4iv\u00e4ss\u00e4, joka sis\u00e4lt\u00e4\u00e4 400-1200 mg oliivinlehtiuutetta sek\u00e4 40-120 mg melissauutetta. Ilmoitettua annostusta ei saa ylitt\u00e4\u00e4. Ravintolis\u00e4 ei korvaa monipuolista ja tasapainoista ruokavaliota eik\u00e4 terveit\u00e4 el\u00e4m\u00e4ntapoja. Ei lasten ulottuville.<\/p>\n","protected":false},"featured_media":9128,"template":"","meta":{"_acf_changed":false},"product_brand":[],"product_cat":[29,146],"product_tag":[],"class_list":{"0":"post-9127","1":"product","2":"type-product","3":"status-publish","4":"has-post-thumbnail","6":"product_cat-lisaravinteet","7":"product_cat-polar-pharma","9":"first","10":"instock","11":"taxable","12":"shipping-taxable","13":"purchasable","14":"product-type-simple"},"acf":[],"_links":{"self":[{"href":"https:\/\/vaasanluonnonravinto.fi\/sv\/wp-json\/wp\/v2\/product\/9127","targetHints":{"allow":["GET"]}}],"collection":[{"href":"https:\/\/vaasanluonnonravinto.fi\/sv\/wp-json\/wp\/v2\/product"}],"about":[{"href":"https:\/\/vaasanluonnonravinto.fi\/sv\/wp-json\/wp\/v2\/types\/product"}],"wp:featuredmedia":[{"embeddable":true,"href":"https:\/\/vaasanluonnonravinto.fi\/sv\/wp-json\/wp\/v2\/media\/9128"}],"wp:attachment":[{"href":"https:\/\/vaasanluonnonravinto.fi\/sv\/wp-json\/wp\/v2\/media?parent=9127"}],"wp:term":[{"taxonomy":"product_brand","embeddable":true,"href":"https:\/\/vaasanluonnonravinto.fi\/sv\/wp-json\/wp\/v2\/product_brand?post=9127"},{"taxonomy":"product_cat","embeddable":true,"href":"https:\/\/vaasanluonnonravinto.fi\/sv\/wp-json\/wp\/v2\/product_cat?post=9127"},{"taxonomy":"product_tag","embeddable":true,"href":"https:\/\/vaasanluonnonravinto.fi\/sv\/wp-json\/wp\/v2\/product_tag?post=9127"}],"curies":[{"name":"wp","href":"https:\/\/api.w.org\/{rel}","templated":true}]}}