{"id":8680,"date":"2019-08-27T11:17:22","date_gmt":"2019-08-27T08:17:22","guid":{"rendered":"https:\/\/vaasanluonnonravinto.fi\/?post_type=product&#038;p=8680"},"modified":"2024-08-31T14:14:54","modified_gmt":"2024-08-31T11:14:54","slug":"frantsila-laventeli-eteerinen-oljy-30-ml","status":"publish","type":"product","link":"https:\/\/vaasanluonnonravinto.fi\/sv\/tuote\/frantsila-laventeli-eteerinen-oljy-30-ml\/","title":{"rendered":"Frantsila Laventeli eteerinen \u00f6ljy 30 ml"},"content":{"rendered":"","protected":false},"excerpt":{"rendered":"<p>Rauhoittaa mielt\u00e4 ja kehoa.<\/p>\n<p>&nbsp;<\/p>\n<p>Eteerisess\u00e4 laventeli\u00f6ljyss\u00e4 on l\u00e4p\u00e4isev\u00e4n raikas ja hedelm\u00e4inen tuoksu, josta voi aistia kamfeerimaisia vivahteita. Laventeli rauhoittaa mielt\u00e4 ja kehoa sek\u00e4 alentaa verenpainetta. L\u00e4hes jokaiselle tuttu terapeuttinen laventelin tuoksu on vakiintunut osa perinteist\u00e4 kansanl\u00e4\u00e4kint\u00e4\u00e4. Monik\u00e4ytt\u00f6ist\u00e4 laventelia on erityisesti k\u00e4ytetty kosmeettisena veten\u00e4, liinavaatteiden tuoksuna sek\u00e4 rahoittavana ja hoivaavana \u00f6ljyn\u00e4.<\/p>\n<p>&nbsp;<\/p>\n<p>Laventelin eteerinen \u00f6ljy h\u00f6yrytislataan kasvin kukkivista latvoista.Eteeristen \u00f6ljyjen \u00e4iti hoitaa hell\u00e4varaisesti monessa vaivassa ja tilanteessa. Jo antiikin roomalaiset hajustivat kylpyvetens\u00e4 rauhoittavalla laventelilla. Kerrotaan, ett\u00e4 laventelipelloilla ty\u00f6skentelev\u00e4t ihmiset eiv\u00e4t koskaan k\u00e4rsi p\u00e4\u00e4ns\u00e4ryst\u00e4. Laventeli tasapainottaa ailahtelevaa mielialaa, rauhoittaa mielen ennen nukkumaanmenoa ja auttaa vatsan toiminnan tasapainottamisessa. Huomioi, ett\u00e4 laventeli ei sovi jatkuvaan k\u00e4ytt\u00f6\u00f6n henkil\u00f6lle, jolla on matala verenpaine.<\/p>\n<p>&nbsp;<\/p>\n<p>Laventelia hy\u00f6dynnet\u00e4\u00e4n my\u00f6s erilaisten ihottumien hoidossa. Se hillitsee bakteerien kasvua ja ihotulehduksia sek\u00e4 edist\u00e4\u00e4 haavojen paranemista. Kokeile laventelia hy\u00f6nteisen pistoihin, pieniin palovammoihin tai auringonpolttamiin.<\/p>\n<p>&nbsp;<\/p>\n<p><strong>K\u00e4ytt\u00f6ohje<\/strong>: Voit k\u00e4ytt\u00e4\u00e4 eteerisi\u00e4 \u00f6ljyj\u00e4 esimerkiksi vartalo\u00f6ljyn valmistukseen. Lis\u00e4\u00e4 mieltymyksesi mukaan muutama tippa eteerist\u00e4 \u00f6ljy\u00e4 ruokalusikalliseen (noin 5 ml) neutraalia ihonhoito\u00f6ljy\u00e4. \u00d6ljyksi soveltuu hyvin esimerkiksi jojoba-\u00f6ljy. Eteerinen \u00f6ljy sopii my\u00f6s tunnelman luomiseksi esimerkiksi tuoksulyhtyyn.<\/p>\n","protected":false},"featured_media":8681,"template":"","meta":{"_acf_changed":false,"rs_blank_template":"","rs_page_bg_color":"","slide_template_v7":""},"product_brand":[],"product_cat":[55,128],"product_tag":[],"class_list":{"0":"post-8680","1":"product","2":"type-product","3":"status-publish","4":"has-post-thumbnail","6":"product_cat-erikoistuotteet","7":"product_cat-frantsila","9":"first","10":"instock","11":"taxable","12":"shipping-taxable","13":"purchasable","14":"product-type-simple"},"acf":[],"_links":{"self":[{"href":"https:\/\/vaasanluonnonravinto.fi\/sv\/wp-json\/wp\/v2\/product\/8680","targetHints":{"allow":["GET"]}}],"collection":[{"href":"https:\/\/vaasanluonnonravinto.fi\/sv\/wp-json\/wp\/v2\/product"}],"about":[{"href":"https:\/\/vaasanluonnonravinto.fi\/sv\/wp-json\/wp\/v2\/types\/product"}],"wp:featuredmedia":[{"embeddable":true,"href":"https:\/\/vaasanluonnonravinto.fi\/sv\/wp-json\/wp\/v2\/media\/8681"}],"wp:attachment":[{"href":"https:\/\/vaasanluonnonravinto.fi\/sv\/wp-json\/wp\/v2\/media?parent=8680"}],"wp:term":[{"taxonomy":"product_brand","embeddable":true,"href":"https:\/\/vaasanluonnonravinto.fi\/sv\/wp-json\/wp\/v2\/product_brand?post=8680"},{"taxonomy":"product_cat","embeddable":true,"href":"https:\/\/vaasanluonnonravinto.fi\/sv\/wp-json\/wp\/v2\/product_cat?post=8680"},{"taxonomy":"product_tag","embeddable":true,"href":"https:\/\/vaasanluonnonravinto.fi\/sv\/wp-json\/wp\/v2\/product_tag?post=8680"}],"curies":[{"name":"wp","href":"https:\/\/api.w.org\/{rel}","templated":true}]}}