{"id":8676,"date":"2019-08-27T11:14:32","date_gmt":"2019-08-27T08:14:32","guid":{"rendered":"https:\/\/vaasanluonnonravinto.fi\/?post_type=product&#038;p=8676"},"modified":"2024-08-31T14:16:14","modified_gmt":"2024-08-31T11:16:14","slug":"frantsila-fenkoli-eteerinen-oljy-10-ml","status":"publish","type":"product","link":"https:\/\/vaasanluonnonravinto.fi\/sv\/tuote\/frantsila-fenkoli-eteerinen-oljy-10-ml\/","title":{"rendered":"Frantsila Fenkoli eteerinen \u00f6ljy 10 ml"},"content":{"rendered":"","protected":false},"excerpt":{"rendered":"<p>Rauhoittaa ja lis\u00e4\u00e4 rohkeutta.<\/p>\n<p>&nbsp;<\/p>\n<p>Eteerisess\u00e4 fenkoli\u00f6ljyss\u00e4 on makea ja anismainen tuoksu. Voit aistia \u00f6ljyst\u00e4 my\u00f6s maanl\u00e4heisen, pippurisen vivahteen. Aromaattinen fenkoli rauhoittaa, lis\u00e4\u00e4 rohkeutta, tasapainottaa miellytt\u00e4v\u00e4sti ruuansulatusta ja v\u00e4hent\u00e4\u00e4 turvotusta. Fenkolin eteerinen \u00f6ljy h\u00f6yrytislataan murskatuista siemenist\u00e4.<\/p>\n<p>&nbsp;<\/p>\n<p>Fenkoli kuuluu 900-luvulta per\u00e4isin olevan yhdeks\u00e4n yrtin loitsun taianomaisiin ainesosiin. Vanhan anglosaksisen loitsun yrttisekoitusta k\u00e4ytettiin tulehdusten ja myrkytysten hoitoon. Tiesitk\u00f6 my\u00f6s, ett\u00e4 fenkolin kreikkalainen nimi on marathon kuuluisan Marathonin taistelun mukaisesti? Marathon tarkoittaa kirjaimellisesti fenkoliniitty\u00e4. My\u00f6s juoksukilpailu on saanut nimens\u00e4 myyttisest\u00e4 taistelusta.<\/p>\n<p>&nbsp;<\/p>\n<p><strong>K\u00e4ytt\u00f6ohje<\/strong>: Voit k\u00e4ytt\u00e4\u00e4 eteerisi\u00e4 \u00f6ljyj\u00e4 esimerkiksi vartalo\u00f6ljyn valmistukseen. Lis\u00e4\u00e4 mieltymyksesi mukaan muutama tippa eteerist\u00e4 \u00f6ljy\u00e4 ruokalusikalliseen (noin 5 ml) neutraalia ihonhoito\u00f6ljy\u00e4. \u00d6ljyksi soveltuu hyvin esimerkiksi jojoba-\u00f6ljy. Eteerinen \u00f6ljy sopii my\u00f6s tunnelman luomiseksi esimerkiksi tuoksulyhtyyn.<\/p>\n","protected":false},"featured_media":8677,"template":"","meta":{"_acf_changed":false},"product_brand":[],"product_cat":[55,128],"product_tag":[],"class_list":{"0":"post-8676","1":"product","2":"type-product","3":"status-publish","4":"has-post-thumbnail","6":"product_cat-erikoistuotteet","7":"product_cat-frantsila","9":"first","10":"instock","11":"taxable","12":"shipping-taxable","13":"purchasable","14":"product-type-simple"},"acf":[],"_links":{"self":[{"href":"https:\/\/vaasanluonnonravinto.fi\/sv\/wp-json\/wp\/v2\/product\/8676","targetHints":{"allow":["GET"]}}],"collection":[{"href":"https:\/\/vaasanluonnonravinto.fi\/sv\/wp-json\/wp\/v2\/product"}],"about":[{"href":"https:\/\/vaasanluonnonravinto.fi\/sv\/wp-json\/wp\/v2\/types\/product"}],"wp:featuredmedia":[{"embeddable":true,"href":"https:\/\/vaasanluonnonravinto.fi\/sv\/wp-json\/wp\/v2\/media\/8677"}],"wp:attachment":[{"href":"https:\/\/vaasanluonnonravinto.fi\/sv\/wp-json\/wp\/v2\/media?parent=8676"}],"wp:term":[{"taxonomy":"product_brand","embeddable":true,"href":"https:\/\/vaasanluonnonravinto.fi\/sv\/wp-json\/wp\/v2\/product_brand?post=8676"},{"taxonomy":"product_cat","embeddable":true,"href":"https:\/\/vaasanluonnonravinto.fi\/sv\/wp-json\/wp\/v2\/product_cat?post=8676"},{"taxonomy":"product_tag","embeddable":true,"href":"https:\/\/vaasanluonnonravinto.fi\/sv\/wp-json\/wp\/v2\/product_tag?post=8676"}],"curies":[{"name":"wp","href":"https:\/\/api.w.org\/{rel}","templated":true}]}}