{"id":8670,"date":"2019-08-27T11:12:37","date_gmt":"2019-08-27T08:12:37","guid":{"rendered":"https:\/\/vaasanluonnonravinto.fi\/?post_type=product&#038;p=8670"},"modified":"2025-10-08T15:59:51","modified_gmt":"2025-10-08T12:59:51","slug":"frantsila-frankinsensi-eteerinen-oljy-10-ml","status":"publish","type":"product","link":"https:\/\/vaasanluonnonravinto.fi\/sv\/tuote\/frantsila-frankinsensi-eteerinen-oljy-10-ml\/","title":{"rendered":"Frantsila Frankinsensi eteerinen \u00f6ljy 10 ml"},"content":{"rendered":"","protected":false},"excerpt":{"rendered":"<p>Nostattaa mielialaa ja parantaa luovuutta.<\/p>\n<p>&nbsp;<\/p>\n<p>Mielt\u00e4 el\u00e4v\u00f6itt\u00e4v\u00e4ss\u00e4 eteerisess\u00e4 frankinsensi\u00f6ljyss\u00e4 on ylev\u00e4n raikas terpeeninen pintavivahde. Tuoksun pohjas\u00e4vy on l\u00e4mpim\u00e4n rikas ja makean balsaminen. Frankinsensi nostattaa mielialaa, lievitt\u00e4\u00e4 stressi\u00e4, vahvistaa keskittymiskyky\u00e4, edist\u00e4\u00e4 henkist\u00e4 tasapainoa ja parantaa luovuutta. Frankinsensi voi my\u00f6s auttaa pahojen unien karkottamisessa. \u00d6ljy hoitaa vahingoittunutta ihoa sek\u00e4 tasoittaa ryppyj\u00e4 ja arpia.<\/p>\n<p>&nbsp;<\/p>\n<p>Frankinsensin eteerinen \u00f6ljy h\u00f6yrytislataan frankinsensi-puun pihkasta.\u00a0Frankinsensi\u00e4 k\u00e4ytettiin jo antiikin aikana Intiassa, Kiinassa ja l\u00e4nnen katolisessa kirkossa uskonnollisissa seremonioissa. Frankinsensi tunnetaan yhten\u00e4 kolmesta lahjasta, jonka it\u00e4maan tiet\u00e4j\u00e4t toivat Jeesus-lapselle. Palaessaan frankinsensi eritt\u00e4\u00e4 suitsutussavua, jota pidettiin pyhyyden ja rukouksen symbolina. Muinaisessa Egyptiss\u00e4 frankinsensi\u00e4 k\u00e4ytettiin nuorentavissa kasvonaamioissa ja hajusteissa.<\/p>\n<p>&nbsp;<\/p>\n<p><strong>K\u00e4ytt\u00f6ohje<\/strong>: Voit k\u00e4ytt\u00e4\u00e4 eteerisi\u00e4 \u00f6ljyj\u00e4 esimerkiksi vartalo\u00f6ljyn valmistukseen. Lis\u00e4\u00e4 mieltymyksesi mukaan muutama tippa eteerist\u00e4 \u00f6ljy\u00e4 ruokalusikalliseen (noin 5 ml) neutraalia ihonhoito\u00f6ljy\u00e4. \u00d6ljyksi soveltuu hyvin esimerkiksi jojoba-\u00f6ljy. Eteerinen \u00f6ljy sopii my\u00f6s tunnelman luomiseksi esimerkiksi tuoksulyhtyyn.<\/p>\n","protected":false},"featured_media":8673,"template":"","meta":{"_acf_changed":false},"product_brand":[],"product_cat":[55,128],"product_tag":[],"class_list":{"0":"post-8670","1":"product","2":"type-product","3":"status-publish","4":"has-post-thumbnail","6":"product_cat-erikoistuotteet","7":"product_cat-frantsila","9":"first","10":"instock","11":"taxable","12":"shipping-taxable","13":"purchasable","14":"product-type-simple"},"acf":[],"_links":{"self":[{"href":"https:\/\/vaasanluonnonravinto.fi\/sv\/wp-json\/wp\/v2\/product\/8670","targetHints":{"allow":["GET"]}}],"collection":[{"href":"https:\/\/vaasanluonnonravinto.fi\/sv\/wp-json\/wp\/v2\/product"}],"about":[{"href":"https:\/\/vaasanluonnonravinto.fi\/sv\/wp-json\/wp\/v2\/types\/product"}],"wp:featuredmedia":[{"embeddable":true,"href":"https:\/\/vaasanluonnonravinto.fi\/sv\/wp-json\/wp\/v2\/media\/8673"}],"wp:attachment":[{"href":"https:\/\/vaasanluonnonravinto.fi\/sv\/wp-json\/wp\/v2\/media?parent=8670"}],"wp:term":[{"taxonomy":"product_brand","embeddable":true,"href":"https:\/\/vaasanluonnonravinto.fi\/sv\/wp-json\/wp\/v2\/product_brand?post=8670"},{"taxonomy":"product_cat","embeddable":true,"href":"https:\/\/vaasanluonnonravinto.fi\/sv\/wp-json\/wp\/v2\/product_cat?post=8670"},{"taxonomy":"product_tag","embeddable":true,"href":"https:\/\/vaasanluonnonravinto.fi\/sv\/wp-json\/wp\/v2\/product_tag?post=8670"}],"curies":[{"name":"wp","href":"https:\/\/api.w.org\/{rel}","templated":true}]}}