{"id":8666,"date":"2019-08-27T11:10:25","date_gmt":"2019-08-27T08:10:25","guid":{"rendered":"https:\/\/vaasanluonnonravinto.fi\/?post_type=product&#038;p=8666"},"modified":"2024-08-31T14:20:17","modified_gmt":"2024-08-31T11:20:17","slug":"frantsila-manty-eteerinen-oljy-10-ml","status":"publish","type":"product","link":"https:\/\/vaasanluonnonravinto.fi\/sv\/tuote\/frantsila-manty-eteerinen-oljy-10-ml\/","title":{"rendered":"Frantsila M\u00e4nty eteerinen \u00f6ljy 10 ml"},"content":{"rendered":"","protected":false},"excerpt":{"rendered":"<p>Energisoi ja stimuloi.<\/p>\n<p>&nbsp;<\/p>\n<p>Eteerisess\u00e4 m\u00e4nty\u00f6ljyss\u00e4 on raikas ja voimakas, kuivan balsaminen, jopa t\u00e4rp\u00e4ttinen tuoksu. M\u00e4nty\u00f6ljyss\u00e4 on mets\u00e4n virkist\u00e4v\u00e4\u00e4 voimaa, joka energisoi, stimuloi ja ter\u00e4st\u00e4\u00e4 keskittymiskyky\u00e4. Antiseptinen ja desinfioiva m\u00e4nty\u00f6ljy raikastaa ja puhdistaa tehokkaasti huoneilmaa. Se avaa hengitysteit\u00e4. Runsaasti antioksidantteja sis\u00e4lt\u00e4v\u00e4 \u00f6ljy rentouttaa ja vilkastuttaa aineenvaihduntaa.\u00a0Eteerinen m\u00e4nty\u00f6ljy uutetaan kuivatislaamalla m\u00e4nnyn havuista.<\/p>\n<p>&nbsp;<\/p>\n<p>Tiesitk\u00f6, ett\u00e4 m\u00e4nty on Suomen yleisin mets\u00e4puu, joka voi el\u00e4\u00e4 yli 400-vuotiaaksi? Kest\u00e4v\u00e4t m\u00e4nnyt saattavat selviyty\u00e4 kuin ihmeen kaupalla hengiss\u00e4 useastakin mets\u00e4palosta. Amerikan alkuper\u00e4iskansat hy\u00f6dynsiv\u00e4t m\u00e4nnyn tehokkaita ominaisuuksia keripukin ehk\u00e4isyyn ja t\u00e4yttiv\u00e4t sill\u00e4 patjoja suojautuakseen t\u00e4ilt\u00e4 ja kirpuilta. M\u00e4nnyn pihkasta valmistetaan muun muassa tervaa, piki\u00f6ljy\u00e4 ja t\u00e4rp\u00e4tti\u00e4. Puun C-vitamiinipitoisia nuoria kerkki\u00e4 k\u00e4ytet\u00e4\u00e4n erilaisiin l\u00e4\u00e4kkeisiin ja rohdoksiin.<\/p>\n<p>&nbsp;<\/p>\n<p><strong>K\u00e4ytt\u00f6ohje<\/strong>: Voit k\u00e4ytt\u00e4\u00e4 eteerisi\u00e4 \u00f6ljyj\u00e4 esimerkiksi vartalo\u00f6ljyn valmistukseen. Lis\u00e4\u00e4 mieltymyksesi mukaan muutama tippa eteerist\u00e4 \u00f6ljy\u00e4 ruokalusikalliseen (noin 5 ml) neutraalia ihonhoito\u00f6ljy\u00e4. \u00d6ljyksi soveltuu hyvin esimerkiksi jojoba-\u00f6ljy. Eteerinen \u00f6ljy sopii my\u00f6s tunnelman luomiseksi esimerkiksi tuoksulyhtyyn.<\/p>\n","protected":false},"featured_media":8667,"template":"","meta":{"_acf_changed":false,"rs_blank_template":"","rs_page_bg_color":"","slide_template_v7":""},"product_brand":[],"product_cat":[55,128],"product_tag":[],"class_list":{"0":"post-8666","1":"product","2":"type-product","3":"status-publish","4":"has-post-thumbnail","6":"product_cat-erikoistuotteet","7":"product_cat-frantsila","9":"first","10":"instock","11":"taxable","12":"shipping-taxable","13":"purchasable","14":"product-type-simple"},"acf":[],"_links":{"self":[{"href":"https:\/\/vaasanluonnonravinto.fi\/sv\/wp-json\/wp\/v2\/product\/8666","targetHints":{"allow":["GET"]}}],"collection":[{"href":"https:\/\/vaasanluonnonravinto.fi\/sv\/wp-json\/wp\/v2\/product"}],"about":[{"href":"https:\/\/vaasanluonnonravinto.fi\/sv\/wp-json\/wp\/v2\/types\/product"}],"wp:featuredmedia":[{"embeddable":true,"href":"https:\/\/vaasanluonnonravinto.fi\/sv\/wp-json\/wp\/v2\/media\/8667"}],"wp:attachment":[{"href":"https:\/\/vaasanluonnonravinto.fi\/sv\/wp-json\/wp\/v2\/media?parent=8666"}],"wp:term":[{"taxonomy":"product_brand","embeddable":true,"href":"https:\/\/vaasanluonnonravinto.fi\/sv\/wp-json\/wp\/v2\/product_brand?post=8666"},{"taxonomy":"product_cat","embeddable":true,"href":"https:\/\/vaasanluonnonravinto.fi\/sv\/wp-json\/wp\/v2\/product_cat?post=8666"},{"taxonomy":"product_tag","embeddable":true,"href":"https:\/\/vaasanluonnonravinto.fi\/sv\/wp-json\/wp\/v2\/product_tag?post=8666"}],"curies":[{"name":"wp","href":"https:\/\/api.w.org\/{rel}","templated":true}]}}