{"id":8658,"date":"2019-08-27T11:06:14","date_gmt":"2019-08-27T08:06:14","guid":{"rendered":"https:\/\/vaasanluonnonravinto.fi\/?post_type=product&#038;p=8658"},"modified":"2024-08-31T14:20:58","modified_gmt":"2024-08-31T11:20:58","slug":"frantsila-sypressi-eteerinen-oljy-10-ml","status":"publish","type":"product","link":"https:\/\/vaasanluonnonravinto.fi\/sv\/tuote\/frantsila-sypressi-eteerinen-oljy-10-ml\/","title":{"rendered":"Frantsila Sypressi eteerinen \u00f6ljy 10 ml"},"content":{"rendered":"","protected":false},"excerpt":{"rendered":"<p>Lievitt\u00e4\u00e4 stressi\u00e4 ja rentouttaa.<\/p>\n<p>&nbsp;<\/p>\n<p>Sypressin eteerisess\u00e4 \u00f6ljyss\u00e4 on savuinen, makean palsaminen, pitk\u00e4\u00e4n viipyilev\u00e4 tuoksu. Sypressi\u00f6ljy tunnetaan l\u00e4mmitt\u00e4vist\u00e4 ja mielialaa nostattavista ominaisuuksistaan. Se hoitaa, puhdistaa, lievitt\u00e4\u00e4 stressi\u00e4 ja rentouttaa. Sypressi\u00f6ljyn raikas tuoksu nostattaa tuntemuksen k\u00e4velyst\u00e4 hiljaisessa kuusimets\u00e4ss\u00e4.<\/p>\n<p>&nbsp;<\/p>\n<p>Eteerinen sypressi\u00f6ljy voi auttaa rasvaisen ihon tasapainottamisessa. Se saattaa my\u00f6s palauttaa ihon kimmoisuutta esimerkiksi painonpudotuksen j\u00e4lkeen. Sypressi\u00f6ljy auttaa taistelussa selluliittia vastaan ja voi lievitt\u00e4\u00e4 nestekertymi\u00e4. Sypressi hillitsee tehokkaasti voimakkaita hajuja, ja siksi sit\u00e4 kannattaa kokeilla esimerkiksi jalkojen hikoilun hillitsemiseen.<\/p>\n<p>Sypressin eteerinen \u00f6ljy h\u00f6yrytislataan puun neulasista ja pienist\u00e4 oksista.<\/p>\n<p>Sypressipuu huokuu melankolista symboliikkaa. Sypressin kreikankielinen nimi tarkoittaa ikuisesti el\u00e4v\u00e4\u00e4. Legendan mukaan Kristuksen ristiinnaulitsemispuu oli tehty sypressipuusta. My\u00f6s eteerinen sypressi\u00f6ljy oli muinaisten sivilisaatioiden arvostama l\u00e4\u00e4ke ja suitsuketuoksu. Tiibetil\u00e4iset k\u00e4ytt\u00e4v\u00e4t sypressi\u00f6ljy\u00e4 edelleen puhdistavana tuoksuna.<\/p>\n<p>&nbsp;<\/p>\n<p><strong>K\u00e4ytt\u00f6ohje<\/strong>: Voit k\u00e4ytt\u00e4\u00e4 eteerisi\u00e4 \u00f6ljyj\u00e4 esimerkiksi vartalo\u00f6ljyn valmistukseen. Lis\u00e4\u00e4 mieltymyksesi mukaan muutama tippa eteerist\u00e4 \u00f6ljy\u00e4 ruokalusikalliseen (noin 5 ml) neutraalia ihonhoito\u00f6ljy\u00e4. \u00d6ljyksi soveltuu hyvin esimerkiksi jojoba-\u00f6ljy. Eteerinen \u00f6ljy sopii my\u00f6s tunnelman luomiseksi esimerkiksi tuoksulyhtyyn.<\/p>\n","protected":false},"featured_media":8659,"template":"","meta":{"_acf_changed":false,"rs_blank_template":"","rs_page_bg_color":"","slide_template_v7":""},"product_brand":[],"product_cat":[55,128],"product_tag":[],"class_list":{"0":"post-8658","1":"product","2":"type-product","3":"status-publish","4":"has-post-thumbnail","6":"product_cat-erikoistuotteet","7":"product_cat-frantsila","9":"first","10":"instock","11":"taxable","12":"shipping-taxable","13":"purchasable","14":"product-type-simple"},"acf":[],"_links":{"self":[{"href":"https:\/\/vaasanluonnonravinto.fi\/sv\/wp-json\/wp\/v2\/product\/8658","targetHints":{"allow":["GET"]}}],"collection":[{"href":"https:\/\/vaasanluonnonravinto.fi\/sv\/wp-json\/wp\/v2\/product"}],"about":[{"href":"https:\/\/vaasanluonnonravinto.fi\/sv\/wp-json\/wp\/v2\/types\/product"}],"wp:featuredmedia":[{"embeddable":true,"href":"https:\/\/vaasanluonnonravinto.fi\/sv\/wp-json\/wp\/v2\/media\/8659"}],"wp:attachment":[{"href":"https:\/\/vaasanluonnonravinto.fi\/sv\/wp-json\/wp\/v2\/media?parent=8658"}],"wp:term":[{"taxonomy":"product_brand","embeddable":true,"href":"https:\/\/vaasanluonnonravinto.fi\/sv\/wp-json\/wp\/v2\/product_brand?post=8658"},{"taxonomy":"product_cat","embeddable":true,"href":"https:\/\/vaasanluonnonravinto.fi\/sv\/wp-json\/wp\/v2\/product_cat?post=8658"},{"taxonomy":"product_tag","embeddable":true,"href":"https:\/\/vaasanluonnonravinto.fi\/sv\/wp-json\/wp\/v2\/product_tag?post=8658"}],"curies":[{"name":"wp","href":"https:\/\/api.w.org\/{rel}","templated":true}]}}