{"id":8654,"date":"2019-08-27T11:04:06","date_gmt":"2019-08-27T08:04:06","guid":{"rendered":"https:\/\/vaasanluonnonravinto.fi\/?post_type=product&#038;p=8654"},"modified":"2024-08-31T14:21:16","modified_gmt":"2024-08-31T11:21:16","slug":"frantsila-jasmiini-eteerinen-oljy-10-ml","status":"publish","type":"product","link":"https:\/\/vaasanluonnonravinto.fi\/sv\/tuote\/frantsila-jasmiini-eteerinen-oljy-10-ml\/","title":{"rendered":"Frantsila Jasmiini eteerinen \u00f6ljy 10 ml"},"content":{"rendered":"","protected":false},"excerpt":{"rendered":"<p>Naisellinen sensuelli kukkaistuoksu.<\/p>\n<p>&nbsp;<\/p>\n<p>Jasmiinin eteerinen \u00f6ljy on t\u00e4ytel\u00e4isen rikas ja l\u00e4mmin kukkainen tuoksu, jonka pohjas\u00e4vy tuo mieleen teen vivahteet. Se hehkuu viettelevyytt\u00e4 ja vapautunutta seksuaalista voimaa. Intensiivinen jasmiini auttaa syvent\u00e4m\u00e4\u00e4n tunteita, ja siksi sit\u00e4 k\u00e4ytet\u00e4\u00e4n my\u00f6s parisuhteen hoitoon. Jasmiini\u00f6ljy pehment\u00e4\u00e4 ihoa, stimuloi aisteja, kiihottaa seksuaalivietti\u00e4 ja kohottaa mielialaa.<\/p>\n<p>Jasmiini\u00f6ljy valmistetaan jasmiinikukan uutteesta. Kukkauute valmistetaan liuotinerottelulla, ja alkoholierottelun keinoin siit\u00e4 syntyy puhdasta ainesta. Kun puhdas aines h\u00f6yrytislataan, saadaan jasmiinin huumaavaa eteerist\u00e4 \u00f6ljy\u00e4.<\/p>\n<p>&nbsp;<\/p>\n<p>Jasmiinin kukat on poimittava \u00f6isin, sill\u00e4 jasmiinin tuoksu on auringonlaskun j\u00e4lkeen voimakkaimmillaan. Kukat levitet\u00e4\u00e4n ja j\u00e4tet\u00e4\u00e4n useaksi p\u00e4iv\u00e4ksi oliivi\u00f6ljyyn kastetulle puuvillaliinalle odottamaan aistikkaan tuoksun uuttamista. Siksi jasmiini tunnetaan my\u00f6s y\u00f6n kuningattarena.<\/p>\n<p>&nbsp;<\/p>\n<p><strong>K\u00e4ytt\u00f6ohje<\/strong>: Voit k\u00e4ytt\u00e4\u00e4 eteerisi\u00e4 \u00f6ljyj\u00e4 esimerkiksi vartalo\u00f6ljyn valmistukseen. Lis\u00e4\u00e4 mieltymyksesi mukaan muutama tippa eteerist\u00e4 \u00f6ljy\u00e4 ruokalusikalliseen (noin 5 ml) neutraalia ihonhoito\u00f6ljy\u00e4. \u00d6ljyksi soveltuu hyvin esimerkiksi jojoba-\u00f6ljy. Eteerinen \u00f6ljy sopii my\u00f6s tunnelman luomiseksi esimerkiksi tuoksulyhtyyn.<\/p>\n","protected":false},"featured_media":8655,"template":"","meta":{"_acf_changed":false,"rs_blank_template":"","rs_page_bg_color":"","slide_template_v7":""},"product_brand":[],"product_cat":[55,128],"product_tag":[],"class_list":{"0":"post-8654","1":"product","2":"type-product","3":"status-publish","4":"has-post-thumbnail","6":"product_cat-erikoistuotteet","7":"product_cat-frantsila","9":"first","10":"instock","11":"taxable","12":"shipping-taxable","13":"purchasable","14":"product-type-simple"},"acf":[],"_links":{"self":[{"href":"https:\/\/vaasanluonnonravinto.fi\/sv\/wp-json\/wp\/v2\/product\/8654","targetHints":{"allow":["GET"]}}],"collection":[{"href":"https:\/\/vaasanluonnonravinto.fi\/sv\/wp-json\/wp\/v2\/product"}],"about":[{"href":"https:\/\/vaasanluonnonravinto.fi\/sv\/wp-json\/wp\/v2\/types\/product"}],"wp:featuredmedia":[{"embeddable":true,"href":"https:\/\/vaasanluonnonravinto.fi\/sv\/wp-json\/wp\/v2\/media\/8655"}],"wp:attachment":[{"href":"https:\/\/vaasanluonnonravinto.fi\/sv\/wp-json\/wp\/v2\/media?parent=8654"}],"wp:term":[{"taxonomy":"product_brand","embeddable":true,"href":"https:\/\/vaasanluonnonravinto.fi\/sv\/wp-json\/wp\/v2\/product_brand?post=8654"},{"taxonomy":"product_cat","embeddable":true,"href":"https:\/\/vaasanluonnonravinto.fi\/sv\/wp-json\/wp\/v2\/product_cat?post=8654"},{"taxonomy":"product_tag","embeddable":true,"href":"https:\/\/vaasanluonnonravinto.fi\/sv\/wp-json\/wp\/v2\/product_tag?post=8654"}],"curies":[{"name":"wp","href":"https:\/\/api.w.org\/{rel}","templated":true}]}}