{"id":8645,"date":"2019-08-27T10:58:36","date_gmt":"2019-08-27T07:58:36","guid":{"rendered":"https:\/\/vaasanluonnonravinto.fi\/?post_type=product&#038;p=8645"},"modified":"2024-08-31T14:21:47","modified_gmt":"2024-08-31T11:21:47","slug":"frantsila-laventeli-eteerinen-oljy-10-ml","status":"publish","type":"product","link":"https:\/\/vaasanluonnonravinto.fi\/sv\/tuote\/frantsila-laventeli-eteerinen-oljy-10-ml\/","title":{"rendered":"Frantsila Laventeli eteerinen \u00f6ljy 10 ml"},"content":{"rendered":"","protected":false},"excerpt":{"rendered":"<p>Rauhoittaa mielt\u00e4 ja kehoa.<\/p>\n<p>&nbsp;<\/p>\n<p>Eteerisess\u00e4 laventeli\u00f6ljyss\u00e4 on l\u00e4p\u00e4isev\u00e4n raikas ja hedelm\u00e4inen tuoksu, josta voi aistia kamfeerimaisia vivahteita. Laventeli rauhoittaa mielt\u00e4 ja kehoa.\u00a0Jo antiikin roomalaiset hajustivat kylpyvetens\u00e4 rauhoittavalla laventelilla. Kerrotaan, ett\u00e4 laventelipelloilla ty\u00f6skentelev\u00e4t ihmiset eiv\u00e4t koskaan k\u00e4rsi p\u00e4\u00e4ns\u00e4ryst\u00e4. Laventeli tasapainottaa ailahtelevaa mielialaa, rauhoittaa mielen ennen nukkumaanmenoa ja auttaa vatsan toiminnan tasapainottamisessa. Huomioi, ett\u00e4 laventeli ei sovi jatkuvaan k\u00e4ytt\u00f6\u00f6n henkil\u00f6lle, jolla on matala verenpaine. Laventelia hy\u00f6dynnet\u00e4\u00e4n my\u00f6s rauhoittamaan tulehtunutta ihoa. Kokeile laventelia hy\u00f6nteisen pistoihin, pieniin palovammoihin tai auringonpolttamiin.<\/p>\n<p>&nbsp;<\/p>\n<p><strong>K\u00e4ytt\u00f6ohje<\/strong>: Voit k\u00e4ytt\u00e4\u00e4 eteerisi\u00e4 \u00f6ljyj\u00e4 esimerkiksi vartalo\u00f6ljyn valmistukseen. Lis\u00e4\u00e4 mieltymyksesi mukaan muutama tippa eteerist\u00e4 \u00f6ljy\u00e4 ruokalusikalliseen (noin 5 ml) neutraalia ihonhoito\u00f6ljy\u00e4. \u00d6ljyksi soveltuu hyvin esimerkiksi jojoba-\u00f6ljy. Eteerinen \u00f6ljy sopii my\u00f6s tunnelman luomiseksi esimerkiksi tuoksulyhtyyn.<\/p>\n","protected":false},"featured_media":8646,"template":"","meta":{"_acf_changed":false,"rs_blank_template":"","rs_page_bg_color":"","slide_template_v7":""},"product_brand":[],"product_cat":[55,128],"product_tag":[],"class_list":{"0":"post-8645","1":"product","2":"type-product","3":"status-publish","4":"has-post-thumbnail","6":"product_cat-erikoistuotteet","7":"product_cat-frantsila","9":"first","10":"instock","11":"taxable","12":"shipping-taxable","13":"purchasable","14":"product-type-simple"},"acf":[],"_links":{"self":[{"href":"https:\/\/vaasanluonnonravinto.fi\/sv\/wp-json\/wp\/v2\/product\/8645","targetHints":{"allow":["GET"]}}],"collection":[{"href":"https:\/\/vaasanluonnonravinto.fi\/sv\/wp-json\/wp\/v2\/product"}],"about":[{"href":"https:\/\/vaasanluonnonravinto.fi\/sv\/wp-json\/wp\/v2\/types\/product"}],"wp:featuredmedia":[{"embeddable":true,"href":"https:\/\/vaasanluonnonravinto.fi\/sv\/wp-json\/wp\/v2\/media\/8646"}],"wp:attachment":[{"href":"https:\/\/vaasanluonnonravinto.fi\/sv\/wp-json\/wp\/v2\/media?parent=8645"}],"wp:term":[{"taxonomy":"product_brand","embeddable":true,"href":"https:\/\/vaasanluonnonravinto.fi\/sv\/wp-json\/wp\/v2\/product_brand?post=8645"},{"taxonomy":"product_cat","embeddable":true,"href":"https:\/\/vaasanluonnonravinto.fi\/sv\/wp-json\/wp\/v2\/product_cat?post=8645"},{"taxonomy":"product_tag","embeddable":true,"href":"https:\/\/vaasanluonnonravinto.fi\/sv\/wp-json\/wp\/v2\/product_tag?post=8645"}],"curies":[{"name":"wp","href":"https:\/\/api.w.org\/{rel}","templated":true}]}}