{"id":8641,"date":"2019-08-27T10:54:57","date_gmt":"2019-08-27T07:54:57","guid":{"rendered":"https:\/\/vaasanluonnonravinto.fi\/?post_type=product&#038;p=8641"},"modified":"2024-08-31T14:22:07","modified_gmt":"2024-08-31T11:22:07","slug":"frantsila-petitgrain-eteerinen-oljy-10-ml","status":"publish","type":"product","link":"https:\/\/vaasanluonnonravinto.fi\/sv\/tuote\/frantsila-petitgrain-eteerinen-oljy-10-ml\/","title":{"rendered":"Frantsila Petitgrain eteerinen \u00f6ljy 10 ml"},"content":{"rendered":"","protected":false},"excerpt":{"rendered":"<p>Rauhoittaa kehoa ja mielt\u00e4.<\/p>\n<p>&nbsp;<\/p>\n<p>Eteerisess\u00e4 petitgrain-\u00f6ljyss\u00e4 on raikkaan kukkainen, sitruksinen tuoksu. Voit aistia ainutlaatuisesta tuoksusta my\u00f6s mets\u00e4isen yrttisen pohjavivahteen. Appelsiinipuusta ker\u00e4t\u00e4\u00e4n talteen monipuolisia terveytt\u00e4 ja kauneutta edist\u00e4vi\u00e4 antimia. Appelsiinin kukista saatavan nerolin ja hedelm\u00e4\u00f6ljyjen lis\u00e4ksi appelsiinipuusta saadaan hy\u00f6dyllist\u00e4 petitgrain-\u00f6ljy\u00e4. Aluksi \u00f6ljyn tislaamisessa k\u00e4ytettiin pieni\u00e4 raakoja appelsiineja. Sen my\u00f6t\u00e4 \u00f6ljy sai nimekseen petitgrain eli pieni jyv\u00e4.<\/p>\n<p>&nbsp;<\/p>\n<p>Eteerinen petitgrain-\u00f6ljy h\u00f6yrytislataan appelsiinipuun lehdist\u00e4 ja nuorista oksista. Yksi petitgrain-\u00f6ljyn arvokkaimmista ominaisuuksista on sen rasvaista ihoa ja p\u00e4\u00e4nahkaa tasapainottava vaikutus. Se auttaa my\u00f6s hillitsem\u00e4\u00e4n liiallista hikoilua. Petitgrainia on perinteisesti k\u00e4ytetty rauhoittumiseen ja pahaan oloon.<\/p>\n<p>&nbsp;<\/p>\n<p><strong>K\u00e4ytt\u00f6ohje<\/strong>: Voit k\u00e4ytt\u00e4\u00e4 eteerisi\u00e4 \u00f6ljyj\u00e4 esimerkiksi vartalo\u00f6ljyn valmistukseen. Lis\u00e4\u00e4 mieltymyksesi mukaan muutama tippa eteerist\u00e4 \u00f6ljy\u00e4 ruokalusikalliseen (noin 5 ml) neutraalia ihonhoito\u00f6ljy\u00e4. \u00d6ljyksi soveltuu hyvin esimerkiksi jojoba-\u00f6ljy. Eteerinen \u00f6ljy sopii my\u00f6s tunnelman luomiseksi esimerkiksi tuoksulyhtyyn.<\/p>\n","protected":false},"featured_media":8642,"template":"","meta":{"_acf_changed":false,"rs_blank_template":"","rs_page_bg_color":"","slide_template_v7":""},"product_brand":[],"product_cat":[55,128],"product_tag":[],"class_list":{"0":"post-8641","1":"product","2":"type-product","3":"status-publish","4":"has-post-thumbnail","6":"product_cat-erikoistuotteet","7":"product_cat-frantsila","9":"first","10":"instock","11":"taxable","12":"shipping-taxable","13":"purchasable","14":"product-type-simple"},"acf":[],"_links":{"self":[{"href":"https:\/\/vaasanluonnonravinto.fi\/sv\/wp-json\/wp\/v2\/product\/8641","targetHints":{"allow":["GET"]}}],"collection":[{"href":"https:\/\/vaasanluonnonravinto.fi\/sv\/wp-json\/wp\/v2\/product"}],"about":[{"href":"https:\/\/vaasanluonnonravinto.fi\/sv\/wp-json\/wp\/v2\/types\/product"}],"wp:featuredmedia":[{"embeddable":true,"href":"https:\/\/vaasanluonnonravinto.fi\/sv\/wp-json\/wp\/v2\/media\/8642"}],"wp:attachment":[{"href":"https:\/\/vaasanluonnonravinto.fi\/sv\/wp-json\/wp\/v2\/media?parent=8641"}],"wp:term":[{"taxonomy":"product_brand","embeddable":true,"href":"https:\/\/vaasanluonnonravinto.fi\/sv\/wp-json\/wp\/v2\/product_brand?post=8641"},{"taxonomy":"product_cat","embeddable":true,"href":"https:\/\/vaasanluonnonravinto.fi\/sv\/wp-json\/wp\/v2\/product_cat?post=8641"},{"taxonomy":"product_tag","embeddable":true,"href":"https:\/\/vaasanluonnonravinto.fi\/sv\/wp-json\/wp\/v2\/product_tag?post=8641"}],"curies":[{"name":"wp","href":"https:\/\/api.w.org\/{rel}","templated":true}]}}