{"id":8629,"date":"2019-08-27T10:47:05","date_gmt":"2019-08-27T07:47:05","guid":{"rendered":"https:\/\/vaasanluonnonravinto.fi\/?post_type=product&#038;p=8629"},"modified":"2025-03-05T14:23:30","modified_gmt":"2025-03-05T12:23:30","slug":"frantsila-roomalainen-kamomilla-eteerinen-oljy-10-ml","status":"publish","type":"product","link":"https:\/\/vaasanluonnonravinto.fi\/sv\/tuote\/frantsila-roomalainen-kamomilla-eteerinen-oljy-10-ml\/","title":{"rendered":"Frantsila Roomalainen kamomilla eteerinen \u00f6ljy 10 ml"},"content":{"rendered":"","protected":false},"excerpt":{"rendered":"<p>\u00c4rtyneen ihon ja ihottumien hoitoon.<\/p>\n<p>&nbsp;<\/p>\n<p>Roomalaisen kamomillan eteerisess\u00e4 \u00f6ljyss\u00e4 on l\u00e4mpim\u00e4n makea ja yrttinen tuoksu. Se on mielt\u00e4 ja kehoa rauhoittava tuoksu\u00f6ljy, jota arvostetaan my\u00f6s ihon hoidossa. Sekoita eteerinen kamomilla\u00f6ljy esimerkiksi ihanan tuoksuvaksi, lihaksia rentouttavaksi hieronta\u00f6ljyksi.\u00a0Roomalaisen kamomillan eteerinen \u00f6ljy on h\u00f6yrytislattu kukkivan kasvin latvuksista.<\/p>\n<p>&nbsp;<\/p>\n<p>Roomalainen kamomilla eli jalosauramo kuuluu 900-luvulta per\u00e4isin olevan yhdeks\u00e4n yrtin loitsun taianomaisiin ainesosiin. Vanhan anglosaksisen loitsun yrttisekoitusta k\u00e4ytettiin tulehdusten ja myrkytysten hoitoon sek\u00e4 pahojen voimien torjumiseen.<\/p>\n<p>Kamomillan eri variaatiot ovat edelleen l\u00e4nsimaiden suosituimpia yrttej\u00e4. Kamomillaa nautitaan mielt\u00e4 rauhoittavana teen\u00e4 ja k\u00e4ytet\u00e4\u00e4n kosmetiikassa lempe\u00e4n\u00e4 tuoksuainesosana. Tiesitk\u00f6, ett\u00e4 nimi kamomilla palautuu kreikan sanaan chamaemelum, joka tarkoittaa kirjaimellisesti maaomenaa. Roomalaisen kamomillan sulkamaisissa lehdiss\u00e4 onkin hento omenankaltainen tuoksu.<\/p>\n<p>&nbsp;<\/p>\n<p><strong>K\u00e4ytt\u00f6ohje<\/strong>: Voit k\u00e4ytt\u00e4\u00e4 eteerisi\u00e4 \u00f6ljyj\u00e4 esimerkiksi vartalo\u00f6ljyn valmistukseen. Lis\u00e4\u00e4 mieltymyksesi mukaan muutama tippa eteerist\u00e4 \u00f6ljy\u00e4 ruokalusikalliseen (noin 5 ml) neutraalia ihonhoito\u00f6ljy\u00e4. \u00d6ljyksi soveltuu hyvin esimerkiksi jojoba-\u00f6ljy. Eteerinen \u00f6ljy sopii my\u00f6s tunnelman luomiseksi esimerkiksi tuoksulyhtyyn.<\/p>\n","protected":false},"featured_media":8630,"template":"","meta":{"_acf_changed":false,"rs_blank_template":"","rs_page_bg_color":"","slide_template_v7":""},"product_brand":[],"product_cat":[55,128],"product_tag":[],"class_list":{"0":"post-8629","1":"product","2":"type-product","3":"status-publish","4":"has-post-thumbnail","6":"product_cat-erikoistuotteet","7":"product_cat-frantsila","9":"first","10":"outofstock","11":"taxable","12":"shipping-taxable","13":"purchasable","14":"product-type-simple"},"acf":[],"_links":{"self":[{"href":"https:\/\/vaasanluonnonravinto.fi\/sv\/wp-json\/wp\/v2\/product\/8629","targetHints":{"allow":["GET"]}}],"collection":[{"href":"https:\/\/vaasanluonnonravinto.fi\/sv\/wp-json\/wp\/v2\/product"}],"about":[{"href":"https:\/\/vaasanluonnonravinto.fi\/sv\/wp-json\/wp\/v2\/types\/product"}],"wp:featuredmedia":[{"embeddable":true,"href":"https:\/\/vaasanluonnonravinto.fi\/sv\/wp-json\/wp\/v2\/media\/8630"}],"wp:attachment":[{"href":"https:\/\/vaasanluonnonravinto.fi\/sv\/wp-json\/wp\/v2\/media?parent=8629"}],"wp:term":[{"taxonomy":"product_brand","embeddable":true,"href":"https:\/\/vaasanluonnonravinto.fi\/sv\/wp-json\/wp\/v2\/product_brand?post=8629"},{"taxonomy":"product_cat","embeddable":true,"href":"https:\/\/vaasanluonnonravinto.fi\/sv\/wp-json\/wp\/v2\/product_cat?post=8629"},{"taxonomy":"product_tag","embeddable":true,"href":"https:\/\/vaasanluonnonravinto.fi\/sv\/wp-json\/wp\/v2\/product_tag?post=8629"}],"curies":[{"name":"wp","href":"https:\/\/api.w.org\/{rel}","templated":true}]}}