{"id":8505,"date":"2019-08-24T15:57:17","date_gmt":"2019-08-24T12:57:17","guid":{"rendered":"https:\/\/vaasanluonnonravinto.fi\/?post_type=product&#038;p=8505"},"modified":"2024-08-31T14:24:19","modified_gmt":"2024-08-31T11:24:19","slug":"frantsila-pelargoni-eteerinen-oljy-10-ml","status":"publish","type":"product","link":"https:\/\/vaasanluonnonravinto.fi\/sv\/tuote\/frantsila-pelargoni-eteerinen-oljy-10-ml\/","title":{"rendered":"Frantsila Pelargoni eteerinen \u00f6ljy 10 ml"},"content":{"rendered":"","protected":false},"excerpt":{"rendered":"<p>Tasapainoittaa ja rauhoittaa kaikkia ihotyyppej\u00e4.<\/p>\n<p>&nbsp;<\/p>\n<p>Eteerisess\u00e4 pelargoni\u00f6ljyss\u00e4 on ruusuisen makea ja minttuinen tuoksu. Huumaava pelargonin tuoksu on erityisesti parfyymien valmistajien suosiossa. Pelargoni viilent\u00e4\u00e4 ja kosteuttaa kuivaa \u00e4rtynytt\u00e4 ihoa. Laimennettuna \u00f6ljy rauhoittaa auringonpolttamia, pehment\u00e4\u00e4 ja h\u00e4ivytt\u00e4\u00e4 arpia sek\u00e4 hillitsee hilseily\u00e4. Pelargonin tuoksu muistuttaa ruusua. Pelargoni\u00f6ljy soveltuu erityisen hyvin kypsemm\u00e4n naisen terveyden ja kauneuden hoitoon. Pelargoni\u00f6ljy elvytt\u00e4\u00e4 ja virkist\u00e4\u00e4 ihoa ja kohottaa mielialaa. Se tasapainottaa aineenvaihduntaa ja aktivoi lymfanesteiden kulkua.<\/p>\n<p>Pelargonin eteerinen \u00f6ljy h\u00f6yrytislataan lehdist\u00e4, varsista ja kukista. Afrikan etel\u00e4osasta kotoisin olevan pelargonin nimi palautuu kreikan haikaraa tarkoittavaan sanaan pelargos. Tiesitk\u00f6, ett\u00e4 erilaisia pelargonilajeja on per\u00e4ti 250. Makean tuoksuisia pelargoneja on k\u00e4ytetty hyytel\u00f6jen, siirappien ja kakkujen maustamiseen.<\/p>\n<p>&nbsp;<\/p>\n<p><strong>K\u00e4ytt\u00f6ohje<\/strong>: Voit k\u00e4ytt\u00e4\u00e4 eteerisi\u00e4 \u00f6ljyj\u00e4 esimerkiksi vartalo\u00f6ljyn valmistukseen. Lis\u00e4\u00e4 mieltymyksesi mukaan muutama tippa eteerist\u00e4 \u00f6ljy\u00e4 ruokalusikalliseen (noin 5 ml) neutraalia ihonhoito\u00f6ljy\u00e4. \u00d6ljyksi soveltuu hyvin esimerkiksi jojoba-\u00f6ljy. Eteerinen \u00f6ljy sopii my\u00f6s tunnelman luomiseksi esimerkiksi tuoksulyhtyyn.<\/p>\n","protected":false},"featured_media":8506,"template":"","meta":{"_acf_changed":false,"rs_blank_template":"","rs_page_bg_color":"","slide_template_v7":""},"product_brand":[],"product_cat":[55,128],"product_tag":[],"class_list":{"0":"post-8505","1":"product","2":"type-product","3":"status-publish","4":"has-post-thumbnail","6":"product_cat-erikoistuotteet","7":"product_cat-frantsila","9":"first","10":"instock","11":"taxable","12":"shipping-taxable","13":"purchasable","14":"product-type-simple"},"acf":[],"_links":{"self":[{"href":"https:\/\/vaasanluonnonravinto.fi\/sv\/wp-json\/wp\/v2\/product\/8505","targetHints":{"allow":["GET"]}}],"collection":[{"href":"https:\/\/vaasanluonnonravinto.fi\/sv\/wp-json\/wp\/v2\/product"}],"about":[{"href":"https:\/\/vaasanluonnonravinto.fi\/sv\/wp-json\/wp\/v2\/types\/product"}],"wp:featuredmedia":[{"embeddable":true,"href":"https:\/\/vaasanluonnonravinto.fi\/sv\/wp-json\/wp\/v2\/media\/8506"}],"wp:attachment":[{"href":"https:\/\/vaasanluonnonravinto.fi\/sv\/wp-json\/wp\/v2\/media?parent=8505"}],"wp:term":[{"taxonomy":"product_brand","embeddable":true,"href":"https:\/\/vaasanluonnonravinto.fi\/sv\/wp-json\/wp\/v2\/product_brand?post=8505"},{"taxonomy":"product_cat","embeddable":true,"href":"https:\/\/vaasanluonnonravinto.fi\/sv\/wp-json\/wp\/v2\/product_cat?post=8505"},{"taxonomy":"product_tag","embeddable":true,"href":"https:\/\/vaasanluonnonravinto.fi\/sv\/wp-json\/wp\/v2\/product_tag?post=8505"}],"curies":[{"name":"wp","href":"https:\/\/api.w.org\/{rel}","templated":true}]}}