{"id":8501,"date":"2019-08-24T15:54:56","date_gmt":"2019-08-24T12:54:56","guid":{"rendered":"https:\/\/vaasanluonnonravinto.fi\/?post_type=product&#038;p=8501"},"modified":"2024-08-31T14:24:37","modified_gmt":"2024-08-31T11:24:37","slug":"frantsila-sitruuna-eteerinen-oljy-10-ml","status":"publish","type":"product","link":"https:\/\/vaasanluonnonravinto.fi\/sv\/tuote\/frantsila-sitruuna-eteerinen-oljy-10-ml\/","title":{"rendered":"Frantsila Sitruuna eteerinen \u00f6ljy 10 ml"},"content":{"rendered":"","protected":false},"excerpt":{"rendered":"<p>Virkist\u00e4\u00e4 ja raikastaa.<\/p>\n<p>&nbsp;<\/p>\n<p>Sitruunan eteerinen \u00f6ljyss\u00e4 on kevyt ja raikas sitruksinen tuoksu. Sitruuna\u00f6ljy rauhoittaa mielt\u00e4. Siit\u00e4 voi olla apua ihon kutinan ja \u00e4rsytyksen lievitt\u00e4misess\u00e4 sek\u00e4 taistelussa selluliittia vastaan.\u00a0Sitruunan eteerinen \u00f6ljy kylm\u00e4puristetaan hedelm\u00e4n ulkokuoresta.<\/p>\n<p>&nbsp;<\/p>\n<p>Himalajalta Koillis-Intista kotoisin oleva sitruuna on yksi maailman suosituimmista sitrushedelmist\u00e4. Sitruunan kuorta ja mehua on k\u00e4ytetty laajalti monipuolisena mausteena ja l\u00e4\u00e4kinn\u00e4llisiss\u00e4 tarkoituksissa. Espanjassa ja muissa Euroopan maissa sitruunaa hy\u00f6dynnet\u00e4\u00e4n yleisrohtona. Sitruunaan k\u00e4tkeytyy runsaasti vitamiineja ja antioksidantteja. Japanilaisten tutkimusten mukaan sitruunan raikas, puhdas ja virkist\u00e4v\u00e4 tuoksu auttaa parantamaan ty\u00f6tehoa. Sitruuna tekee my\u00f6s hyv\u00e4\u00e4 ruoansulatukselle. Huomaa, ett\u00e4 muiden sitrustuoksujen tapaan sitruuna aiheuttaa iholle valoherkkyytt\u00e4. Siksi sen k\u00e4ytt\u00f6\u00e4 on v\u00e4ltett\u00e4v\u00e4 auringonvalossa.<\/p>\n<p>&nbsp;<\/p>\n<p><strong>K\u00e4ytt\u00f6ohje<\/strong>: Voit k\u00e4ytt\u00e4\u00e4 eteerisi\u00e4 \u00f6ljyj\u00e4 esimerkiksi vartalo\u00f6ljyn valmistukseen. Lis\u00e4\u00e4 mieltymyksesi mukaan muutama tippa eteerist\u00e4 \u00f6ljy\u00e4 ruokalusikalliseen (noin 5 ml) neutraalia ihonhoito\u00f6ljy\u00e4. \u00d6ljyksi soveltuu hyvin esimerkiksi jojoba-\u00f6ljy. Eteerinen \u00f6ljy sopii my\u00f6s tunnelman luomiseksi esimerkiksi tuoksulyhtyyn.<\/p>\n","protected":false},"featured_media":8502,"template":"","meta":{"_acf_changed":false,"rs_blank_template":"","rs_page_bg_color":"","slide_template_v7":""},"product_brand":[],"product_cat":[55,128],"product_tag":[],"class_list":{"0":"post-8501","1":"product","2":"type-product","3":"status-publish","4":"has-post-thumbnail","6":"product_cat-erikoistuotteet","7":"product_cat-frantsila","9":"first","10":"instock","11":"taxable","12":"shipping-taxable","13":"purchasable","14":"product-type-simple"},"acf":[],"_links":{"self":[{"href":"https:\/\/vaasanluonnonravinto.fi\/sv\/wp-json\/wp\/v2\/product\/8501","targetHints":{"allow":["GET"]}}],"collection":[{"href":"https:\/\/vaasanluonnonravinto.fi\/sv\/wp-json\/wp\/v2\/product"}],"about":[{"href":"https:\/\/vaasanluonnonravinto.fi\/sv\/wp-json\/wp\/v2\/types\/product"}],"wp:featuredmedia":[{"embeddable":true,"href":"https:\/\/vaasanluonnonravinto.fi\/sv\/wp-json\/wp\/v2\/media\/8502"}],"wp:attachment":[{"href":"https:\/\/vaasanluonnonravinto.fi\/sv\/wp-json\/wp\/v2\/media?parent=8501"}],"wp:term":[{"taxonomy":"product_brand","embeddable":true,"href":"https:\/\/vaasanluonnonravinto.fi\/sv\/wp-json\/wp\/v2\/product_brand?post=8501"},{"taxonomy":"product_cat","embeddable":true,"href":"https:\/\/vaasanluonnonravinto.fi\/sv\/wp-json\/wp\/v2\/product_cat?post=8501"},{"taxonomy":"product_tag","embeddable":true,"href":"https:\/\/vaasanluonnonravinto.fi\/sv\/wp-json\/wp\/v2\/product_tag?post=8501"}],"curies":[{"name":"wp","href":"https:\/\/api.w.org\/{rel}","templated":true}]}}