{"id":8497,"date":"2019-08-24T15:52:21","date_gmt":"2019-08-24T12:52:21","guid":{"rendered":"https:\/\/vaasanluonnonravinto.fi\/?post_type=product&#038;p=8497"},"modified":"2024-08-31T14:24:54","modified_gmt":"2024-08-31T11:24:54","slug":"frantsila-setri-eteerinen-oljy-10-ml","status":"publish","type":"product","link":"https:\/\/vaasanluonnonravinto.fi\/sv\/tuote\/frantsila-setri-eteerinen-oljy-10-ml\/","title":{"rendered":"Frantsila Setri eteerinen \u00f6ljy 10 ml"},"content":{"rendered":"","protected":false},"excerpt":{"rendered":"<p>Antiseptinen \u00f6ljy.<\/p>\n<p>&nbsp;<\/p>\n<p>Setrin eteerisess\u00e4 \u00f6ljyss\u00e4 on l\u00e4mmin, kamfeerinen pintatuoksu. Pohjas\u00e4vy on viipyilev\u00e4n makea ja mets\u00e4isen balsaminen. Raikkaalla, havumaisella tuoksulla on antiseptinen vaikutus. Setri lis\u00e4\u00e4 elinvoimaa, ter\u00e4st\u00e4\u00e4 keskittymiskyky\u00e4 ja avaa hengitysteit\u00e4. Miesten partavesiss\u00e4 setri\u00e4 k\u00e4ytet\u00e4\u00e4n ihon puhdistamiseen ja rauhoittamiseen. Setri\u00f6ljy voi auttaa rasvoittuvan hiuspohjan, hilseilyn ja ihotulehdusten hoidossa. Pari tippaa \u00f6ljyyn sekoitettuna hoitaa hiuksia ennen shampoopesua. Se puhdistaa, lievitt\u00e4\u00e4 turvotusta ja edist\u00e4\u00e4 lymfanesteiden kiertoa. Hieronta\u00f6ljyyn lis\u00e4ttyn\u00e4 setrill\u00e4 on l\u00e4mmitt\u00e4v\u00e4 vaikutus.\u00a0Setrin eteerinen \u00f6ljy h\u00f6yrytislataan setrin puusta, kannoista ja sahanpurusta.<\/p>\n<p>&nbsp;<\/p>\n<p>Libanonin setrin \u00f6ljy saattoi olla yksi ensimm\u00e4isi\u00e4 uutettuja \u00f6ljyj\u00e4. Puun tuoksu karkotti tuholaisia, kuten my\u00f6s t\u00e4m\u00e4 setri. Egyptil\u00e4iset hy\u00f6dynsiv\u00e4t setripuun \u00f6ljy\u00e4 palsamointiin, kosmetiikkaan ja parfyymeihin. Tiibetil\u00e4iset k\u00e4ytt\u00e4v\u00e4t setri\u00e4 edelleen temppelisuitsukkeissa ja perinteisess\u00e4 l\u00e4\u00e4ketieteess\u00e4.\u00a0Setri\u00f6ljy oli yksi antiikin Kreikan mitridaatti-vastamyrkyn valmistusaineista. Myrkytetyksi tulemista pel\u00e4nnyt kuningas Mithridates kehitti vastamyrkyn, jossa oli yli 40 eri rohdosta. Kuninkaan kerrotaan ottaneen vastamyrkky\u00e4 joka p\u00e4iv\u00e4 ja tulleen lopulta myrkyille vastustuskykyiseksi.<\/p>\n<p>&nbsp;<\/p>\n<p><strong>K\u00e4ytt\u00f6ohje<\/strong>: Voit k\u00e4ytt\u00e4\u00e4 eteerisi\u00e4 \u00f6ljyj\u00e4 esimerkiksi vartalo\u00f6ljyn valmistukseen. Lis\u00e4\u00e4 mieltymyksesi mukaan muutama tippa eteerist\u00e4 \u00f6ljy\u00e4 ruokalusikalliseen (noin 5 ml) neutraalia ihonhoito\u00f6ljy\u00e4. \u00d6ljyksi soveltuu hyvin esimerkiksi jojoba-\u00f6ljy. Eteerinen \u00f6ljy sopii my\u00f6s tunnelman luomiseksi esimerkiksi tuoksulyhtyyn.<\/p>\n","protected":false},"featured_media":8498,"template":"","meta":{"_acf_changed":false,"rs_blank_template":"","rs_page_bg_color":"","slide_template_v7":""},"product_brand":[],"product_cat":[55,128],"product_tag":[],"class_list":{"0":"post-8497","1":"product","2":"type-product","3":"status-publish","4":"has-post-thumbnail","6":"product_cat-erikoistuotteet","7":"product_cat-frantsila","9":"first","10":"instock","11":"taxable","12":"shipping-taxable","13":"purchasable","14":"product-type-simple"},"acf":[],"_links":{"self":[{"href":"https:\/\/vaasanluonnonravinto.fi\/sv\/wp-json\/wp\/v2\/product\/8497","targetHints":{"allow":["GET"]}}],"collection":[{"href":"https:\/\/vaasanluonnonravinto.fi\/sv\/wp-json\/wp\/v2\/product"}],"about":[{"href":"https:\/\/vaasanluonnonravinto.fi\/sv\/wp-json\/wp\/v2\/types\/product"}],"wp:featuredmedia":[{"embeddable":true,"href":"https:\/\/vaasanluonnonravinto.fi\/sv\/wp-json\/wp\/v2\/media\/8498"}],"wp:attachment":[{"href":"https:\/\/vaasanluonnonravinto.fi\/sv\/wp-json\/wp\/v2\/media?parent=8497"}],"wp:term":[{"taxonomy":"product_brand","embeddable":true,"href":"https:\/\/vaasanluonnonravinto.fi\/sv\/wp-json\/wp\/v2\/product_brand?post=8497"},{"taxonomy":"product_cat","embeddable":true,"href":"https:\/\/vaasanluonnonravinto.fi\/sv\/wp-json\/wp\/v2\/product_cat?post=8497"},{"taxonomy":"product_tag","embeddable":true,"href":"https:\/\/vaasanluonnonravinto.fi\/sv\/wp-json\/wp\/v2\/product_tag?post=8497"}],"curies":[{"name":"wp","href":"https:\/\/api.w.org\/{rel}","templated":true}]}}