{"id":8489,"date":"2019-08-24T15:48:16","date_gmt":"2019-08-24T12:48:16","guid":{"rendered":"https:\/\/vaasanluonnonravinto.fi\/?post_type=product&#038;p=8489"},"modified":"2024-08-31T14:25:25","modified_gmt":"2024-08-31T11:25:25","slug":"frantsila-mandariini-eteerinen-oljy-10-ml","status":"publish","type":"product","link":"https:\/\/vaasanluonnonravinto.fi\/sv\/tuote\/frantsila-mandariini-eteerinen-oljy-10-ml\/","title":{"rendered":"Frantsila Mandariini eteerinen \u00f6ljy 10 ml"},"content":{"rendered":"","protected":false},"excerpt":{"rendered":"<p>Ihon ihme\u00f6ljy.<\/p>\n<p>&nbsp;<\/p>\n<p>Eteerisess\u00e4 mandariini\u00f6ljyss\u00e4 on voimakkaan makea, l\u00e4hes kukkainen sitruksen tuoksu. Mandariini\u00f6ljy on aavistuksen muita sitrustuoksuja lempe\u00e4mpi. Hell\u00e4varainen mandariinin eteerinen \u00f6ljy tasapainottaa rasvaista ihoa ja auttaa taistelussa aknea vastaan. Vartalovoiteeseen tai hieronta\u00f6ljyyn sekoitettuna mandariini\u00f6ljy helpottaa raskaana olevan oloa, hoitaa raskausarpia, auttaa v\u00e4hent\u00e4m\u00e4\u00e4n selluliittia ja kiinteytt\u00e4\u00e4 ihoa esimerkiksi painonpudotuksen j\u00e4lkeen.Mandariini\u00f6ljy uutetaan kylm\u00e4puristamalla hedelm\u00e4n ulkokuoresta.<\/p>\n<p>&nbsp;<\/p>\n<p>Mandariini oli perinteinen mandariinikiinalaiselle osoitettu lahja, ja sai sen mukaan nimens\u00e4. Perinteisess\u00e4 kiinalaisessa l\u00e4\u00e4ketieteess\u00e4 kuivattuja mandariininkuoria hy\u00f6dynnettiin el\u00e4m\u00e4nenergian s\u00e4\u00e4telyyn, vatsan hyvinvointiin. Mandariini\u00f6ljy\u00e4 k\u00e4ytet\u00e4\u00e4n my\u00f6s Intian ayurveda-l\u00e4\u00e4ketieteess\u00e4 muun muassa unettomuuden, stressin ja iho-oireiden hoitoon.<\/p>\n<p>&nbsp;<\/p>\n<p><strong>K\u00e4ytt\u00f6ohje<\/strong>: Voit k\u00e4ytt\u00e4\u00e4 eteerisi\u00e4 \u00f6ljyj\u00e4 esimerkiksi vartalo\u00f6ljyn valmistukseen. Lis\u00e4\u00e4 mieltymyksesi mukaan muutama tippa eteerist\u00e4 \u00f6ljy\u00e4 ruokalusikalliseen (noin 5 ml) neutraalia ihonhoito\u00f6ljy\u00e4. \u00d6ljyksi soveltuu hyvin esimerkiksi jojoba-\u00f6ljy. Eteerinen \u00f6ljy sopii my\u00f6s tunnelman luomiseksi esimerkiksi tuoksulyhtyyn.<\/p>\n","protected":false},"featured_media":8490,"template":"","meta":{"_acf_changed":false,"rs_blank_template":"","rs_page_bg_color":"","slide_template_v7":""},"product_brand":[],"product_cat":[55,128],"product_tag":[],"class_list":{"0":"post-8489","1":"product","2":"type-product","3":"status-publish","4":"has-post-thumbnail","6":"product_cat-erikoistuotteet","7":"product_cat-frantsila","9":"first","10":"instock","11":"taxable","12":"shipping-taxable","13":"purchasable","14":"product-type-simple"},"acf":[],"_links":{"self":[{"href":"https:\/\/vaasanluonnonravinto.fi\/sv\/wp-json\/wp\/v2\/product\/8489","targetHints":{"allow":["GET"]}}],"collection":[{"href":"https:\/\/vaasanluonnonravinto.fi\/sv\/wp-json\/wp\/v2\/product"}],"about":[{"href":"https:\/\/vaasanluonnonravinto.fi\/sv\/wp-json\/wp\/v2\/types\/product"}],"wp:featuredmedia":[{"embeddable":true,"href":"https:\/\/vaasanluonnonravinto.fi\/sv\/wp-json\/wp\/v2\/media\/8490"}],"wp:attachment":[{"href":"https:\/\/vaasanluonnonravinto.fi\/sv\/wp-json\/wp\/v2\/media?parent=8489"}],"wp:term":[{"taxonomy":"product_brand","embeddable":true,"href":"https:\/\/vaasanluonnonravinto.fi\/sv\/wp-json\/wp\/v2\/product_brand?post=8489"},{"taxonomy":"product_cat","embeddable":true,"href":"https:\/\/vaasanluonnonravinto.fi\/sv\/wp-json\/wp\/v2\/product_cat?post=8489"},{"taxonomy":"product_tag","embeddable":true,"href":"https:\/\/vaasanluonnonravinto.fi\/sv\/wp-json\/wp\/v2\/product_tag?post=8489"}],"curies":[{"name":"wp","href":"https:\/\/api.w.org\/{rel}","templated":true}]}}