{"id":8485,"date":"2019-08-24T15:46:18","date_gmt":"2019-08-24T12:46:18","guid":{"rendered":"https:\/\/vaasanluonnonravinto.fi\/?post_type=product&#038;p=8485"},"modified":"2024-08-31T14:25:43","modified_gmt":"2024-08-31T11:25:43","slug":"frantsila-kataja-eteerinen-oljy-10-ml","status":"publish","type":"product","link":"https:\/\/vaasanluonnonravinto.fi\/sv\/tuote\/frantsila-kataja-eteerinen-oljy-10-ml\/","title":{"rendered":"Frantsila Kataja eteerinen \u00f6ljy 10 ml"},"content":{"rendered":"","protected":false},"excerpt":{"rendered":"<p>Voimistaa, virkist\u00e4\u00e4 ja puhdistaa.<\/p>\n<p>Eteerisess\u00e4 kataja\u00f6ljyss\u00e4 on makean raikas, mets\u00e4isen balsaminen tuoksu. Virkist\u00e4v\u00e4n raikas kataja\u00f6ljy vahvistaa oloa, tekee hyv\u00e4\u00e4 lihaksistolle ja edist\u00e4\u00e4 kehon nesteiden virtausta. Huomioi, ett\u00e4 kataja\u00f6ljy ei sovellu munuaisvauriosta k\u00e4rsiv\u00e4lle henkil\u00f6ille.\u00a0Katajan eteerinen \u00f6ljy h\u00f6yrytislataan katajanmarjoista.<\/p>\n<p>&nbsp;<\/p>\n<p>Tiesitk\u00f6, ett\u00e4 kataja voi el\u00e4\u00e4 yli tuhatvuotiaaksi? Suomen kulttuurihistoriaan yhdistyv\u00e4n havupuun marjanmaisia k\u00e4pyj\u00e4 kutsutaan katajanmarjoiksi. Kyps\u00e4t katajanmarjat ovat syv\u00e4n sinisi\u00e4. Pohjois-Euroopassa katajanmarjaa on k\u00e4ytetty sek\u00e4 mausteena ett\u00e4 parannuskeinona. Katajanmarjoja k\u00e4ytettiin muun muassa sadonkorjuun aikaan nautitun oluen maustamiseen. Katajan ajateltiin suojaavan my\u00f6s villiel\u00e4imilt\u00e4 ja pahoilta hengilt\u00e4.<\/p>\n<p>&nbsp;<\/p>\n<p><strong>K\u00e4ytt\u00f6ohje<\/strong>: K\u00e4yt\u00e4 hieronta\u00f6ljyss\u00e4 tukemaan lymfan toimintaa ja kuona-aineiden poistumista. 1 tippa 1 rkl aromaterapeuttista perus\u00f6ljy\u00e4 tai Frantsilan Kapha \u2013ayurvedista hieronta\u00f6ljyseosta kohti.<\/p>\n<p>Voit k\u00e4ytt\u00e4\u00e4 eteerisi\u00e4 \u00f6ljyj\u00e4 esimerkiksi vartalo\u00f6ljyn valmistukseen. Lis\u00e4\u00e4 mieltymyksesi mukaan muutama tippa eteerist\u00e4 \u00f6ljy\u00e4 ruokalusikalliseen (noin 5 ml) neutraalia ihonhoito\u00f6ljy\u00e4. \u00d6ljyksi soveltuu hyvin esimerkiksi jojoba-\u00f6ljy. Eteerinen \u00f6ljy sopii my\u00f6s tunnelman luomiseksi esimerkiksi tuoksulyhtyyn.<\/p>\n","protected":false},"featured_media":8486,"template":"","meta":{"_acf_changed":false,"rs_blank_template":"","rs_page_bg_color":"","slide_template_v7":""},"product_brand":[],"product_cat":[55,128],"product_tag":[],"class_list":{"0":"post-8485","1":"product","2":"type-product","3":"status-publish","4":"has-post-thumbnail","6":"product_cat-erikoistuotteet","7":"product_cat-frantsila","9":"first","10":"instock","11":"taxable","12":"shipping-taxable","13":"purchasable","14":"product-type-simple"},"acf":[],"_links":{"self":[{"href":"https:\/\/vaasanluonnonravinto.fi\/sv\/wp-json\/wp\/v2\/product\/8485","targetHints":{"allow":["GET"]}}],"collection":[{"href":"https:\/\/vaasanluonnonravinto.fi\/sv\/wp-json\/wp\/v2\/product"}],"about":[{"href":"https:\/\/vaasanluonnonravinto.fi\/sv\/wp-json\/wp\/v2\/types\/product"}],"wp:featuredmedia":[{"embeddable":true,"href":"https:\/\/vaasanluonnonravinto.fi\/sv\/wp-json\/wp\/v2\/media\/8486"}],"wp:attachment":[{"href":"https:\/\/vaasanluonnonravinto.fi\/sv\/wp-json\/wp\/v2\/media?parent=8485"}],"wp:term":[{"taxonomy":"product_brand","embeddable":true,"href":"https:\/\/vaasanluonnonravinto.fi\/sv\/wp-json\/wp\/v2\/product_brand?post=8485"},{"taxonomy":"product_cat","embeddable":true,"href":"https:\/\/vaasanluonnonravinto.fi\/sv\/wp-json\/wp\/v2\/product_cat?post=8485"},{"taxonomy":"product_tag","embeddable":true,"href":"https:\/\/vaasanluonnonravinto.fi\/sv\/wp-json\/wp\/v2\/product_tag?post=8485"}],"curies":[{"name":"wp","href":"https:\/\/api.w.org\/{rel}","templated":true}]}}