{"id":8475,"date":"2019-08-24T15:41:02","date_gmt":"2019-08-24T12:41:02","guid":{"rendered":"https:\/\/vaasanluonnonravinto.fi\/?post_type=product&#038;p=8475"},"modified":"2024-08-31T14:26:14","modified_gmt":"2024-08-31T11:26:14","slug":"frantsila-teepuu-eteerinen-oljy-10-ml","status":"publish","type":"product","link":"https:\/\/vaasanluonnonravinto.fi\/sv\/tuote\/frantsila-teepuu-eteerinen-oljy-10-ml\/","title":{"rendered":"Frantsila Teepuu eteerinen \u00f6ljy 10 ml"},"content":{"rendered":"","protected":false},"excerpt":{"rendered":"<p>Teepuun eteerisess\u00e4 \u00f6ljyss\u00e4 on l\u00e4mpim\u00e4n raikas, mausteisen kamferinen tuoksu. Teepuu on australialainen puulaji, joka eritt\u00e4\u00e4 voimakasta l\u00e4\u00e4kkeenomaista tuoksua. Teepuu on saanut nimens\u00e4 kasvin k\u00e4ytt\u00f6tavasta. Se ei suinkaan kuulu teepuihin vaan myrttikasveihin. Australian aboriginaalit ovat valmistaneet teepuun lehdist\u00e4 jo vuosisatojen ajan erilaisia vaivoja lievitt\u00e4v\u00e4\u00e4 yrttiteet\u00e4.<\/p>\n<p>&nbsp;<\/p>\n<p>Teepuu\u00f6ljyst\u00e4 voi olla apua erilaisten iho-ongelmien ja infektioiden lievitt\u00e4misess\u00e4. Aboriginaalit ovat k\u00e4ytt\u00e4neet teepuu\u00f6ljy\u00e4 muun muassa jalka- ja kynsisienen, syylien, hy\u00f6nteisten pistojen ja huuliherpeksen hoitoon. Niihin vaivoihin teepuu\u00f6ljy\u00e4 kannattaa kokeilla t\u00e4n\u00e4kin p\u00e4iv\u00e4n\u00e4. Antiseptinen teepuu\u00f6ljy saattaa rauhoittaa my\u00f6s akneihoa<\/p>\n<p>&nbsp;<\/p>\n<p><strong>K\u00e4ytt\u00f6ohje<\/strong>: Voit k\u00e4ytt\u00e4\u00e4 eteerisi\u00e4 \u00f6ljyj\u00e4 esimerkiksi vartalo\u00f6ljyn valmistukseen. Lis\u00e4\u00e4 mieltymyksesi mukaan muutama tippa eteerist\u00e4 \u00f6ljy\u00e4 ruokalusikalliseen (noin 5 ml) neutraalia ihonhoito\u00f6ljy\u00e4. \u00d6ljyksi soveltuu hyvin esimerkiksi jojoba-\u00f6ljy. Eteerinen \u00f6ljy sopii my\u00f6s tunnelman luomiseksi esimerkiksi tuoksulyhtyyn.<\/p>\n","protected":false},"featured_media":8476,"template":"","meta":{"_acf_changed":false},"product_brand":[],"product_cat":[55,128],"product_tag":[],"class_list":{"0":"post-8475","1":"product","2":"type-product","3":"status-publish","4":"has-post-thumbnail","6":"product_cat-erikoistuotteet","7":"product_cat-frantsila","9":"first","10":"instock","11":"taxable","12":"shipping-taxable","13":"purchasable","14":"product-type-simple"},"acf":[],"_links":{"self":[{"href":"https:\/\/vaasanluonnonravinto.fi\/sv\/wp-json\/wp\/v2\/product\/8475","targetHints":{"allow":["GET"]}}],"collection":[{"href":"https:\/\/vaasanluonnonravinto.fi\/sv\/wp-json\/wp\/v2\/product"}],"about":[{"href":"https:\/\/vaasanluonnonravinto.fi\/sv\/wp-json\/wp\/v2\/types\/product"}],"wp:featuredmedia":[{"embeddable":true,"href":"https:\/\/vaasanluonnonravinto.fi\/sv\/wp-json\/wp\/v2\/media\/8476"}],"wp:attachment":[{"href":"https:\/\/vaasanluonnonravinto.fi\/sv\/wp-json\/wp\/v2\/media?parent=8475"}],"wp:term":[{"taxonomy":"product_brand","embeddable":true,"href":"https:\/\/vaasanluonnonravinto.fi\/sv\/wp-json\/wp\/v2\/product_brand?post=8475"},{"taxonomy":"product_cat","embeddable":true,"href":"https:\/\/vaasanluonnonravinto.fi\/sv\/wp-json\/wp\/v2\/product_cat?post=8475"},{"taxonomy":"product_tag","embeddable":true,"href":"https:\/\/vaasanluonnonravinto.fi\/sv\/wp-json\/wp\/v2\/product_tag?post=8475"}],"curies":[{"name":"wp","href":"https:\/\/api.w.org\/{rel}","templated":true}]}}