{"id":8471,"date":"2019-08-24T15:38:11","date_gmt":"2019-08-24T12:38:11","guid":{"rendered":"https:\/\/vaasanluonnonravinto.fi\/?post_type=product&#038;p=8471"},"modified":"2024-08-31T14:26:30","modified_gmt":"2024-08-31T11:26:30","slug":"frantsila-palmarosa-eteerinen-oljy-10-ml","status":"publish","type":"product","link":"https:\/\/vaasanluonnonravinto.fi\/sv\/tuote\/frantsila-palmarosa-eteerinen-oljy-10-ml\/","title":{"rendered":"Frantsila Palmarosa eteerinen \u00f6ljy 10 ml"},"content":{"rendered":"","protected":false},"excerpt":{"rendered":"<p>Kevent\u00e4\u00e4 oloa ja kohottaa mielialaa.<\/p>\n<p>Eteerisess\u00e4 palmarosa\u00f6ljyss\u00e4 on makean kukkainen, ruusuinen tuoksu. Palmarosa tuo mieleen pelargonin huumaavat tuoksus\u00e4vyt. Palmarosa vahvistaa, kevent\u00e4\u00e4 oloa ja kohottaa mielialaa. Voimakkaasti antibakteerisena \u00f6ljyn\u00e4 se tuhoaa bakteereja. Palmarosa\u00f6ljy tasapainottaa ja kosteuttaa kaikkia ihotyyppej\u00e4, hillitsee talinerityst\u00e4, virkist\u00e4\u00e4 v\u00e4synytt\u00e4 ihoa ja silottaa pieni\u00e4 juonteita. Se hoitaa erityisen tehokkaasti kuivaa ihoa.<\/p>\n<p>&nbsp;<\/p>\n<p>Palmarosan eteerinen \u00f6ljy h\u00f6yry- tai vesitislataan tuoreesta tai kuivatusta ruohosta.\u00a0Palmarosa\u00f6ljy on aikaisemmin tunnettu my\u00f6s intialaisena tai turkkilaisena pelargoni\u00f6ljyn\u00e4. Nimet juontavat juurensa aikoihin, jolloin \u00f6ljy\u00e4 kuljetettiin laivoilla Pompejista Punaisenmeren satamiin ja edelleen Konstantinopoliin ja Bulgariaan.<\/p>\n<p>&nbsp;<\/p>\n<p><strong>K\u00e4ytt\u00f6ohje<\/strong>: Voit k\u00e4ytt\u00e4\u00e4 eteerisi\u00e4 \u00f6ljyj\u00e4 esimerkiksi vartalo\u00f6ljyn valmistukseen. Lis\u00e4\u00e4 mieltymyksesi mukaan muutama tippa eteerist\u00e4 \u00f6ljy\u00e4 ruokalusikalliseen (noin 5 ml) neutraalia ihonhoito\u00f6ljy\u00e4. \u00d6ljyksi soveltuu hyvin esimerkiksi jojoba-\u00f6ljy. Eteerinen \u00f6ljy sopii my\u00f6s tunnelman luomiseksi esimerkiksi tuoksulyhtyyn.<\/p>\n","protected":false},"featured_media":8472,"template":"","meta":{"_acf_changed":false},"product_brand":[],"product_cat":[55,128],"product_tag":[],"class_list":{"0":"post-8471","1":"product","2":"type-product","3":"status-publish","4":"has-post-thumbnail","6":"product_cat-erikoistuotteet","7":"product_cat-frantsila","9":"first","10":"instock","11":"taxable","12":"shipping-taxable","13":"purchasable","14":"product-type-simple"},"acf":[],"_links":{"self":[{"href":"https:\/\/vaasanluonnonravinto.fi\/sv\/wp-json\/wp\/v2\/product\/8471","targetHints":{"allow":["GET"]}}],"collection":[{"href":"https:\/\/vaasanluonnonravinto.fi\/sv\/wp-json\/wp\/v2\/product"}],"about":[{"href":"https:\/\/vaasanluonnonravinto.fi\/sv\/wp-json\/wp\/v2\/types\/product"}],"wp:featuredmedia":[{"embeddable":true,"href":"https:\/\/vaasanluonnonravinto.fi\/sv\/wp-json\/wp\/v2\/media\/8472"}],"wp:attachment":[{"href":"https:\/\/vaasanluonnonravinto.fi\/sv\/wp-json\/wp\/v2\/media?parent=8471"}],"wp:term":[{"taxonomy":"product_brand","embeddable":true,"href":"https:\/\/vaasanluonnonravinto.fi\/sv\/wp-json\/wp\/v2\/product_brand?post=8471"},{"taxonomy":"product_cat","embeddable":true,"href":"https:\/\/vaasanluonnonravinto.fi\/sv\/wp-json\/wp\/v2\/product_cat?post=8471"},{"taxonomy":"product_tag","embeddable":true,"href":"https:\/\/vaasanluonnonravinto.fi\/sv\/wp-json\/wp\/v2\/product_tag?post=8471"}],"curies":[{"name":"wp","href":"https:\/\/api.w.org\/{rel}","templated":true}]}}