{"id":8467,"date":"2019-08-24T15:35:45","date_gmt":"2019-08-24T12:35:45","guid":{"rendered":"https:\/\/vaasanluonnonravinto.fi\/?post_type=product&#038;p=8467"},"modified":"2024-08-31T14:26:44","modified_gmt":"2024-08-31T11:26:44","slug":"frantsila-eukalyptus-eteerinen-oljy-10-ml","status":"publish","type":"product","link":"https:\/\/vaasanluonnonravinto.fi\/sv\/tuote\/frantsila-eukalyptus-eteerinen-oljy-10-ml\/","title":{"rendered":"Frantsila Eukalyptus eteerinen \u00f6ljy 10 ml"},"content":{"rendered":"","protected":false},"excerpt":{"rendered":"<p>Virkist\u00e4\u00e4 ja rentouttaa.<\/p>\n<p>&nbsp;<\/p>\n<p>Nauti eukalyptuksen virkist\u00e4vist\u00e4 ja hengityst\u00e4 avaavista tuoksuvivahteista. Eteerisess\u00e4 eukalyptus\u00f6ljyss\u00e4 on raikkaan minttuinen, mausteisen kamfeerinen tuoksu. Eukalyptus\u00f6ljy lievitt\u00e4\u00e4 hengitystieoireita ja tukkoisuutta. \u00d6ljy toimii my\u00f6s antiseptisena aineena; se desinfioi ja raikastaa tehokkaasti huoneilmaa. Suihkuta suoraan huoneilmaan, k\u00e4yt\u00e4 h\u00f6yryhengityksess\u00e4, hauteena tai vaikka lempe\u00e4ss\u00e4 kylvyss\u00e4.<\/p>\n<p>&nbsp;<\/p>\n<p>Eukalyptuksen eteerinen \u00f6ljy h\u00f6yrytislataan eukalyptuspuun lehdist\u00e4 ja nuorista oksista.Australiasta l\u00e4ht\u00f6isin oleva eukalyptus on aboriginaalien perinteinen l\u00e4\u00e4kint\u00e4kasvi. Eukalyptuksen palavien lehtien savua on k\u00e4ytetty vuosisatojen ajan terveyden edist\u00e4miseen.<\/p>\n<p>&nbsp;<\/p>\n<p><strong>K\u00e4ytt\u00f6ohje<\/strong>: Voit k\u00e4ytt\u00e4\u00e4 eteerisi\u00e4 \u00f6ljyj\u00e4 esimerkiksi vartalo\u00f6ljyn valmistukseen. Lis\u00e4\u00e4 mieltymyksesi mukaan muutama tippa eteerist\u00e4 \u00f6ljy\u00e4 ruokalusikalliseen (noin 5 ml) neutraalia ihonhoito\u00f6ljy\u00e4. \u00d6ljyksi soveltuu hyvin esimerkiksi jojoba-\u00f6ljy. Eteerinen \u00f6ljy sopii my\u00f6s tunnelman luomiseksi esimerkiksi tuoksulyhtyyn.<\/p>\n","protected":false},"featured_media":8468,"template":"","meta":{"_acf_changed":false},"product_brand":[],"product_cat":[55,128],"product_tag":[],"class_list":{"0":"post-8467","1":"product","2":"type-product","3":"status-publish","4":"has-post-thumbnail","6":"product_cat-erikoistuotteet","7":"product_cat-frantsila","9":"first","10":"instock","11":"taxable","12":"shipping-taxable","13":"purchasable","14":"product-type-simple"},"acf":[],"_links":{"self":[{"href":"https:\/\/vaasanluonnonravinto.fi\/sv\/wp-json\/wp\/v2\/product\/8467","targetHints":{"allow":["GET"]}}],"collection":[{"href":"https:\/\/vaasanluonnonravinto.fi\/sv\/wp-json\/wp\/v2\/product"}],"about":[{"href":"https:\/\/vaasanluonnonravinto.fi\/sv\/wp-json\/wp\/v2\/types\/product"}],"wp:featuredmedia":[{"embeddable":true,"href":"https:\/\/vaasanluonnonravinto.fi\/sv\/wp-json\/wp\/v2\/media\/8468"}],"wp:attachment":[{"href":"https:\/\/vaasanluonnonravinto.fi\/sv\/wp-json\/wp\/v2\/media?parent=8467"}],"wp:term":[{"taxonomy":"product_brand","embeddable":true,"href":"https:\/\/vaasanluonnonravinto.fi\/sv\/wp-json\/wp\/v2\/product_brand?post=8467"},{"taxonomy":"product_cat","embeddable":true,"href":"https:\/\/vaasanluonnonravinto.fi\/sv\/wp-json\/wp\/v2\/product_cat?post=8467"},{"taxonomy":"product_tag","embeddable":true,"href":"https:\/\/vaasanluonnonravinto.fi\/sv\/wp-json\/wp\/v2\/product_tag?post=8467"}],"curies":[{"name":"wp","href":"https:\/\/api.w.org\/{rel}","templated":true}]}}