{"id":8463,"date":"2019-08-24T15:33:21","date_gmt":"2019-08-24T12:33:21","guid":{"rendered":"https:\/\/vaasanluonnonravinto.fi\/?post_type=product&#038;p=8463"},"modified":"2024-08-31T14:27:05","modified_gmt":"2024-08-31T11:27:05","slug":"frantsila-rosmariini-eteerinen-oljy-10-ml","status":"publish","type":"product","link":"https:\/\/vaasanluonnonravinto.fi\/sv\/tuote\/frantsila-rosmariini-eteerinen-oljy-10-ml\/","title":{"rendered":"Frantsila Rosmariini eteerinen \u00f6ljy 10 ml"},"content":{"rendered":"","protected":false},"excerpt":{"rendered":"<p>Lis\u00e4\u00e4 tarmoa ja voimistaa vatsaa.<\/p>\n<p>Eteerisess\u00e4 rosmariini\u00f6ljyss\u00e4 on voimakkaan raikas, mintun kaltainen yrttinen tuoksu. Voit aistia puhdistavasta rosmariinista my\u00f6s mets\u00e4isen balsamisen pohjas\u00e4vyn. Voimakas rosmariini\u00f6ljy vahvistaa hiuksia. Rosmariini\u00f6ljy l\u00e4mmitt\u00e4\u00e4 ja auttaa on rentouttamaan lihaksia. Huomaa, ett\u00e4 runsaasti k\u00e4ytettyn\u00e4 rosmariini saattaa nostaa verenpainetta. Rosmariinia ei suositella epilepsiaa sairastavalle.<\/p>\n<p>&nbsp;<\/p>\n<p>Rosmariinin eteerinen \u00f6ljy h\u00f6yrytislataan kasvin tuoreista kukkivista latvoista.\u00a0V\u00e4limeren seudulta per\u00e4isin oleva rosmariini kuuluu ensimm\u00e4isiin ruoanlaitossa, perinteisess\u00e4 l\u00e4\u00e4kinn\u00e4ss\u00e4 ja taioissa k\u00e4ytettyihin kasveihin. Nimi tulee latinan sanasta rosmarinus eli meren ruusu.<\/p>\n<p>&nbsp;<\/p>\n<p><strong>K\u00e4ytt\u00f6ohje<\/strong>: Voit k\u00e4ytt\u00e4\u00e4 eteerisi\u00e4 \u00f6ljyj\u00e4 esimerkiksi vartalo\u00f6ljyn valmistukseen. Lis\u00e4\u00e4 mieltymyksesi mukaan muutama tippa eteerist\u00e4 \u00f6ljy\u00e4 ruokalusikalliseen (noin 5 ml) neutraalia ihonhoito\u00f6ljy\u00e4. \u00d6ljyksi soveltuu hyvin esimerkiksi jojoba-\u00f6ljy. Eteerinen \u00f6ljy sopii my\u00f6s tunnelman luomiseksi esimerkiksi tuoksulyhtyyn.<\/p>\n","protected":false},"featured_media":8464,"template":"","meta":{"_acf_changed":false},"product_brand":[],"product_cat":[55,128],"product_tag":[],"class_list":{"0":"post-8463","1":"product","2":"type-product","3":"status-publish","4":"has-post-thumbnail","6":"product_cat-erikoistuotteet","7":"product_cat-frantsila","9":"first","10":"instock","11":"taxable","12":"shipping-taxable","13":"purchasable","14":"product-type-simple"},"acf":[],"_links":{"self":[{"href":"https:\/\/vaasanluonnonravinto.fi\/sv\/wp-json\/wp\/v2\/product\/8463","targetHints":{"allow":["GET"]}}],"collection":[{"href":"https:\/\/vaasanluonnonravinto.fi\/sv\/wp-json\/wp\/v2\/product"}],"about":[{"href":"https:\/\/vaasanluonnonravinto.fi\/sv\/wp-json\/wp\/v2\/types\/product"}],"wp:featuredmedia":[{"embeddable":true,"href":"https:\/\/vaasanluonnonravinto.fi\/sv\/wp-json\/wp\/v2\/media\/8464"}],"wp:attachment":[{"href":"https:\/\/vaasanluonnonravinto.fi\/sv\/wp-json\/wp\/v2\/media?parent=8463"}],"wp:term":[{"taxonomy":"product_brand","embeddable":true,"href":"https:\/\/vaasanluonnonravinto.fi\/sv\/wp-json\/wp\/v2\/product_brand?post=8463"},{"taxonomy":"product_cat","embeddable":true,"href":"https:\/\/vaasanluonnonravinto.fi\/sv\/wp-json\/wp\/v2\/product_cat?post=8463"},{"taxonomy":"product_tag","embeddable":true,"href":"https:\/\/vaasanluonnonravinto.fi\/sv\/wp-json\/wp\/v2\/product_tag?post=8463"}],"curies":[{"name":"wp","href":"https:\/\/api.w.org\/{rel}","templated":true}]}}