{"id":8459,"date":"2019-08-24T15:31:13","date_gmt":"2019-08-24T12:31:13","guid":{"rendered":"https:\/\/vaasanluonnonravinto.fi\/?post_type=product&#038;p=8459"},"modified":"2024-08-31T14:27:28","modified_gmt":"2024-08-31T11:27:28","slug":"frantsila-patsuli-eteerinen-oljy-10-ml","status":"publish","type":"product","link":"https:\/\/vaasanluonnonravinto.fi\/sv\/tuote\/frantsila-patsuli-eteerinen-oljy-10-ml\/","title":{"rendered":"Frantsila Patsuli eteerinen \u00f6ljy 10 ml"},"content":{"rendered":"","protected":false},"excerpt":{"rendered":"<p>Sensuelli ja miehinen tuoksu.<\/p>\n<p>Eteerisess\u00e4 patsuli\u00f6ljyss\u00e4 on makea ja rikas, yrttisen maanl\u00e4heinen tuoksu. Patsuli\u00f6ljyn tuoksus\u00e4vyt syvenev\u00e4t ajan kuluessa entisest\u00e4\u00e4n. Patsuli on rauhoittava ja vahvistava miehinen haihtuva \u00f6ljy, joka kohottaa ja tasapainottaa mielialaa. Eksoottista patsulia arvostetaan my\u00f6s sensuellina tuoksuna, joka kiihottaa seksuaalivietti\u00e4 ja auttaa vapautumaan.\u00a0Patsulin eteerinen \u00f6ljy h\u00f6yrytislataan kuivatuista, yleens\u00e4 fermentoiduista lehdist\u00e4.<\/p>\n<p>&nbsp;<\/p>\n<p>Id\u00e4ss\u00e4 patsulia k\u00e4ytet\u00e4\u00e4n yleisesti vaatteiden ja liinavaatteiden hajustamiseen. Sen on my\u00f6s uskottu ehk\u00e4isev\u00e4n tautien levi\u00e4mist\u00e4. Antiseptinen patsuli\u00f6ljy tasapainottaa rasvaista ja akneen taipuvaista ihoa. Sit\u00e4 voi k\u00e4ytt\u00e4\u00e4 muun muassa ihotulehdusten, haavojen ja sieni-infektioiden hoitoon.<\/p>\n<p>&nbsp;<\/p>\n<p><strong>K\u00e4ytt\u00f6ohje<\/strong>: Voit k\u00e4ytt\u00e4\u00e4 eteerisi\u00e4 \u00f6ljyj\u00e4 esimerkiksi vartalo\u00f6ljyn valmistukseen. Lis\u00e4\u00e4 mieltymyksesi mukaan muutama tippa eteerist\u00e4 \u00f6ljy\u00e4 ruokalusikalliseen (noin 5 ml) neutraalia ihonhoito\u00f6ljy\u00e4. \u00d6ljyksi soveltuu hyvin esimerkiksi jojoba-\u00f6ljy. Eteerinen \u00f6ljy sopii my\u00f6s tunnelman luomiseksi esimerkiksi tuoksulyhtyyn.<\/p>\n","protected":false},"featured_media":8460,"template":"","meta":{"_acf_changed":false,"rs_blank_template":"","rs_page_bg_color":"","slide_template_v7":""},"product_brand":[],"product_cat":[55,128],"product_tag":[],"class_list":{"0":"post-8459","1":"product","2":"type-product","3":"status-publish","4":"has-post-thumbnail","6":"product_cat-erikoistuotteet","7":"product_cat-frantsila","9":"first","10":"instock","11":"taxable","12":"shipping-taxable","13":"purchasable","14":"product-type-simple"},"acf":[],"_links":{"self":[{"href":"https:\/\/vaasanluonnonravinto.fi\/sv\/wp-json\/wp\/v2\/product\/8459","targetHints":{"allow":["GET"]}}],"collection":[{"href":"https:\/\/vaasanluonnonravinto.fi\/sv\/wp-json\/wp\/v2\/product"}],"about":[{"href":"https:\/\/vaasanluonnonravinto.fi\/sv\/wp-json\/wp\/v2\/types\/product"}],"wp:featuredmedia":[{"embeddable":true,"href":"https:\/\/vaasanluonnonravinto.fi\/sv\/wp-json\/wp\/v2\/media\/8460"}],"wp:attachment":[{"href":"https:\/\/vaasanluonnonravinto.fi\/sv\/wp-json\/wp\/v2\/media?parent=8459"}],"wp:term":[{"taxonomy":"product_brand","embeddable":true,"href":"https:\/\/vaasanluonnonravinto.fi\/sv\/wp-json\/wp\/v2\/product_brand?post=8459"},{"taxonomy":"product_cat","embeddable":true,"href":"https:\/\/vaasanluonnonravinto.fi\/sv\/wp-json\/wp\/v2\/product_cat?post=8459"},{"taxonomy":"product_tag","embeddable":true,"href":"https:\/\/vaasanluonnonravinto.fi\/sv\/wp-json\/wp\/v2\/product_tag?post=8459"}],"curies":[{"name":"wp","href":"https:\/\/api.w.org\/{rel}","templated":true}]}}