{"id":8455,"date":"2019-08-24T15:28:57","date_gmt":"2019-08-24T12:28:57","guid":{"rendered":"https:\/\/vaasanluonnonravinto.fi\/?post_type=product&#038;p=8455"},"modified":"2024-08-31T14:27:42","modified_gmt":"2024-08-31T11:27:42","slug":"frantsila-limetti-eteerinen-oljy-10-ml","status":"publish","type":"product","link":"https:\/\/vaasanluonnonravinto.fi\/sv\/tuote\/frantsila-limetti-eteerinen-oljy-10-ml\/","title":{"rendered":"Frantsila Limetti eteerinen \u00f6ljy 10 ml"},"content":{"rendered":"","protected":false},"excerpt":{"rendered":"<p>Energisoi ja kirkastaa ajatuksia.<\/p>\n<p>Eteerisess\u00e4 limetti\u00f6ljyss\u00e4 on raikas ja makea sitruksenkuoren tuoksu. Kevyen sitruunainen haihtuva tuoksu\u00f6ljy lis\u00e4\u00e4 henkist\u00e4 vireytt\u00e4, energisoi ja kirkastaa ajatuksia. Kosmetiikassa limetti\u00e4 k\u00e4ytet\u00e4\u00e4n rasvaisen ihon tasapainottamiseen. Limetill\u00e4 on virkist\u00e4v\u00e4 ja puhdistava vaikutus. Hieronta\u00f6ljyyn sekoitettuna limetti voi auttaa v\u00e4hent\u00e4m\u00e4\u00e4n selluliittia.Limetin raikkaat tuoksut uutetaan kylm\u00e4puristamalla hedelm\u00e4n kuoresta, raa\u2019asta hedelm\u00e4st\u00e4 tai h\u00f6yrytislaamalla kokonaisista kypsist\u00e4 murskatuista hedelmist\u00e4.<\/p>\n<p>&nbsp;<\/p>\n<p>Runsaasti C-vitamiinia sis\u00e4lt\u00e4v\u00e4\u00e4 limetti\u00e4 viljeltiin alun perin L\u00e4hi-Id\u00e4n maissa. 1800-luvulla brittimerimiehille jaettiin p\u00e4ivitt\u00e4inen annos limettimehua keripukin ehk\u00e4isemiseksi. Keripukki oli laivastolle todellinen vitsaus, sill\u00e4 merimiesten moitteeton terveys oli t\u00e4rke\u00e4\u00e4 pitkill\u00e4 merimatkoilla. Britannian laivaston merimiehet saivatkin runsaan limetinkulutuksen vuoksi lempinimen limey.<\/p>\n<p>&nbsp;<\/p>\n<p><strong>K\u00e4ytt\u00f6ohje<\/strong>: Voit k\u00e4ytt\u00e4\u00e4 eteerisi\u00e4 \u00f6ljyj\u00e4 esimerkiksi vartalo\u00f6ljyn valmistukseen. Lis\u00e4\u00e4 mieltymyksesi mukaan muutama tippa eteerist\u00e4 \u00f6ljy\u00e4 ruokalusikalliseen (noin 5 ml) neutraalia ihonhoito\u00f6ljy\u00e4. \u00d6ljyksi soveltuu hyvin esimerkiksi jojoba-\u00f6ljy. Eteerinen \u00f6ljy sopii my\u00f6s tunnelman luomiseksi esimerkiksi tuoksulyhtyyn.<\/p>\n","protected":false},"featured_media":8456,"template":"","meta":{"_acf_changed":false,"rs_blank_template":"","rs_page_bg_color":"","slide_template_v7":""},"product_brand":[],"product_cat":[55,128],"product_tag":[],"class_list":{"0":"post-8455","1":"product","2":"type-product","3":"status-publish","4":"has-post-thumbnail","6":"product_cat-erikoistuotteet","7":"product_cat-frantsila","9":"first","10":"instock","11":"taxable","12":"shipping-taxable","13":"purchasable","14":"product-type-simple"},"acf":[],"_links":{"self":[{"href":"https:\/\/vaasanluonnonravinto.fi\/sv\/wp-json\/wp\/v2\/product\/8455","targetHints":{"allow":["GET"]}}],"collection":[{"href":"https:\/\/vaasanluonnonravinto.fi\/sv\/wp-json\/wp\/v2\/product"}],"about":[{"href":"https:\/\/vaasanluonnonravinto.fi\/sv\/wp-json\/wp\/v2\/types\/product"}],"wp:featuredmedia":[{"embeddable":true,"href":"https:\/\/vaasanluonnonravinto.fi\/sv\/wp-json\/wp\/v2\/media\/8456"}],"wp:attachment":[{"href":"https:\/\/vaasanluonnonravinto.fi\/sv\/wp-json\/wp\/v2\/media?parent=8455"}],"wp:term":[{"taxonomy":"product_brand","embeddable":true,"href":"https:\/\/vaasanluonnonravinto.fi\/sv\/wp-json\/wp\/v2\/product_brand?post=8455"},{"taxonomy":"product_cat","embeddable":true,"href":"https:\/\/vaasanluonnonravinto.fi\/sv\/wp-json\/wp\/v2\/product_cat?post=8455"},{"taxonomy":"product_tag","embeddable":true,"href":"https:\/\/vaasanluonnonravinto.fi\/sv\/wp-json\/wp\/v2\/product_tag?post=8455"}],"curies":[{"name":"wp","href":"https:\/\/api.w.org\/{rel}","templated":true}]}}