{"id":8447,"date":"2019-08-24T15:24:27","date_gmt":"2019-08-24T12:24:27","guid":{"rendered":"https:\/\/vaasanluonnonravinto.fi\/?post_type=product&#038;p=8447"},"modified":"2024-08-31T14:28:17","modified_gmt":"2024-08-31T11:28:17","slug":"frantsila-appelsiini-eteerinen-oljy-10-ml","status":"publish","type":"product","link":"https:\/\/vaasanluonnonravinto.fi\/sv\/tuote\/frantsila-appelsiini-eteerinen-oljy-10-ml\/","title":{"rendered":"Frantsila Appelsiini eteerinen \u00f6ljy 10 ml"},"content":{"rendered":"","protected":false},"excerpt":{"rendered":"<p>Appelsiini antaa energiaa ja nostattaa mielialaa.<\/p>\n<p>Eteerisess\u00e4 appelsiini\u00f6ljyss\u00e4 on makean raikas ja hedelm\u00e4isen energinen tuoksu. Appelsiini\u00f6ljy l\u00e4mmitt\u00e4\u00e4, pirist\u00e4\u00e4 ja lis\u00e4\u00e4 rohkeutta, mutta samalla my\u00f6s rauhoittaa ja hillitsee stressi\u00e4. Appelsiinin eteerinen \u00f6ljy sis\u00e4lt\u00e4\u00e4 runsaasti D-limoneeni -antioksidanttia, joka edist\u00e4\u00e4 solujen uusiutumista.\u00a0Appelsiinin eteerinen \u00f6ljy kylm\u00e4puristetaan tuoreen hedelm\u00e4n kuoresta.<\/p>\n<p>&nbsp;<\/p>\n<p>Kaakkois-Aasiasta kotoisin oleva appelsiini mainitaan kiinalaisessa kirjallisuudessa jo vuonna 314 eaa. Appelsiinia onkin viljelty Kiinassa jo tuhansia vuosia. Portugalilaiset kauppiaat toivat 1400-luvulla kauppamatkoiltaan appelsiinin Eurooppaan, ja siihen ihastuttiin v\u00e4litt\u00f6m\u00e4sti. Hedelm\u00e4n alkuper\u00e4 n\u00e4kyy my\u00f6s sen nimess\u00e4: sana appelsiini koostuu kirjaimellisesti sanoista omena ja kiina eli kiinan omena.<\/p>\n<p>&nbsp;<\/p>\n<p><strong>K\u00e4ytt\u00f6ohje<\/strong>: Voit k\u00e4ytt\u00e4\u00e4 eteerisi\u00e4 \u00f6ljyj\u00e4 esimerkiksi vartalo\u00f6ljyn valmistukseen. Lis\u00e4\u00e4 mieltymyksesi mukaan muutama tippa eteerist\u00e4 \u00f6ljy\u00e4 ruokalusikalliseen (noin 5 ml) neutraalia ihonhoito\u00f6ljy\u00e4. \u00d6ljyksi soveltuu hyvin esimerkiksi jojoba-\u00f6ljy. Eteerinen \u00f6ljy sopii my\u00f6s tunnelman luomiseksi esimerkiksi tuoksulyhtyyn.<\/p>\n","protected":false},"featured_media":8448,"template":"","meta":{"_acf_changed":false},"product_brand":[],"product_cat":[55,128],"product_tag":[],"class_list":{"0":"post-8447","1":"product","2":"type-product","3":"status-publish","4":"has-post-thumbnail","6":"product_cat-erikoistuotteet","7":"product_cat-frantsila","9":"first","10":"instock","11":"taxable","12":"shipping-taxable","13":"purchasable","14":"product-type-simple"},"acf":[],"_links":{"self":[{"href":"https:\/\/vaasanluonnonravinto.fi\/sv\/wp-json\/wp\/v2\/product\/8447","targetHints":{"allow":["GET"]}}],"collection":[{"href":"https:\/\/vaasanluonnonravinto.fi\/sv\/wp-json\/wp\/v2\/product"}],"about":[{"href":"https:\/\/vaasanluonnonravinto.fi\/sv\/wp-json\/wp\/v2\/types\/product"}],"wp:featuredmedia":[{"embeddable":true,"href":"https:\/\/vaasanluonnonravinto.fi\/sv\/wp-json\/wp\/v2\/media\/8448"}],"wp:attachment":[{"href":"https:\/\/vaasanluonnonravinto.fi\/sv\/wp-json\/wp\/v2\/media?parent=8447"}],"wp:term":[{"taxonomy":"product_brand","embeddable":true,"href":"https:\/\/vaasanluonnonravinto.fi\/sv\/wp-json\/wp\/v2\/product_brand?post=8447"},{"taxonomy":"product_cat","embeddable":true,"href":"https:\/\/vaasanluonnonravinto.fi\/sv\/wp-json\/wp\/v2\/product_cat?post=8447"},{"taxonomy":"product_tag","embeddable":true,"href":"https:\/\/vaasanluonnonravinto.fi\/sv\/wp-json\/wp\/v2\/product_tag?post=8447"}],"curies":[{"name":"wp","href":"https:\/\/api.w.org\/{rel}","templated":true}]}}