{"id":8443,"date":"2019-08-24T15:22:25","date_gmt":"2019-08-24T12:22:25","guid":{"rendered":"https:\/\/vaasanluonnonravinto.fi\/?post_type=product&#038;p=8443"},"modified":"2024-08-31T14:28:33","modified_gmt":"2024-08-31T11:28:33","slug":"frantsila-neroli-eteerinen-oljy-10-ml","status":"publish","type":"product","link":"https:\/\/vaasanluonnonravinto.fi\/sv\/tuote\/frantsila-neroli-eteerinen-oljy-10-ml\/","title":{"rendered":"Frantsila Neroli eteerinen \u00f6ljy 10 ml"},"content":{"rendered":"","protected":false},"excerpt":{"rendered":"<p>Rauhoittaa mielt\u00e4 ja auttaa nukkumisessa.<\/p>\n<p>Eteerisess\u00e4 neroli\u00f6ljyss\u00e4 on raikas ja hieno tuoksu, joka t\u00e4ydentyy makean kukkaisilla rikkailla s\u00e4vyill\u00e4. Nerolin luonteenomainen tuoksu hurmaa l\u00e4mm\u00f6ll\u00e4\u00e4n. My\u00f6s appelsiinikukkana tunnettu neroli rauhoittaa mielt\u00e4, lievitt\u00e4\u00e4 pahaa oloa sek\u00e4 auttaa nukkumisessa. Ihonhoidossa neroli hidastaa ihon vanhenemista ja palauttaa sen kimmoisuutta. Eteerinen neroli\u00f6ljy virkist\u00e4\u00e4, parantaa oloa ja elvytt\u00e4\u00e4 erityisesti kypsemp\u00e4\u00e4 ihoa.\u00a0Nerolin eteerinen \u00f6ljy h\u00f6yrytislataan tuoreeltaan ker\u00e4tyist\u00e4 kukista.<\/p>\n<p>&nbsp;<\/p>\n<p>Jo muinaiset egyptil\u00e4iset arvostivat nerolin parantavia ja hoitavia ominaisuuksia. Neroli on nimetty italialaisen prinsessa Nerolan mukaan, joka k\u00e4ytti appelsiinikukan tuoksua parfyyminaan. Appelsiininkukkia saatettiin aiemmin k\u00e4ytt\u00e4\u00e4 h\u00e4\u00e4kimpuissa lievitt\u00e4m\u00e4\u00e4n tulevan h\u00e4\u00e4y\u00f6n aiheuttamaa hermostuneisuutta.<\/p>\n<p>&nbsp;<\/p>\n<p><strong>K\u00e4ytt\u00f6ohje<\/strong>: Voit k\u00e4ytt\u00e4\u00e4 eteerisi\u00e4 \u00f6ljyj\u00e4 esimerkiksi vartalo\u00f6ljyn valmistukseen. Lis\u00e4\u00e4 mieltymyksesi mukaan muutama tippa eteerist\u00e4 \u00f6ljy\u00e4 ruokalusikalliseen (noin 5 ml) neutraalia ihonhoito\u00f6ljy\u00e4. \u00d6ljyksi soveltuu hyvin esimerkiksi jojoba-\u00f6ljy. Eteerinen \u00f6ljy sopii my\u00f6s tunnelman luomiseksi esimerkiksi tuoksulyhtyyn.<\/p>\n","protected":false},"featured_media":8444,"template":"","meta":{"_acf_changed":false},"product_brand":[],"product_cat":[55,128],"product_tag":[],"class_list":{"0":"post-8443","1":"product","2":"type-product","3":"status-publish","4":"has-post-thumbnail","6":"product_cat-erikoistuotteet","7":"product_cat-frantsila","9":"first","10":"instock","11":"taxable","12":"shipping-taxable","13":"purchasable","14":"product-type-simple"},"acf":[],"_links":{"self":[{"href":"https:\/\/vaasanluonnonravinto.fi\/sv\/wp-json\/wp\/v2\/product\/8443","targetHints":{"allow":["GET"]}}],"collection":[{"href":"https:\/\/vaasanluonnonravinto.fi\/sv\/wp-json\/wp\/v2\/product"}],"about":[{"href":"https:\/\/vaasanluonnonravinto.fi\/sv\/wp-json\/wp\/v2\/types\/product"}],"wp:featuredmedia":[{"embeddable":true,"href":"https:\/\/vaasanluonnonravinto.fi\/sv\/wp-json\/wp\/v2\/media\/8444"}],"wp:attachment":[{"href":"https:\/\/vaasanluonnonravinto.fi\/sv\/wp-json\/wp\/v2\/media?parent=8443"}],"wp:term":[{"taxonomy":"product_brand","embeddable":true,"href":"https:\/\/vaasanluonnonravinto.fi\/sv\/wp-json\/wp\/v2\/product_brand?post=8443"},{"taxonomy":"product_cat","embeddable":true,"href":"https:\/\/vaasanluonnonravinto.fi\/sv\/wp-json\/wp\/v2\/product_cat?post=8443"},{"taxonomy":"product_tag","embeddable":true,"href":"https:\/\/vaasanluonnonravinto.fi\/sv\/wp-json\/wp\/v2\/product_tag?post=8443"}],"curies":[{"name":"wp","href":"https:\/\/api.w.org\/{rel}","templated":true}]}}