{"id":8431,"date":"2019-08-24T15:16:11","date_gmt":"2019-08-24T12:16:11","guid":{"rendered":"https:\/\/vaasanluonnonravinto.fi\/?post_type=product&#038;p=8431"},"modified":"2025-09-30T16:45:42","modified_gmt":"2025-09-30T13:45:42","slug":"frantsila-ruusu-eteerinen-oljy-10-ml","status":"publish","type":"product","link":"https:\/\/vaasanluonnonravinto.fi\/sv\/tuote\/frantsila-ruusu-eteerinen-oljy-10-ml\/","title":{"rendered":"Frantsila Ruusu eteerinen \u00f6ljy 10 ml"},"content":{"rendered":"","protected":false},"excerpt":{"rendered":"<p>Onnellisuuden ja rakkauden haihtuva \u00f6ljy.<\/p>\n<p>Eteerisess\u00e4 ruusu\u00f6ljyss\u00e4 on eritt\u00e4in rikas ja syv\u00e4, makean kukkainen, aavistuksen mausteinen tuoksu. Ruusu\u00f6ljy hurmaa tuoksullaan ja kohottaa mielialaa. Se elvytt\u00e4\u00e4 ihoa ja auttaa sit\u00e4 lempe\u00e4sti uusiutumaan. Ruusua arvostetaan erityisesti naisen elinvoimaa vahvistavana ja tasapainoa elvytt\u00e4v\u00e4n\u00e4 \u00f6ljyn\u00e4. Se ehk\u00e4isee ennalta ryppyj\u00e4 sek\u00e4 uudistaa ja silottaa vanhenevaa ihoa. Se rauhoittaa my\u00f6s herkk\u00e4\u00e4 couperosa-ihoa. Antiseptinen \u00f6ljy voi auttaa kuivan, \u00e4rtyneen ja tulehtuneen ihon hoidossa. Ruusun eteerinen \u00f6ljy h\u00f6yrytislataan tuoreista ter\u00e4lehdist\u00e4.\u00a0Tuote on sekoitus luomujojoba\u00f6ljy\u00e4 ja ruusun eteerist\u00e4 \u00f6ljy\u00e4.<\/p>\n<p>&nbsp;<\/p>\n<p><strong>K\u00e4ytt\u00f6ohje<\/strong>: Voit k\u00e4ytt\u00e4\u00e4 eteerisi\u00e4 \u00f6ljyj\u00e4 esimerkiksi vartalo\u00f6ljyn valmistukseen. Lis\u00e4\u00e4 mieltymyksesi mukaan muutama tippa eteerist\u00e4 \u00f6ljy\u00e4 ruokalusikalliseen (noin 5 ml) neutraalia ihonhoito\u00f6ljy\u00e4. \u00d6ljyksi soveltuu hyvin esimerkiksi jojoba-\u00f6ljy. Eteerinen \u00f6ljy sopii my\u00f6s tunnelman luomiseksi esimerkiksi tuoksulyhtyyn.<\/p>\n","protected":false},"featured_media":8432,"template":"","meta":{"_acf_changed":false},"product_brand":[],"product_cat":[55,128],"product_tag":[],"class_list":{"0":"post-8431","1":"product","2":"type-product","3":"status-publish","4":"has-post-thumbnail","6":"product_cat-erikoistuotteet","7":"product_cat-frantsila","9":"first","10":"outofstock","11":"taxable","12":"shipping-taxable","13":"purchasable","14":"product-type-simple"},"acf":[],"_links":{"self":[{"href":"https:\/\/vaasanluonnonravinto.fi\/sv\/wp-json\/wp\/v2\/product\/8431","targetHints":{"allow":["GET"]}}],"collection":[{"href":"https:\/\/vaasanluonnonravinto.fi\/sv\/wp-json\/wp\/v2\/product"}],"about":[{"href":"https:\/\/vaasanluonnonravinto.fi\/sv\/wp-json\/wp\/v2\/types\/product"}],"wp:featuredmedia":[{"embeddable":true,"href":"https:\/\/vaasanluonnonravinto.fi\/sv\/wp-json\/wp\/v2\/media\/8432"}],"wp:attachment":[{"href":"https:\/\/vaasanluonnonravinto.fi\/sv\/wp-json\/wp\/v2\/media?parent=8431"}],"wp:term":[{"taxonomy":"product_brand","embeddable":true,"href":"https:\/\/vaasanluonnonravinto.fi\/sv\/wp-json\/wp\/v2\/product_brand?post=8431"},{"taxonomy":"product_cat","embeddable":true,"href":"https:\/\/vaasanluonnonravinto.fi\/sv\/wp-json\/wp\/v2\/product_cat?post=8431"},{"taxonomy":"product_tag","embeddable":true,"href":"https:\/\/vaasanluonnonravinto.fi\/sv\/wp-json\/wp\/v2\/product_tag?post=8431"}],"curies":[{"name":"wp","href":"https:\/\/api.w.org\/{rel}","templated":true}]}}