{"id":8423,"date":"2019-08-24T15:10:42","date_gmt":"2019-08-24T12:10:42","guid":{"rendered":"https:\/\/vaasanluonnonravinto.fi\/?post_type=product&#038;p=8423"},"modified":"2024-08-31T14:29:51","modified_gmt":"2024-08-31T11:29:51","slug":"frantsila-kardemumma-eteerinen-oljy-10-ml","status":"publish","type":"product","link":"https:\/\/vaasanluonnonravinto.fi\/sv\/tuote\/frantsila-kardemumma-eteerinen-oljy-10-ml\/","title":{"rendered":"Frantsila Kardemumma eteerinen \u00f6ljy 10 ml"},"content":{"rendered":"","protected":false},"excerpt":{"rendered":"<p>Voimistaa ja tukee ruoansulatusta.<\/p>\n<p>Kardemumman eteerisess\u00e4 \u00f6ljyss\u00e4 on makean mausteinen ja l\u00e4mmitt\u00e4v\u00e4 tuoksu, jossa on mets\u00e4isen balsaminen pohjas\u00e4vy. Miellytt\u00e4v\u00e4sti l\u00e4mmitt\u00e4v\u00e4 kardemumma tukee ruuansulatusta, voimistaa, avaa hengityst\u00e4, lis\u00e4\u00e4 syljen erityst\u00e4, rentouttaa ja kohottaa mielialaa. Kardemumma\u00f6ljyst\u00e4 voi olla apua ylirasituksen oireiden ja henkisen v\u00e4symyksen lievitt\u00e4miseen. Kardemumma\u00f6ljy lis\u00e4\u00e4 my\u00f6s aistikkuutta ja seksuaalista halukkuutta.\u00a0Kardemumman eteerinen \u00f6ljy h\u00f6yrytislataan kuivista ja kypsist\u00e4 siemenist\u00e4.<\/p>\n<p>&nbsp;<\/p>\n<p>Kardemumman mustat aromaattisen makeat siemenet ovat olleet jo pitk\u00e4\u00e4n muiden muassa arabien, japanilaisten ja saksalaisten suosiossa. Muinaiset egyptil\u00e4iset pureskelivat kardemummansiemeni\u00e4 valkaistakseen hampaitansa, kreikkalaiset k\u00e4yttiv\u00e4t sit\u00e4 hajusteena. Viikingit toivat mausteiden kuningattarena tunnetun kardemumman Konstantinopolista Skandinaviaan, jossa sen suosio pit\u00e4\u00e4 edelleen pintansa.<\/p>\n<p>&nbsp;<\/p>\n<p>Kardemumma on turvallinen antiseptinen \u00f6ljy. Epilepsiasta ja syd\u00e4nvaivoista k\u00e4rsivien on kuitenkin varottava \u00f6ljyn liiallista k\u00e4ytt\u00f6\u00e4.<\/p>\n<p>&nbsp;<\/p>\n<p><strong>K\u00e4ytt\u00f6ohje<\/strong>: Voit k\u00e4ytt\u00e4\u00e4 eteerisi\u00e4 \u00f6ljyj\u00e4 esimerkiksi vartalo\u00f6ljyn valmistukseen. Lis\u00e4\u00e4 mieltymyksesi mukaan muutama tippa eteerist\u00e4 \u00f6ljy\u00e4 ruokalusikalliseen (noin 5 ml) neutraalia ihonhoito\u00f6ljy\u00e4. \u00d6ljyksi soveltuu hyvin esimerkiksi jojoba-\u00f6ljy. Eteerinen \u00f6ljy sopii my\u00f6s tunnelman luomiseksi esimerkiksi tuoksulyhtyyn.<\/p>\n","protected":false},"featured_media":8424,"template":"","meta":{"_acf_changed":false,"rs_blank_template":"","rs_page_bg_color":"","slide_template_v7":""},"product_brand":[],"product_cat":[55,128,38],"product_tag":[],"class_list":{"0":"post-8423","1":"product","2":"type-product","3":"status-publish","4":"has-post-thumbnail","6":"product_cat-erikoistuotteet","7":"product_cat-frantsila","8":"product_cat-rasvahappo-ja-oljyvalmisteet","10":"first","11":"instock","12":"taxable","13":"shipping-taxable","14":"purchasable","15":"product-type-simple"},"acf":[],"_links":{"self":[{"href":"https:\/\/vaasanluonnonravinto.fi\/sv\/wp-json\/wp\/v2\/product\/8423","targetHints":{"allow":["GET"]}}],"collection":[{"href":"https:\/\/vaasanluonnonravinto.fi\/sv\/wp-json\/wp\/v2\/product"}],"about":[{"href":"https:\/\/vaasanluonnonravinto.fi\/sv\/wp-json\/wp\/v2\/types\/product"}],"wp:featuredmedia":[{"embeddable":true,"href":"https:\/\/vaasanluonnonravinto.fi\/sv\/wp-json\/wp\/v2\/media\/8424"}],"wp:attachment":[{"href":"https:\/\/vaasanluonnonravinto.fi\/sv\/wp-json\/wp\/v2\/media?parent=8423"}],"wp:term":[{"taxonomy":"product_brand","embeddable":true,"href":"https:\/\/vaasanluonnonravinto.fi\/sv\/wp-json\/wp\/v2\/product_brand?post=8423"},{"taxonomy":"product_cat","embeddable":true,"href":"https:\/\/vaasanluonnonravinto.fi\/sv\/wp-json\/wp\/v2\/product_cat?post=8423"},{"taxonomy":"product_tag","embeddable":true,"href":"https:\/\/vaasanluonnonravinto.fi\/sv\/wp-json\/wp\/v2\/product_tag?post=8423"}],"curies":[{"name":"wp","href":"https:\/\/api.w.org\/{rel}","templated":true}]}}