{"id":8413,"date":"2019-08-24T14:56:06","date_gmt":"2019-08-24T11:56:06","guid":{"rendered":"https:\/\/vaasanluonnonravinto.fi\/?post_type=product&#038;p=8413"},"modified":"2022-01-20T14:52:44","modified_gmt":"2022-01-20T12:52:44","slug":"eskimo-3-pure-120-kaps","status":"publish","type":"product","link":"https:\/\/vaasanluonnonravinto.fi\/sv\/tuote\/eskimo-3-pure-120-kaps\/","title":{"rendered":"Eskio-3 Pure 120 kaps"},"content":{"rendered":"","protected":false},"excerpt":{"rendered":"<p>Stabiili ja luonnollinen Eskio-3 Pure nestem\u00e4inen kala\u00f6ljy sis\u00e4lt\u00e4\u00e4 runsaasti syd\u00e4men hyvinvointia yll\u00e4pit\u00e4vi\u00e4 omega-3-rasvahappoja. Nauttimalla p\u00e4ivitt\u00e4in 250 mg EPA- ja DHA-rasvahappoja saavutetaan syd\u00e4melle suotuisa vaikutus. Tarvittavan m\u00e4\u00e4r\u00e4n saat jo 1 ml Eskio-3 nestem\u00e4ist\u00e4 kala\u00f6ljyvalmistetta. Nestem\u00e4inen kala\u00f6ljy on neutraalin makuinen ja helppo nauttia. Eskio-3-tuotteet ovat Friend of The Sea -sertifioitu, eli ne t\u00e4ytt\u00e4v\u00e4t ymp\u00e4rist\u00f6yst\u00e4v\u00e4llisten kalastus- ja tuotantomenetelmien k\u00e4yt\u00f6n vaatimukset. Tuote sis\u00e4lt\u00e4\u00e4 vain GMO-vapaita aineosia.<\/p>\n<p>&nbsp;<\/p>\n<p><strong>Huom.<\/strong> sis\u00e4lt\u00e4\u00e4 kalan ainesosia. Suositeltu vuorokausiannos: 1\u20133 ml p\u00e4ivitt\u00e4in ruokailun yhteydess\u00e4. Annosm\u00e4\u00e4r\u00e4 tulee suhteuttaa ravinnoksi nautittavan kalan m\u00e4\u00e4r\u00e4\u00e4n. Suositeltavaa vuorokausiannosta ei pid\u00e4 ylitt\u00e4\u00e4.<\/p>\n<p>&nbsp;<\/p>\n<p><strong>S\u00e4ilytys:<\/strong>\u00a0Tuote s\u00e4ilytet\u00e4\u00e4n valolta suojattuna, mielell\u00e4\u00e4n pakkauslaatikossa. Avattu pullo j\u00e4\u00e4kaapissa. Lasten ulottumattomissa.<\/p>\n","protected":false},"featured_media":8414,"template":"","meta":{"_acf_changed":false},"product_brand":[],"product_cat":[29,143,38,36],"product_tag":[],"class_list":{"0":"post-8413","1":"product","2":"type-product","3":"status-publish","4":"has-post-thumbnail","6":"product_cat-lisaravinteet","7":"product_cat-midsona","8":"product_cat-rasvahappo-ja-oljyvalmisteet","9":"product_cat-vitamiinit","11":"first","12":"instock","13":"taxable","14":"shipping-taxable","15":"purchasable","16":"product-type-simple"},"acf":[],"_links":{"self":[{"href":"https:\/\/vaasanluonnonravinto.fi\/sv\/wp-json\/wp\/v2\/product\/8413","targetHints":{"allow":["GET"]}}],"collection":[{"href":"https:\/\/vaasanluonnonravinto.fi\/sv\/wp-json\/wp\/v2\/product"}],"about":[{"href":"https:\/\/vaasanluonnonravinto.fi\/sv\/wp-json\/wp\/v2\/types\/product"}],"wp:featuredmedia":[{"embeddable":true,"href":"https:\/\/vaasanluonnonravinto.fi\/sv\/wp-json\/wp\/v2\/media\/8414"}],"wp:attachment":[{"href":"https:\/\/vaasanluonnonravinto.fi\/sv\/wp-json\/wp\/v2\/media?parent=8413"}],"wp:term":[{"taxonomy":"product_brand","embeddable":true,"href":"https:\/\/vaasanluonnonravinto.fi\/sv\/wp-json\/wp\/v2\/product_brand?post=8413"},{"taxonomy":"product_cat","embeddable":true,"href":"https:\/\/vaasanluonnonravinto.fi\/sv\/wp-json\/wp\/v2\/product_cat?post=8413"},{"taxonomy":"product_tag","embeddable":true,"href":"https:\/\/vaasanluonnonravinto.fi\/sv\/wp-json\/wp\/v2\/product_tag?post=8413"}],"curies":[{"name":"wp","href":"https:\/\/api.w.org\/{rel}","templated":true}]}}