{"id":8404,"date":"2019-08-24T14:49:39","date_gmt":"2019-08-24T11:49:39","guid":{"rendered":"https:\/\/vaasanluonnonravinto.fi\/?post_type=product&#038;p=8404"},"modified":"2022-01-20T14:54:02","modified_gmt":"2022-01-20T12:54:02","slug":"eskimo-3-kids-210-ml","status":"publish","type":"product","link":"https:\/\/vaasanluonnonravinto.fi\/sv\/tuote\/eskimo-3-kids-210-ml\/","title":{"rendered":"Eskio-3 Kids 210 ml"},"content":{"rendered":"","protected":false},"excerpt":{"rendered":"<p>Eskio-3\u202fKids kala\u00f6ljy sopii 1\u201312-vuotiaille lapsille p\u00e4ivitt\u00e4iseen k\u00e4ytt\u00f6\u00f6n. Tuote sis\u00e4lt\u00e4\u00e4 runsaasti terveydelle hy\u00f6dyllisi\u00e4 omega-3-, omega-6- ja omega-9-rasvahappoja. Omega-3 rasvahapot sis\u00e4lt\u00e4v\u00e4t DHA- ja EPA-rasvahappoja, jotka yll\u00e4pit\u00e4v\u00e4t syd\u00e4men hyvinvointia. Lis\u00e4ksi Eskio Kids kala\u00f6ljy sis\u00e4lt\u00e4\u00e4 lapselle p\u00e4ivitt\u00e4in suositellun m\u00e4\u00e4r\u00e4n D-vitamiinia, joka edesauttaa luuston normaalia kehityst\u00e4. Eskio-3 Kids on lasten makuun sopiva, makunaan tuttifrutti.<\/p>\n<p>&nbsp;<\/p>\n<p><strong>Huom.<\/strong> sis\u00e4lt\u00e4\u00e4 kalan ainesosia. Eskio-3-tuotteet ovat Friend of The Sea -sertifioitu, eli ne t\u00e4ytt\u00e4v\u00e4t ymp\u00e4rist\u00f6yst\u00e4v\u00e4llisten kalastus- ja tuotantomenetelmien k\u00e4yt\u00f6n vaatimukset. Tuote sis\u00e4lt\u00e4\u00e4 vain GMO-vapaita aineosia.<\/p>\n<p>&nbsp;<\/p>\n<p><strong>Suositeltava vuorokausiannos<\/strong>:\u202f 1\u201312 vuotiaat lapset: 1 tl (5 ml) p\u00e4ivitt\u00e4in ruokailun yhteydess\u00e4. Suositeltavaa vuorokausiannosta ei pid\u00e4 ylitt\u00e4\u00e4. Ravintolis\u00e4 ei korvaa terveellist\u00e4 ja monipuolista ruokavaliota eik\u00e4 terveit\u00e4 el\u00e4m\u00e4ntapoja.<\/p>\n","protected":false},"featured_media":8405,"template":"","meta":{"_acf_changed":false,"rs_blank_template":"","rs_page_bg_color":"","slide_template_v7":""},"product_brand":[],"product_cat":[29,143,38,36],"product_tag":[],"class_list":{"0":"post-8404","1":"product","2":"type-product","3":"status-publish","4":"has-post-thumbnail","6":"product_cat-lisaravinteet","7":"product_cat-midsona","8":"product_cat-rasvahappo-ja-oljyvalmisteet","9":"product_cat-vitamiinit","11":"first","12":"instock","13":"taxable","14":"shipping-taxable","15":"purchasable","16":"product-type-simple"},"acf":[],"_links":{"self":[{"href":"https:\/\/vaasanluonnonravinto.fi\/sv\/wp-json\/wp\/v2\/product\/8404","targetHints":{"allow":["GET"]}}],"collection":[{"href":"https:\/\/vaasanluonnonravinto.fi\/sv\/wp-json\/wp\/v2\/product"}],"about":[{"href":"https:\/\/vaasanluonnonravinto.fi\/sv\/wp-json\/wp\/v2\/types\/product"}],"wp:featuredmedia":[{"embeddable":true,"href":"https:\/\/vaasanluonnonravinto.fi\/sv\/wp-json\/wp\/v2\/media\/8405"}],"wp:attachment":[{"href":"https:\/\/vaasanluonnonravinto.fi\/sv\/wp-json\/wp\/v2\/media?parent=8404"}],"wp:term":[{"taxonomy":"product_brand","embeddable":true,"href":"https:\/\/vaasanluonnonravinto.fi\/sv\/wp-json\/wp\/v2\/product_brand?post=8404"},{"taxonomy":"product_cat","embeddable":true,"href":"https:\/\/vaasanluonnonravinto.fi\/sv\/wp-json\/wp\/v2\/product_cat?post=8404"},{"taxonomy":"product_tag","embeddable":true,"href":"https:\/\/vaasanluonnonravinto.fi\/sv\/wp-json\/wp\/v2\/product_tag?post=8404"}],"curies":[{"name":"wp","href":"https:\/\/api.w.org\/{rel}","templated":true}]}}