{"id":8388,"date":"2019-08-24T14:35:47","date_gmt":"2019-08-24T11:35:47","guid":{"rendered":"https:\/\/vaasanluonnonravinto.fi\/?post_type=product&#038;p=8388"},"modified":"2021-11-16T14:42:27","modified_gmt":"2021-11-16T12:42:27","slug":"movo-200-g","status":"publish","type":"product","link":"https:\/\/vaasanluonnonravinto.fi\/sv\/tuote\/movo-200-g\/","title":{"rendered":"Movo 200 g"},"content":{"rendered":"<p>MOVO sis\u00e4lt\u00e4\u00e4 tanskalaisen Hyben Vitalin tunnettua ruusunmarjaa, jonka patentoitu kuivatusprosessi s\u00e4ilytt\u00e4\u00e4 ruusunmarjan luonnollisen C-vitamiinin. C-vitamiini auttaa s\u00e4ilytt\u00e4m\u00e4\u00e4n nivelten normaalin liikkuvuuden, ja sen antioksidantit edist\u00e4v\u00e4t solujen suojaamista hapettumisstressilt\u00e4. Gluteeniton MOVO on 100% luonnollinen, se sis\u00e4lt\u00e4\u00e4 koko ruusunmarjan \u2013 tuotannossa ei lis\u00e4t\u00e4 mit\u00e4\u00e4n, eik\u00e4 mit\u00e4\u00e4n oteta pois.<\/p>\n<p>&nbsp;<\/p>\n<p><strong>Suositeltu vuorokausiannos<\/strong>: 1\u20132 mitallista p\u00e4iv\u00e4ss\u00e4. Mittalusikka tulee pakkauksen mukana.<\/p>\n<p>&nbsp;<\/p>\n<p>Suositeltua vuorokausiannosta ei saa ylitt\u00e4\u00e4. Ravintolis\u00e4 ei korvaa terveellist\u00e4 ja monipuolista ruokavaliota, eik\u00e4 terveellisi\u00e4 el\u00e4m\u00e4ntapoja.<\/p>\n<p>&nbsp;<\/p>\n<p><strong>S\u00e4ilytys<\/strong>: Huoneenl\u00e4mm\u00f6ss\u00e4, lasten ulottumattomissa.<\/p>\n","protected":false},"excerpt":{"rendered":"<p>MOVO sis\u00e4lt\u00e4\u00e4 tanskalaisen Hyben Vitalin tunnettua ruusunmarjaa, joka auttaa s\u00e4ilytt\u00e4m\u00e4\u00e4n nivelten liikkuvuuden. MOVOn sis\u00e4lt\u00e4m\u00e4n ruusunmarjan tarina alkoi, kun tanskalainen maanviljelij\u00e4 Erik Hansen s\u00f6i ruusunmarjoja omasta puutarhastaan Langelandissa p\u00e4ivitt\u00e4in koko kes\u00e4kauden ajan. H\u00e4n huomasi ruusunmarjojen vaikuttavan positiivisesti omiin ik\u00e4\u00e4ntyviin niveliins\u00e4. Voidakseen hy\u00f6dynt\u00e4\u00e4 ruusunmarjoja ruokavalionsa tukena l\u00e4pi vuoden Erik alkoi kehitt\u00e4\u00e4 hienovaraista kuivatustekniikkaa, joka s\u00e4ilytt\u00e4isi ruusunmarjan erinomaiset ominaisuudet nivelille.<\/p>\n<p>&nbsp;<\/p>\n<p>Erik jakoi ruusunmarjajauhettaan l\u00e4hipiirilleen, ja sen k\u00e4ytt\u00e4j\u00e4kunta laajeni. Lopulta Erik otti yhteytt\u00e4 tutkijaryhm\u00e4\u00e4n, joka alkoi tutkia ruusunmarjan hy\u00f6ty\u00e4 nivelten terveydelle. Kahden vuoden tutkimuksen j\u00e4lkeen tunnistettiin ruusunmarjajauheessa oleva galaktolipidi jonka nimeksi annettiin GOPO\u00ae. Viimeisten 20 vuoden aikana ruusunmarjajauhetta on tutkittu lukuisia kertoja, ja kaikki tutkimukset tukevat Erik Hansenin v\u00e4itett\u00e4 ruusunmarjojen nivelten terveytt\u00e4 edist\u00e4v\u00e4st\u00e4 vaikutuksesta. MOVO-tuotteet valmistetaan samoista Langelandin ruusunmarjoista, joita Erik k\u00e4ytti. Muita ruusunmarjoja ei valmistuksessa sallita. Patentoitu ruusunmarjan kuivatusprosessi auttaa s\u00e4ilytt\u00e4m\u00e4\u00e4n ruusunmarjan luonnollisen C-vitamiinin, joka edist\u00e4\u00e4 kehon luontaista kollageenin muodostumista. Kollageeni auttaa s\u00e4ilytt\u00e4m\u00e4\u00e4n nivelten liikkuvuutta. C-vitamiini on my\u00f6s t\u00e4rke\u00e4 antioksidantti edist\u00e4en solujen suojaamista hapettumisstressilt\u00e4. MOVO on 100% luonnollinen, se sis\u00e4lt\u00e4\u00e4 koko ruusunmarjan \u2013 tuotannossa ei lis\u00e4t\u00e4 mit\u00e4\u00e4n, eik\u00e4 mit\u00e4\u00e4n oteta pois.<\/p>\n","protected":false},"featured_media":8389,"template":"","meta":{"_acf_changed":false,"rs_blank_template":"","rs_page_bg_color":"","slide_template_v7":""},"product_brand":[],"product_cat":[61,29,143],"product_tag":[],"class_list":{"0":"post-8388","1":"product","2":"type-product","3":"status-publish","4":"has-post-thumbnail","6":"product_cat-lihakset-ja-luusto","7":"product_cat-lisaravinteet","8":"product_cat-midsona","10":"first","11":"instock","12":"taxable","13":"shipping-taxable","14":"purchasable","15":"product-type-simple"},"acf":[],"_links":{"self":[{"href":"https:\/\/vaasanluonnonravinto.fi\/sv\/wp-json\/wp\/v2\/product\/8388","targetHints":{"allow":["GET"]}}],"collection":[{"href":"https:\/\/vaasanluonnonravinto.fi\/sv\/wp-json\/wp\/v2\/product"}],"about":[{"href":"https:\/\/vaasanluonnonravinto.fi\/sv\/wp-json\/wp\/v2\/types\/product"}],"wp:featuredmedia":[{"embeddable":true,"href":"https:\/\/vaasanluonnonravinto.fi\/sv\/wp-json\/wp\/v2\/media\/8389"}],"wp:attachment":[{"href":"https:\/\/vaasanluonnonravinto.fi\/sv\/wp-json\/wp\/v2\/media?parent=8388"}],"wp:term":[{"taxonomy":"product_brand","embeddable":true,"href":"https:\/\/vaasanluonnonravinto.fi\/sv\/wp-json\/wp\/v2\/product_brand?post=8388"},{"taxonomy":"product_cat","embeddable":true,"href":"https:\/\/vaasanluonnonravinto.fi\/sv\/wp-json\/wp\/v2\/product_cat?post=8388"},{"taxonomy":"product_tag","embeddable":true,"href":"https:\/\/vaasanluonnonravinto.fi\/sv\/wp-json\/wp\/v2\/product_tag?post=8388"}],"curies":[{"name":"wp","href":"https:\/\/api.w.org\/{rel}","templated":true}]}}