{"id":8384,"date":"2019-08-24T14:30:27","date_gmt":"2019-08-24T11:30:27","guid":{"rendered":"https:\/\/vaasanluonnonravinto.fi\/?post_type=product&#038;p=8384"},"modified":"2020-09-14T16:35:19","modified_gmt":"2020-09-14T13:35:19","slug":"mivitotal-sport1000-ml","status":"publish","type":"product","link":"https:\/\/vaasanluonnonravinto.fi\/sv\/tuote\/mivitotal-sport1000-ml\/","title":{"rendered":"Mivitotal Sport 1000 ml"},"content":{"rendered":"","protected":false},"excerpt":{"rendered":"<p>Mivitotal Sport on uusi nestem\u00e4inen, helposti nautittava vitamiini- kivenn\u00e4isainevalmiste aktiivisesti liikkuville.<\/p>\n<p>&nbsp;<\/p>\n<p>Mivitotal Sport sis\u00e4lt\u00e4\u00e4 mm. magnesiumia joka edist\u00e4\u00e4 lihasten normaalia toimintaa. Aminohapot t\u00e4ydent\u00e4v\u00e4t monipuolista valmistetta. Mivitotal Sport sis\u00e4lt\u00e4\u00e4 nestem\u00e4isess\u00e4 muodossa 12 vitamiinia, 6 kivenn\u00e4isainetta, aminohappoja, koentsyymi Q10:a ja sitrusbioflavonoideja. Suositeltu vuorokausiannos: 2 rkl (30 ml) p\u00e4iv\u00e4ss\u00e4 aterian yhteydess\u00e4. Suositeltua vuorokausiannosta ei saa ylitt\u00e4\u00e4. Ravintolis\u00e4 ei korvaa terveellist\u00e4 ja monipuolista ruokavalioita, eik\u00e4 terveellisi\u00e4 el\u00e4m\u00e4ntapoja.<\/p>\n<p>&nbsp;<\/p>\n<p><strong>Suositeltu vuorokausiannos<\/strong>: 2 rkl (30 ml) p\u00e4iv\u00e4ss\u00e4 aterian yhteydess\u00e4. Suositeltua vuorokausiannosta ei saa ylitt\u00e4\u00e4. Ravintolis\u00e4 ei korvaa terveellist\u00e4 ja monipuolista ruokavalioita, eik\u00e4 terveellisi\u00e4 el\u00e4m\u00e4ntapoja.<\/p>\n","protected":false},"featured_media":8385,"template":"","meta":{"_acf_changed":false},"product_brand":[],"product_cat":[37,29,143,36],"product_tag":[],"class_list":{"0":"post-8384","1":"product","2":"type-product","3":"status-publish","4":"has-post-thumbnail","6":"product_cat-kivennaisvalmisteet","7":"product_cat-lisaravinteet","8":"product_cat-midsona","9":"product_cat-vitamiinit","11":"first","12":"instock","13":"taxable","14":"shipping-taxable","15":"purchasable","16":"product-type-simple"},"acf":[],"_links":{"self":[{"href":"https:\/\/vaasanluonnonravinto.fi\/sv\/wp-json\/wp\/v2\/product\/8384","targetHints":{"allow":["GET"]}}],"collection":[{"href":"https:\/\/vaasanluonnonravinto.fi\/sv\/wp-json\/wp\/v2\/product"}],"about":[{"href":"https:\/\/vaasanluonnonravinto.fi\/sv\/wp-json\/wp\/v2\/types\/product"}],"wp:featuredmedia":[{"embeddable":true,"href":"https:\/\/vaasanluonnonravinto.fi\/sv\/wp-json\/wp\/v2\/media\/8385"}],"wp:attachment":[{"href":"https:\/\/vaasanluonnonravinto.fi\/sv\/wp-json\/wp\/v2\/media?parent=8384"}],"wp:term":[{"taxonomy":"product_brand","embeddable":true,"href":"https:\/\/vaasanluonnonravinto.fi\/sv\/wp-json\/wp\/v2\/product_brand?post=8384"},{"taxonomy":"product_cat","embeddable":true,"href":"https:\/\/vaasanluonnonravinto.fi\/sv\/wp-json\/wp\/v2\/product_cat?post=8384"},{"taxonomy":"product_tag","embeddable":true,"href":"https:\/\/vaasanluonnonravinto.fi\/sv\/wp-json\/wp\/v2\/product_tag?post=8384"}],"curies":[{"name":"wp","href":"https:\/\/api.w.org\/{rel}","templated":true}]}}