{"id":8379,"date":"2019-08-24T14:29:47","date_gmt":"2019-08-24T11:29:47","guid":{"rendered":"https:\/\/vaasanluonnonravinto.fi\/?post_type=product&#038;p=8379"},"modified":"2020-09-14T16:35:19","modified_gmt":"2020-09-14T13:35:19","slug":"mivitotal-1000-ml","status":"publish","type":"product","link":"https:\/\/vaasanluonnonravinto.fi\/sv\/tuote\/mivitotal-1000-ml\/","title":{"rendered":"Mivitotal Plus 1000 ml"},"content":{"rendered":"","protected":false},"excerpt":{"rendered":"<p>Mivitotal\u00ae Plus on nestem\u00e4inen vitamiini- ja kivenn\u00e4isainevalmiste koko perheelle 3-vuotiaasta l\u00e4htien. Mivitotal\u00ae Plus sis\u00e4lt\u00e4\u00e4 muun muassa C-vitamiinia, E-vitamiinia, riboflaviinia ja seleeni\u00e4, jotka auttavat suojaamaan soluja hapettumisstressilt\u00e4. Lis\u00e4ksi C-vitamiini auttaa v\u00e4hent\u00e4m\u00e4\u00e4n v\u00e4symyst\u00e4 ja uupumusta.<\/p>\n<p>&nbsp;<\/p>\n<p><strong>Suositeltu vuorokausiannos<\/strong>: Aikuisille\u202f1\u202frkl (15 ml) kaksi kertaa p\u00e4iv\u00e4ss\u00e4. Yli 12-vuotiaille lapsille 1 rkl (15 ml)\u202fkerran p\u00e4iv\u00e4ss\u00e4. Yli 3-vuotiaille lapsille 1 tl (5 ml) kerran p\u00e4iv\u00e4ss\u00e4. Nautitaan ruokailun yhteydess\u00e4. Ravistettava ennen k\u00e4ytt\u00f6\u00e4. Voidaan sekoittaa veteen tai mehuun maun laimentamiseksi. Suositeltua vuorokausiannosta ei saa\u202fylitt\u00e4\u00e4.<\/p>\n<p>&nbsp;<\/p>\n<p>Ravintolis\u00e4 ei korvaa terveellist\u00e4 ja monipuolista ruokavaliota, eik\u00e4 terveellisi\u00e4 el\u00e4m\u00e4ntapoja.<\/p>\n","protected":false},"featured_media":8380,"template":"","meta":{"_acf_changed":false},"product_brand":[],"product_cat":[37,29,143,36],"product_tag":[],"class_list":{"0":"post-8379","1":"product","2":"type-product","3":"status-publish","4":"has-post-thumbnail","6":"product_cat-kivennaisvalmisteet","7":"product_cat-lisaravinteet","8":"product_cat-midsona","9":"product_cat-vitamiinit","11":"first","12":"instock","13":"taxable","14":"shipping-taxable","15":"purchasable","16":"product-type-simple"},"acf":[],"_links":{"self":[{"href":"https:\/\/vaasanluonnonravinto.fi\/sv\/wp-json\/wp\/v2\/product\/8379","targetHints":{"allow":["GET"]}}],"collection":[{"href":"https:\/\/vaasanluonnonravinto.fi\/sv\/wp-json\/wp\/v2\/product"}],"about":[{"href":"https:\/\/vaasanluonnonravinto.fi\/sv\/wp-json\/wp\/v2\/types\/product"}],"wp:featuredmedia":[{"embeddable":true,"href":"https:\/\/vaasanluonnonravinto.fi\/sv\/wp-json\/wp\/v2\/media\/8380"}],"wp:attachment":[{"href":"https:\/\/vaasanluonnonravinto.fi\/sv\/wp-json\/wp\/v2\/media?parent=8379"}],"wp:term":[{"taxonomy":"product_brand","embeddable":true,"href":"https:\/\/vaasanluonnonravinto.fi\/sv\/wp-json\/wp\/v2\/product_brand?post=8379"},{"taxonomy":"product_cat","embeddable":true,"href":"https:\/\/vaasanluonnonravinto.fi\/sv\/wp-json\/wp\/v2\/product_cat?post=8379"},{"taxonomy":"product_tag","embeddable":true,"href":"https:\/\/vaasanluonnonravinto.fi\/sv\/wp-json\/wp\/v2\/product_tag?post=8379"}],"curies":[{"name":"wp","href":"https:\/\/api.w.org\/{rel}","templated":true}]}}