{"id":8371,"date":"2019-08-24T14:19:39","date_gmt":"2019-08-24T11:19:39","guid":{"rendered":"https:\/\/vaasanluonnonravinto.fi\/?post_type=product&#038;p=8371"},"modified":"2026-05-15T06:37:09","modified_gmt":"2026-05-15T03:37:09","slug":"midsona-efamol-1000-mg-120-kaps","status":"publish","type":"product","link":"https:\/\/vaasanluonnonravinto.fi\/sv\/tuote\/midsona-efamol-1000-mg-120-kaps\/","title":{"rendered":"Midsona Efamol 1000 mg 120 kaps"},"content":{"rendered":"","protected":false},"excerpt":{"rendered":"<p>Terve ja kaunis iho tarvitsee huolenpitoa ja ravintoa kaiken ik\u00e4\u00e4. Ravintolis\u00e4 Efamol sis\u00e4lt\u00e4\u00e4 gammalinoleenihappoa eli GLA:ta ja E-vitamiinia ihon hyvinvointiin. GLA saadaan patentoidusta Rigel- helokkilajikkeesta, jonka GLA-pitoisuus on poikkeuksellisen korkea. Rigel-lajike on patentoitu vain Efamolin k\u00e4ytt\u00f6\u00f6n.<\/p>\n<p>&nbsp;<\/p>\n<p><strong>Efamol-tuotteiden laadun takeena ovat<\/strong>:<\/p>\n<ul>\n<li>Patentoitu Rigel-helokki\u00f6ljylajike, jonka GLA-pitoisuus on poikkeuksellisen korkea, 33 % enemm\u00e4n GLA:ta kuin vastaavissa tuotteissa \u2013 rikkaampi \u00f6ljy tarkoittaa pienemp\u00e4\u00e4 p\u00e4iv\u00e4annosta.<\/li>\n<li>Teho osoitettu yli 300 kliinisell\u00e4 tutkimuksella.<\/li>\n<li>Farmaseuttinen laatu, valmistus GMP:n mukaisesti (L\u00e4\u00e4kkeiden hyv\u00e4t tuotantotavat: Good Manufacturing Practises).<\/li>\n<li>Helokkikasvin tarkasti kontrolloitu sopimusviljely.<\/li>\n<\/ul>\n<p>&nbsp;<\/p>\n<p>Vakioitu koostumus: jokainen kapseli sis\u00e4lt\u00e4\u00e4 1000 mg Rigel-helokki\u00f6ljy\u00e4, josta GLA:ta 115 mg ja GLA:n vaikutusta tehostavaa E-vitamiinia 10 mg.<br \/>\nJo vuosikymmeni\u00e4 naiset ymp\u00e4ri maailman ovat luottaneet vahvaan Rigel-helokki\u00f6ljyyn.<\/p>\n<p>Luonnonmukainen; \u00f6ljy s\u00e4ilyy samanlaisena kuin se on siemeness\u00e4 ilman kemiallista puhdistamista tai jatkojalostusta.<\/p>\n<p>Muun muassa Kanadassa Efamol on hyv\u00e4ksytty kutiavan atooppisen ihon hoitotuotteeksi.<\/p>\n","protected":false},"featured_media":8372,"template":"","meta":{"_acf_changed":false,"rs_blank_template":"","rs_page_bg_color":"","slide_template_v7":""},"product_brand":[],"product_cat":[29,143,38],"product_tag":[],"class_list":{"0":"post-8371","1":"product","2":"type-product","3":"status-publish","4":"has-post-thumbnail","6":"product_cat-lisaravinteet","7":"product_cat-midsona","8":"product_cat-rasvahappo-ja-oljyvalmisteet","10":"first","11":"instock","12":"taxable","13":"shipping-taxable","14":"purchasable","15":"product-type-simple"},"acf":[],"_links":{"self":[{"href":"https:\/\/vaasanluonnonravinto.fi\/sv\/wp-json\/wp\/v2\/product\/8371","targetHints":{"allow":["GET"]}}],"collection":[{"href":"https:\/\/vaasanluonnonravinto.fi\/sv\/wp-json\/wp\/v2\/product"}],"about":[{"href":"https:\/\/vaasanluonnonravinto.fi\/sv\/wp-json\/wp\/v2\/types\/product"}],"wp:featuredmedia":[{"embeddable":true,"href":"https:\/\/vaasanluonnonravinto.fi\/sv\/wp-json\/wp\/v2\/media\/8372"}],"wp:attachment":[{"href":"https:\/\/vaasanluonnonravinto.fi\/sv\/wp-json\/wp\/v2\/media?parent=8371"}],"wp:term":[{"taxonomy":"product_brand","embeddable":true,"href":"https:\/\/vaasanluonnonravinto.fi\/sv\/wp-json\/wp\/v2\/product_brand?post=8371"},{"taxonomy":"product_cat","embeddable":true,"href":"https:\/\/vaasanluonnonravinto.fi\/sv\/wp-json\/wp\/v2\/product_cat?post=8371"},{"taxonomy":"product_tag","embeddable":true,"href":"https:\/\/vaasanluonnonravinto.fi\/sv\/wp-json\/wp\/v2\/product_tag?post=8371"}],"curies":[{"name":"wp","href":"https:\/\/api.w.org\/{rel}","templated":true}]}}