{"id":8368,"date":"2019-08-24T14:10:03","date_gmt":"2019-08-24T11:10:03","guid":{"rendered":"https:\/\/vaasanluonnonravinto.fi\/?post_type=product&#038;p=8368"},"modified":"2026-02-09T11:37:16","modified_gmt":"2026-02-09T09:37:16","slug":"tri-tolonen-floradix-krauterblut-saft-250-ml","status":"publish","type":"product","link":"https:\/\/vaasanluonnonravinto.fi\/sv\/tuote\/tri-tolonen-floradix-krauterblut-saft-250-ml\/","title":{"rendered":"Salus Floradix Kr\u00e4uterblut-saft 250 ml"},"content":{"rendered":"","protected":false},"excerpt":{"rendered":"<p>Floradix sis\u00e4lt\u00e4\u00e4 kaksiarvoista, orgaanista rauta-II-glukonaattia yrttipohjaisessa vesiuutteessa. Floradix sis\u00e4lt\u00e4\u00e4 my\u00f6s raudan imeytymist\u00e4 edist\u00e4vi\u00e4 hedelm\u00e4- ja aminohappoja t\u00e4ysmehutiivisteest\u00e4 sek\u00e4 C-vitamiinipitoista ruusunmarjauutetta. Floradixin C-, B1-, B2-, B6- ja B12-vitamiinit varmistavat raudan erinomaista imeytymist\u00e4.<\/p>\n<p>&nbsp;<\/p>\n<p><strong>Floradixin edut<\/strong><\/p>\n<ul>\n<li>Sis\u00e4lt\u00e4\u00e4 hyvin siedetty\u00e4, vatsayst\u00e4v\u00e4llist\u00e4 rautaglukonaattia<\/li>\n<li>Hyvin imeytyv\u00e4 nestem\u00e4inen muoto<\/li>\n<li>Hedelm\u00e4isen raikas maku<\/li>\n<li>S\u00e4il\u00f6nt\u00e4aineeton, maidoton ja soijaton<\/li>\n<\/ul>\n<p>&nbsp;<\/p>\n<p>Rautavalmisteen imeytymistehon kannalta ei ole yhdentekev\u00e4\u00e4, mink\u00e4 valmisteen valitsee. Floradixin ja Floravitalin sis\u00e4lt\u00e4m\u00e4 ferro-muodossa oleva rauta (Fe2+) imeytyy huomattavasti tehokkaammin kuin ferri-muodossa oleva rauta (Fe3+). Rauta edist\u00e4\u00e4 normaalia punaisten verisolujen ja hemoglobiinin muodostumista sek\u00e4 normaalia hapen kuljetusta kehossa. Rauta ja B6- ja B12-vitamiinit auttavat v\u00e4hent\u00e4m\u00e4\u00e4n v\u00e4symyst\u00e4 ja uupumusta. B12-vitamiini edist\u00e4\u00e4 normaalia veren punasolujen muodostumista. C-vitamiini lis\u00e4\u00e4 raudan imeytymist\u00e4.<\/p>\n","protected":false},"featured_media":8364,"template":"","meta":{"_acf_changed":false,"rs_blank_template":"","rs_page_bg_color":"","slide_template_v7":""},"product_brand":[],"product_cat":[37,29,142,36],"product_tag":[],"class_list":{"0":"post-8368","1":"product","2":"type-product","3":"status-publish","4":"has-post-thumbnail","6":"product_cat-kivennaisvalmisteet","7":"product_cat-lisaravinteet","8":"product_cat-salus","9":"product_cat-vitamiinit","11":"first","12":"instock","13":"taxable","14":"shipping-taxable","15":"purchasable","16":"product-type-simple"},"acf":[],"_links":{"self":[{"href":"https:\/\/vaasanluonnonravinto.fi\/sv\/wp-json\/wp\/v2\/product\/8368","targetHints":{"allow":["GET"]}}],"collection":[{"href":"https:\/\/vaasanluonnonravinto.fi\/sv\/wp-json\/wp\/v2\/product"}],"about":[{"href":"https:\/\/vaasanluonnonravinto.fi\/sv\/wp-json\/wp\/v2\/types\/product"}],"wp:featuredmedia":[{"embeddable":true,"href":"https:\/\/vaasanluonnonravinto.fi\/sv\/wp-json\/wp\/v2\/media\/8364"}],"wp:attachment":[{"href":"https:\/\/vaasanluonnonravinto.fi\/sv\/wp-json\/wp\/v2\/media?parent=8368"}],"wp:term":[{"taxonomy":"product_brand","embeddable":true,"href":"https:\/\/vaasanluonnonravinto.fi\/sv\/wp-json\/wp\/v2\/product_brand?post=8368"},{"taxonomy":"product_cat","embeddable":true,"href":"https:\/\/vaasanluonnonravinto.fi\/sv\/wp-json\/wp\/v2\/product_cat?post=8368"},{"taxonomy":"product_tag","embeddable":true,"href":"https:\/\/vaasanluonnonravinto.fi\/sv\/wp-json\/wp\/v2\/product_tag?post=8368"}],"curies":[{"name":"wp","href":"https:\/\/api.w.org\/{rel}","templated":true}]}}