{"id":8303,"date":"2019-08-24T12:41:22","date_gmt":"2019-08-24T09:41:22","guid":{"rendered":"https:\/\/vaasanluonnonravinto.fi\/?post_type=product&#038;p=8303"},"modified":"2025-09-02T16:05:51","modified_gmt":"2025-09-02T13:05:51","slug":"tri-tolonen-nivelamin-strong-90-tabl","status":"publish","type":"product","link":"https:\/\/vaasanluonnonravinto.fi\/sv\/tuote\/tri-tolonen-nivelamin-strong-90-tabl\/","title":{"rendered":"Tolonen Nivelamin strong 90 tabl"},"content":{"rendered":"","protected":false},"excerpt":{"rendered":"<p>Nivel on kahden luun v\u00e4linen liitos, jotka voivat olla kiinteit\u00e4 tai liikett\u00e4 sallivia. Nivel koostuu luun p\u00e4\u00e4t\u00e4 peitt\u00e4v\u00e4st\u00e4 nivelrustosta sek\u00e4 niiden v\u00e4liss\u00e4 olevasta nivelnestett\u00e4 eritt\u00e4v\u00e4st\u00e4 nivelpussista. Nivelrusto on proteoglykaanien ja kollageenis\u00e4ikeiden muodostama sidekudos. Sen terveys on nivelen toiminnan t\u00e4rke\u00e4 edellytys. Nivelruston teht\u00e4v\u00e4n\u00e4 on pienent\u00e4\u00e4 ruumiin painon ja liikkeiden luuhun kohdistamaa rasitusta. Terveell\u00e4 ihmisell\u00e4 normaali nivelrusto uusiutuu koko ajan. Liikunta s\u00e4ilytt\u00e4\u00e4 ja jopa lis\u00e4\u00e4 sen kest\u00e4vyytt\u00e4.<\/p>\n<p>&nbsp;<\/p>\n<p><strong>Nivelien hyvinvointi<\/strong><br \/>\nNivelien kuntoon vaikuttavia ainesosia ovat mm. glukosamiini, MSM (metyylisulfonyylimetaani), kurkuma, kondroitiinisulfaatti, inkiv\u00e4\u00e4ri, kupari sek\u00e4 C- ja D-vitamiinit. Monissa valmisteissa kondroitiinisulfaatti saadaan hainrustosta, mutta esimerkiksi Tri Tolosen Nivelamin Strong+ -tuotteessa se saadaan kanan luista ja rustoista tuotetusta jauheesta.<\/p>\n","protected":false},"featured_media":8306,"template":"","meta":{"_acf_changed":false},"product_brand":[],"product_cat":[29,141],"product_tag":[],"class_list":{"0":"post-8303","1":"product","2":"type-product","3":"status-publish","4":"has-post-thumbnail","6":"product_cat-lisaravinteet","7":"product_cat-tri-tolonen","9":"first","10":"instock","11":"taxable","12":"shipping-taxable","13":"purchasable","14":"product-type-simple"},"acf":[],"_links":{"self":[{"href":"https:\/\/vaasanluonnonravinto.fi\/sv\/wp-json\/wp\/v2\/product\/8303","targetHints":{"allow":["GET"]}}],"collection":[{"href":"https:\/\/vaasanluonnonravinto.fi\/sv\/wp-json\/wp\/v2\/product"}],"about":[{"href":"https:\/\/vaasanluonnonravinto.fi\/sv\/wp-json\/wp\/v2\/types\/product"}],"wp:featuredmedia":[{"embeddable":true,"href":"https:\/\/vaasanluonnonravinto.fi\/sv\/wp-json\/wp\/v2\/media\/8306"}],"wp:attachment":[{"href":"https:\/\/vaasanluonnonravinto.fi\/sv\/wp-json\/wp\/v2\/media?parent=8303"}],"wp:term":[{"taxonomy":"product_brand","embeddable":true,"href":"https:\/\/vaasanluonnonravinto.fi\/sv\/wp-json\/wp\/v2\/product_brand?post=8303"},{"taxonomy":"product_cat","embeddable":true,"href":"https:\/\/vaasanluonnonravinto.fi\/sv\/wp-json\/wp\/v2\/product_cat?post=8303"},{"taxonomy":"product_tag","embeddable":true,"href":"https:\/\/vaasanluonnonravinto.fi\/sv\/wp-json\/wp\/v2\/product_tag?post=8303"}],"curies":[{"name":"wp","href":"https:\/\/api.w.org\/{rel}","templated":true}]}}