{"id":8289,"date":"2019-08-24T12:27:05","date_gmt":"2019-08-24T09:27:05","guid":{"rendered":"https:\/\/vaasanluonnonravinto.fi\/?post_type=product&#038;p=8289"},"modified":"2024-07-16T11:36:25","modified_gmt":"2024-07-16T08:36:25","slug":"tri-tolonen-saltbalans-super-100-tabl","status":"publish","type":"product","link":"https:\/\/vaasanluonnonravinto.fi\/sv\/tuote\/tri-tolonen-saltbalans-super-100-tabl\/","title":{"rendered":"Tolonen Saltbalans Super 100 tabl"},"content":{"rendered":"<p><strong>Annostus<\/strong><br \/>\n1 tabletti 2 kertaa p\u00e4iv\u00e4ss\u00e4. Ravintolisi\u00e4 ei pid\u00e4 k\u00e4ytt\u00e4\u00e4 monipuolisen ja tasapainoisen ruokavalion korvikkeena. Terveet el\u00e4m\u00e4ntavat ovat t\u00e4rkeit\u00e4. Ilmoitettua suositeltua vuorokausiannosta ei saa ylitt\u00e4\u00e4. Tuote on s\u00e4ilytett\u00e4v\u00e4 pienten lasten ulottumattomissa.<\/p>\n<p>&nbsp;<\/p>\n<p><strong>Vuorokausiannos<\/strong><br \/>\nSuositeltava vuorokausiannos sis\u00e4lt\u00e4\u00e4: Magnesiumia 200 mg 53 %* Rautamyrttiuutetta 100 mg Rannikkom\u00e4nnynkuoriuute 20 mg C-vitamiini 20 mg 25 %*<\/p>\n<p>&nbsp;<\/p>\n<p><strong>EU:n hyv\u00e4ksym\u00e4t terveysv\u00e4itteet<\/strong><br \/>\nMagnesium edist\u00e4\u00e4 elektrolyyttitasapainoa ja normaalia energia-aineenvaihduntaa.<\/p>\n","protected":false},"excerpt":{"rendered":"<p>Suolainen ruoka, kuuma ilma, heikentynyt aineenvaihdunta ja elimist\u00f6n ep\u00e4tasapaino aiheuttavat usein ylim\u00e4\u00e4r\u00e4isen nesteen kertymist\u00e4 kehoon. Siit\u00e4 on seurauksena turvotusta ja ep\u00e4miellytt\u00e4v\u00e4\u00e4 oloa. Nesteen kertymiseen voidaan vaikuttaa v\u00e4hent\u00e4m\u00e4ll\u00e4 suolan k\u00e4ytt\u00f6\u00e4. Tehokkaina apulaisina toimivat my\u00f6s luonnon mineraalit ja yrtit kuten kalium, magnesium, rannikkom\u00e4nnyn kuoriuute ja rautamyrtti.<\/p>\n<p>&nbsp;<\/p>\n<p>Kivenn\u00e4isaine-yrttiuutetabletti v\u00e4hent\u00e4m\u00e4\u00e4n turvotusta ja laihdutuksen tueksi. SaltBalans Super sis\u00e4lt\u00e4\u00e4 magnesiumia, kaliumia, rannikkom\u00e4nnyn kuoriuutetta, rautamyrtti\u00e4 ja C-vitamiinia. Yhdess\u00e4 ne ovat tehokas apu kohti kevyemp\u00e4\u00e4 oloa poistamalla turvotuksen ja ylim\u00e4\u00e4r\u00e4iset nesteet. Nopea pikastartti laihdutukseen.<\/p>\n","protected":false},"featured_media":8292,"template":"","meta":{"_acf_changed":false},"product_brand":[],"product_cat":[37,29,141,50],"product_tag":[],"class_list":{"0":"post-8289","1":"product","2":"type-product","3":"status-publish","4":"has-post-thumbnail","6":"product_cat-kivennaisvalmisteet","7":"product_cat-lisaravinteet","8":"product_cat-tri-tolonen","9":"product_cat-yrttivalmisteet","11":"first","12":"instock","13":"taxable","14":"shipping-taxable","15":"purchasable","16":"product-type-simple"},"acf":[],"_links":{"self":[{"href":"https:\/\/vaasanluonnonravinto.fi\/sv\/wp-json\/wp\/v2\/product\/8289","targetHints":{"allow":["GET"]}}],"collection":[{"href":"https:\/\/vaasanluonnonravinto.fi\/sv\/wp-json\/wp\/v2\/product"}],"about":[{"href":"https:\/\/vaasanluonnonravinto.fi\/sv\/wp-json\/wp\/v2\/types\/product"}],"wp:featuredmedia":[{"embeddable":true,"href":"https:\/\/vaasanluonnonravinto.fi\/sv\/wp-json\/wp\/v2\/media\/8292"}],"wp:attachment":[{"href":"https:\/\/vaasanluonnonravinto.fi\/sv\/wp-json\/wp\/v2\/media?parent=8289"}],"wp:term":[{"taxonomy":"product_brand","embeddable":true,"href":"https:\/\/vaasanluonnonravinto.fi\/sv\/wp-json\/wp\/v2\/product_brand?post=8289"},{"taxonomy":"product_cat","embeddable":true,"href":"https:\/\/vaasanluonnonravinto.fi\/sv\/wp-json\/wp\/v2\/product_cat?post=8289"},{"taxonomy":"product_tag","embeddable":true,"href":"https:\/\/vaasanluonnonravinto.fi\/sv\/wp-json\/wp\/v2\/product_tag?post=8289"}],"curies":[{"name":"wp","href":"https:\/\/api.w.org\/{rel}","templated":true}]}}