{"id":8285,"date":"2019-08-24T12:14:13","date_gmt":"2019-08-24T09:14:13","guid":{"rendered":"https:\/\/vaasanluonnonravinto.fi\/?post_type=product&#038;p=8285"},"modified":"2023-11-22T10:11:54","modified_gmt":"2023-11-22T08:11:54","slug":"tri-tolonen-berberin-500-g-kromi","status":"publish","type":"product","link":"https:\/\/vaasanluonnonravinto.fi\/sv\/tuote\/tri-tolonen-berberin-500-g-kromi\/","title":{"rendered":"Tolonen Berberin 500 g + kromi"},"content":{"rendered":"<p><strong>Tuotteen edut<\/strong><br \/>\nMonipuolinen vaikutus<br \/>\nTasapainottaa tehokkaasti sokeri- ja rasva-aineenvaihduntaa sek\u00e4 kohottaa immuniteettia<br \/>\nToimii painonhallinnan tukena<\/p>\n<p>&nbsp;<\/p>\n<p><strong>Annostus<\/strong><br \/>\n2-3 tablettia p\u00e4iv\u00e4ss\u00e4. Ohjeen mukaista annostusta ei saa ylitt\u00e4\u00e4. Ei lasten ulottuville. Ravintolis\u00e4\u00e4 ei tule k\u00e4ytt\u00e4\u00e4 monipuolisen ruokavalion korvikkeena. Terveet el\u00e4m\u00e4ntavat ovat t\u00e4rkeit\u00e4. Voidaan k\u00e4ytt\u00e4\u00e4 yhdess\u00e4 kolesteroli- ja diabetesl\u00e4\u00e4kkeiden kanssa. Berberiini\u00e4 EI voi k\u00e4ytt\u00e4\u00e4 yhdess\u00e4 tiettyjen psyykel\u00e4\u00e4kkeiden kanssa (MAO-est\u00e4j\u00e4t). Ei suositella raskaanaoleville.<\/p>\n","protected":false},"excerpt":{"rendered":"<p>Vahva berberiinivalmiste sokeritasapainon tueksi sek\u00e4 painonhallintaan.<\/p>\n<p>&nbsp;<\/p>\n<p>Tri Tolonen Berberin + kromi on ravintolis\u00e4 veren sokerin tasapainottamiseen ja painonhallinnan tueksi. Beberiini\u00e4 esiintyy l\u00e4hes sadassa kasvissa ja sit\u00e4 on k\u00e4ytetty kansanl\u00e4\u00e4kinn\u00e4ss\u00e4 yli 3000 vuoden ajan. Yksi Berberin-tabletti sis\u00e4lt\u00e4\u00e4 berberiini\u00e4 500 mg ja kromia 17 \u00b5g. Kromi edist\u00e4\u00e4 normaalia makroravintoaineiden aineenvaihduntaa ja veren glukoositasojen pysymist\u00e4 normaalina. Saatavana my\u00f6s Tri Tolonen Berberin 500 mg -valmiste ilman kromia. Berberiini on vahva keltainen alkaloidi eli kasviem\u00e4s, jota saadaan monien kasvien juurista, varresta ja kuoresta. Tohtori Tolosen Berberin valmistetaan Berberis aristata.-juuresta.<\/p>\n","protected":false},"featured_media":8286,"template":"","meta":{"_acf_changed":false,"rs_blank_template":"","rs_page_bg_color":"","slide_template_v7":""},"product_brand":[],"product_cat":[37,29,141],"product_tag":[],"class_list":{"0":"post-8285","1":"product","2":"type-product","3":"status-publish","4":"has-post-thumbnail","6":"product_cat-kivennaisvalmisteet","7":"product_cat-lisaravinteet","8":"product_cat-tri-tolonen","10":"first","11":"instock","12":"taxable","13":"shipping-taxable","14":"purchasable","15":"product-type-simple"},"acf":[],"_links":{"self":[{"href":"https:\/\/vaasanluonnonravinto.fi\/sv\/wp-json\/wp\/v2\/product\/8285","targetHints":{"allow":["GET"]}}],"collection":[{"href":"https:\/\/vaasanluonnonravinto.fi\/sv\/wp-json\/wp\/v2\/product"}],"about":[{"href":"https:\/\/vaasanluonnonravinto.fi\/sv\/wp-json\/wp\/v2\/types\/product"}],"wp:featuredmedia":[{"embeddable":true,"href":"https:\/\/vaasanluonnonravinto.fi\/sv\/wp-json\/wp\/v2\/media\/8286"}],"wp:attachment":[{"href":"https:\/\/vaasanluonnonravinto.fi\/sv\/wp-json\/wp\/v2\/media?parent=8285"}],"wp:term":[{"taxonomy":"product_brand","embeddable":true,"href":"https:\/\/vaasanluonnonravinto.fi\/sv\/wp-json\/wp\/v2\/product_brand?post=8285"},{"taxonomy":"product_cat","embeddable":true,"href":"https:\/\/vaasanluonnonravinto.fi\/sv\/wp-json\/wp\/v2\/product_cat?post=8285"},{"taxonomy":"product_tag","embeddable":true,"href":"https:\/\/vaasanluonnonravinto.fi\/sv\/wp-json\/wp\/v2\/product_tag?post=8285"}],"curies":[{"name":"wp","href":"https:\/\/api.w.org\/{rel}","templated":true}]}}