{"id":8277,"date":"2019-08-24T11:41:58","date_gmt":"2019-08-24T08:41:58","guid":{"rendered":"https:\/\/vaasanluonnonravinto.fi\/?post_type=product&#038;p=8277"},"modified":"2023-04-17T13:27:29","modified_gmt":"2023-04-17T10:27:29","slug":"elexir-pharma-purefish-180-kaps","status":"publish","type":"product","link":"https:\/\/vaasanluonnonravinto.fi\/sv\/tuote\/elexir-pharma-purefish-180-kaps\/","title":{"rendered":"Elexir pharma purefish 180 kaps"},"content":{"rendered":"<p><strong>Omega-3:n puutos tekee nivelet j\u00e4ykiksi ja v\u00e4hemm\u00e4n liikkuviksi<\/strong><br \/>\nJos emme sy\u00f6 tarpeeksi kala\u00f6ljy\u00e4, solumme alkavat<br \/>\nk\u00e4ytt \u00e4\u00e4 muita rasvoja, jotka on runsaasti<br \/>\nkehossamme, kuten rasvoja joilla on suora rakenne<br \/>\nja yksinkertainen sidos hiiliatomien v\u00e4lill\u00e4.<br \/>\nT\u00e4m\u00e4n tyyppinen rasva pakkautuu ti iviisti solun<br \/>\nsein\u00e4miin ja siksi tunnemme itsemme j\u00e4ykiksi<br \/>\neik\u00e4 elimist\u00f6mme voi toimia parhaalla tavalla.<br \/>\nEPA ehk\u00e4isee tulehdusta ja lievitt\u00e4\u00e4 nivelkipuja<br \/>\nEPA toimii tulehdusta hillitsev\u00e4sti ja ehk\u00e4isee<br \/>\nOmega-6-rasvahapon tulehdusvaikutusta. Siksi se<br \/>\nlievitt \u00e4\u00e4 reumati smia, nivelkipua ja muita tulehdusti<br \/>\nloja kehossamme.<\/p>\n<p>&nbsp;<\/p>\n<p>DHA on hyv\u00e4ksi aivoille ja elint\u00e4rke\u00e4\u00e4 vastasyntyneille<br \/>\nAivomme tarvitsee DHA:ta (dokosaheksaeenihappo)<br \/>\ntoimiakseen parhaalla tavalla. Vastasyntyneet<br \/>\nlapset sek\u00e4 kehitt yv\u00e4t siki\u00f6t tarvitsevat<br \/>\nDHA:ta aivojen, silmien ja oppimiskyvyn<br \/>\nnormaalin kehitt ymisen varmistamiseksi. Puolet<br \/>\naivojen rasvasta on koostuu DHA:sta ja sit\u00e4 on<br \/>\neniten mitokondrioissa, synapseissa, aivokuoressa<br \/>\nja silm\u00e4n verkkokalvon valoa aisti vissa<br \/>\nsoluissa.<\/p>\n<p>&nbsp;<\/p>\n<p>Omega-3 voi h\u00e4rskiinty\u00e4 kaloissa, mutta se<br \/>\ns\u00e4ilyy pitemp\u00e4\u00e4n kala\u00f6ljykapseleissa<br \/>\nOmega-3-rasvahapoilla on tietty heikkous,<br \/>\nkoska niiden kemiallisessa rakenteessa on<br \/>\nkaksi tai useampi kaksoissidos. N\u00e4m\u00e4 kaksoissidokset<br \/>\nvoivat olla ep\u00e4vakaita, mist\u00e4 johtuu<br \/>\nett\u00e4 ne hapettuvat eli h\u00e4rskiintyv\u00e4t helposti.<br \/>\nT\u00e4st\u00e4 syyst\u00e4 Omega-3 ei esimerkiksi kest\u00e4<br \/>\nkuumentamista. Kun kala\u00f6ljy hapettuu, syntyy<br \/>\nvapaita happiradikaaleja, mitk\u00e4 vahingoittavat<br \/>\nsoluja. T\u00e4st\u00e4 syyst\u00e4 hapettunutta<br \/>\n\u00f6ljy\u00e4 on syt\u00e4 v\u00e4ltt\u00e4\u00e4. Kala\u00f6ljy on kuitenkin<br \/>\njuoksevaa my\u00f6s alhaisissa l\u00e4mp\u00f6tiloissa,<br \/>\njolloin kala\u00f6ljykapselit ovat hyv\u00e4 vaihtoehto<br \/>\nravinnon lis\u00e4n\u00e4. Antioksidantit torjuvat vapaaradikaaleja<br \/>\nja suojelevat my\u00f6s kala\u00f6ljy\u00e4.<\/p>\n<p>&nbsp;<\/p>\n<p>Antioksidantteja l\u00f6ytyy mm. hedelmist\u00e4.<br \/>\nOmega-3-rasvahappo toimii elimist\u00f6ss\u00e4 my\u00f6s<br \/>\nrakennusaineena eikosanoideille, mitk\u00e4 ovat<br \/>\nkehomme t\u00e4rkeit\u00e4 hormoneja.<br \/>\nTutkimus osoittaa DHA:n v\u00e4hent\u00e4v\u00e4n aggressiivisuutta<br \/>\nja lis\u00e4\u00e4 stressin sietokyky\u00e4mme<br \/>\nJapanilainen tutkimus on osoitt anut, ett \u00e4 DHA<br \/>\nv\u00e4hent\u00e4\u00e4 aggressiota henkisen stressin yhteydess\u00e4.<br \/>\nMuutkin tutkimukset viitt aavat siihen,<br \/>\nett \u00e4 DHA tekee ihmiset v\u00e4hemm\u00e4n altti iksi<br \/>\nv\u00e4kivallan k\u00e4ytt \u00f6\u00f6n stressiti lanteissa ja ett \u00e4 se<br \/>\nlis\u00e4\u00e4 stressin sietokyky\u00e4. Amerikkalainen tutkimus<br \/>\nosoitti EPA:n s\u00e4\u00e4telev\u00e4n mielialaa ja lievitt\u00e4v\u00e4n<br \/>\nahdistusta. Toisen tutkimuksen mukaan<br \/>\nEPA:lla on tulehdusta hillitsevi\u00e4 ominaisuuksia.<\/p>\n","protected":false},"excerpt":{"rendered":"<p>Norjalainen kala\u00f6ljy pohjoisen j\u00e4\u00e4meren turskasta, tuulenkalasta, lohesta ja sillist\u00e4. Kalalajeja, joissa on kertatyydyttym\u00e4tt\u00f6mi\u00e4 rasvahappoja sek\u00e4 ainutlaatuisia omega-3-rasvahappoa DPA:ta.<\/p>\n<p>&nbsp;<\/p>\n<p>DHA:ta sis\u00e4lt\u00e4v\u00e4 omega-3 edist\u00e4\u00e4 aivojen ja n\u00e4\u00f6n normaalin toiminnan s\u00e4ilymist\u00e4. Omega-3, jossa on DHA:ta ja EPA:ta edist\u00e4\u00e4 syd\u00e4men normaalia toimintaa.<\/p>\n","protected":false},"featured_media":8248,"template":"","meta":{"_acf_changed":false},"product_brand":[],"product_cat":[139,29,38],"product_tag":[],"class_list":{"0":"post-8277","1":"product","2":"type-product","3":"status-publish","4":"has-post-thumbnail","6":"product_cat-elexir-pharma","7":"product_cat-lisaravinteet","8":"product_cat-rasvahappo-ja-oljyvalmisteet","10":"first","11":"instock","12":"taxable","13":"shipping-taxable","14":"purchasable","15":"product-type-simple"},"acf":[],"_links":{"self":[{"href":"https:\/\/vaasanluonnonravinto.fi\/sv\/wp-json\/wp\/v2\/product\/8277","targetHints":{"allow":["GET"]}}],"collection":[{"href":"https:\/\/vaasanluonnonravinto.fi\/sv\/wp-json\/wp\/v2\/product"}],"about":[{"href":"https:\/\/vaasanluonnonravinto.fi\/sv\/wp-json\/wp\/v2\/types\/product"}],"wp:featuredmedia":[{"embeddable":true,"href":"https:\/\/vaasanluonnonravinto.fi\/sv\/wp-json\/wp\/v2\/media\/8248"}],"wp:attachment":[{"href":"https:\/\/vaasanluonnonravinto.fi\/sv\/wp-json\/wp\/v2\/media?parent=8277"}],"wp:term":[{"taxonomy":"product_brand","embeddable":true,"href":"https:\/\/vaasanluonnonravinto.fi\/sv\/wp-json\/wp\/v2\/product_brand?post=8277"},{"taxonomy":"product_cat","embeddable":true,"href":"https:\/\/vaasanluonnonravinto.fi\/sv\/wp-json\/wp\/v2\/product_cat?post=8277"},{"taxonomy":"product_tag","embeddable":true,"href":"https:\/\/vaasanluonnonravinto.fi\/sv\/wp-json\/wp\/v2\/product_tag?post=8277"}],"curies":[{"name":"wp","href":"https:\/\/api.w.org\/{rel}","templated":true}]}}