{"id":8117,"date":"2019-08-21T15:51:16","date_gmt":"2019-08-21T12:51:16","guid":{"rendered":"https:\/\/vaasanluonnonravinto.fi\/?post_type=product&#038;p=8117"},"modified":"2023-11-08T03:29:38","modified_gmt":"2023-11-08T01:29:38","slug":"alpha-plus-pau-darco-tee","status":"publish","type":"product","link":"https:\/\/vaasanluonnonravinto.fi\/sv\/tuote\/alpha-plus-pau-darco-tee\/","title":{"rendered":"Alpha plus Pau D&#8217;Arco tee 300g"},"content":{"rendered":"<p>Pau D\u2019Arco tai lapacho on yli 1500 vuotta vanha l\u00e4\u00e4kekasvi<br \/>\n(p\u00e4\u00e4asiassa sis\u00e4lt\u00e4\u00e4 kuivattua kuorta), joka tulee Etel\u00e4-<br \/>\nAmerikasta. Etel\u00e4-Amerikan alkuper\u00e4iskansat k\u00e4yttiv\u00e4t<br \/>\npuunkuorta hyvin menestyksellisesti l\u00e4\u00e4kinn\u00e4ss\u00e4, mik\u00e4 loi<br \/>\nuteliaisuutta espanjalaisten ja portugalilaisten matkailijoiden<br \/>\nkeskuudessa. N\u00e4m\u00e4 eurooppalaiset my\u00f6hemmin levittiv\u00e4t<br \/>\nlapachobarkin kaarnaa eteenp\u00e4in. Vuonna 1385 esimerkiksi<br \/>\nlapacho kuvailtiin luostarin kirjaan Makedoniassa. Itsen\u00e4isyystaistelija<br \/>\nja v\u00e4kivallanvastustaja Mahatma Gandhi harjoitti joogaa yli 30 vuoden ajan ja h\u00e4nell\u00e4 oli usein tapana<br \/>\njuoda lapachot\u00e9ta.<\/p>\n<p>&nbsp;<\/p>\n<p>Useimmin k\u00e4ytettyj\u00e4 lajeja on l\u00e4hes 100, parantavia<br \/>\nominaisuuksia on mm. Tabebuia avellanedae ja Tabebuia<br \/>\nipe lajeissa. Tabebuiasta per\u00e4isin oleva kaarna ja puu<br \/>\nsis\u00e4lt\u00e4v\u00e4t erilaisia vaikuttavia aineita mm. lapacholia ja<br \/>\nbeeta-lapachonia.<\/p>\n<p>&nbsp;<\/p>\n<p>Lapachot-puulla on hyv\u00e4 vastustuskyky sieni\u00e4, iti\u00f6- ja<br \/>\nvirushy\u00f6kk\u00e4yksi\u00e4 vastaan. Puun kukat sy\u00f6v\u00e4t hy\u00f6nteisi\u00e4.<br \/>\nSis\u00e4kuori sis\u00e4lt\u00e4\u00e4 muun muassa voimakasta antibioottista<br \/>\nainetta ja rautaa hyvin imeytyv\u00e4ss\u00e4 muodossa sek\u00e4 n. 20<br \/>\neri mineraalia.<\/p>\n<p>&nbsp;<\/p>\n<p>Lapacho tukee luonnollista ja terveellist\u00e4 ruoansulatusta,<br \/>\nmaksan toimintaa sek\u00e4 hikirauhasten toimintaa. Sit\u00e4<br \/>\nk\u00e4ytet\u00e4\u00e4n laajalti allergioissa, sieni- ja hiivainfektioissa.<br \/>\nUskotaan my\u00f6s sen vahvistavan immuunij\u00e4rjestelm\u00e4\u00e4 ja<br \/>\nett\u00e4 sill\u00e4 on positiivinen vaikutus vakavissa immuunipuutossairauksissa.<br \/>\nBeta-lapatsoni on tutkimuksissa pystynyt<br \/>\nlis\u00e4\u00e4m\u00e4\u00e4n solukuolemia haitallisissa soluissa, kuten<br \/>\nreumatismi- ja tulehdussoluissa.<\/p>\n<p>&nbsp;<\/p>\n<p>Vuonna 2014 julkaistussa tutkimuksessa kerrottiin<br \/>\n(julkaistu Journal of Toksikologiset Sciences) Pau d\u2019Arco<br \/>\nlis\u00e4\u00e4nneen Nrf2 kohdegeenien m\u00e4\u00e4r\u00e4\u00e4 suolistossa. Nrf2<br \/>\non proteiini, joka s\u00e4\u00e4telee antioksidanttiproteiineja, jotka<br \/>\nsuojaavat elimist\u00f6\u00e4 hapettumiselta ja tulehduksilta.<\/p>\n","protected":false},"excerpt":{"rendered":"<ul>\n<li>Sieni\u00e4 ja loisia tappava.<\/li>\n<li>V\u00e4hent\u00e4\u00e4 tulehdusta, est\u00e4\u00e4 kipua ja turvotusta.<\/li>\n<li>Vahvistaa immuunij\u00e4rjestelm\u00e4\u00e4 ja torjuu immuunij\u00e4rjestelm\u00e4\u00e4n liittyvi\u00e4 sairauksia.<\/li>\n<li>Sopii hyvin p\u00e4ivitt\u00e4iseen k\u00e4ytt\u00f6\u00f6n erityisesti talvikuukausina.<\/li>\n<li>Arvostettu seurustelutee ymp\u00e4ri maailman.<\/li>\n<\/ul>\n","protected":false},"featured_media":8264,"template":"","meta":{"_acf_changed":false},"product_brand":[],"product_cat":[135,54,29],"product_tag":[],"class_list":{"0":"post-8117","1":"product","2":"type-product","3":"status-publish","4":"has-post-thumbnail","6":"product_cat-alpha-plus","7":"product_cat-erikoiselintarvikkeet","8":"product_cat-lisaravinteet","10":"first","11":"outofstock","12":"taxable","13":"shipping-taxable","14":"purchasable","15":"product-type-simple"},"acf":[],"_links":{"self":[{"href":"https:\/\/vaasanluonnonravinto.fi\/sv\/wp-json\/wp\/v2\/product\/8117","targetHints":{"allow":["GET"]}}],"collection":[{"href":"https:\/\/vaasanluonnonravinto.fi\/sv\/wp-json\/wp\/v2\/product"}],"about":[{"href":"https:\/\/vaasanluonnonravinto.fi\/sv\/wp-json\/wp\/v2\/types\/product"}],"wp:featuredmedia":[{"embeddable":true,"href":"https:\/\/vaasanluonnonravinto.fi\/sv\/wp-json\/wp\/v2\/media\/8264"}],"wp:attachment":[{"href":"https:\/\/vaasanluonnonravinto.fi\/sv\/wp-json\/wp\/v2\/media?parent=8117"}],"wp:term":[{"taxonomy":"product_brand","embeddable":true,"href":"https:\/\/vaasanluonnonravinto.fi\/sv\/wp-json\/wp\/v2\/product_brand?post=8117"},{"taxonomy":"product_cat","embeddable":true,"href":"https:\/\/vaasanluonnonravinto.fi\/sv\/wp-json\/wp\/v2\/product_cat?post=8117"},{"taxonomy":"product_tag","embeddable":true,"href":"https:\/\/vaasanluonnonravinto.fi\/sv\/wp-json\/wp\/v2\/product_tag?post=8117"}],"curies":[{"name":"wp","href":"https:\/\/api.w.org\/{rel}","templated":true}]}}