{"id":8041,"date":"2019-08-21T14:53:09","date_gmt":"2019-08-21T11:53:09","guid":{"rendered":"https:\/\/vaasanluonnonravinto.fi\/?post_type=product&#038;p=8041"},"modified":"2024-08-31T14:31:17","modified_gmt":"2024-08-31T11:31:17","slug":"lill-organic-face-body-creme-150-ml","status":"publish","type":"product","link":"https:\/\/vaasanluonnonravinto.fi\/sv\/tuote\/lill-organic-face-body-creme-150-ml\/","title":{"rendered":"Lill Organic Face &#038; Body creme 100 ml"},"content":{"rendered":"","protected":false},"excerpt":{"rendered":"<p>UUTUUS!<\/p>\n<p>Ekologinen, kosteuttava ja ravinteikas voide kasvoille ja keholle.\u00a0Sis\u00e4lt\u00e4\u00e4 vadelman siemen\u00f6ljy\u00e4, jossa runsaasti omega -3- ja omega -6- rasvahappoja sek\u00e4 E-vitamiinia.<\/p>\n<p>Ainutlaatuinen saksanp\u00e4hkin\u00e4uute- ja karoteenikoostumus.<\/p>\n<p>&nbsp;<\/p>\n<p><strong>Sis\u00e4lt\u00e4\u00e4<\/strong><\/p>\n<p>Aloe vera*, Jojoba\u00f6ly*, Squalene, Kasviper\u00e4nen glyseriini*, Sheavoi*, S\u00e4ilytysaine* ,Kasviper\u00e4inen emulgointiaine*, Kasviper\u00e4inen emulgointiaine*, Vadelmansiemen\u00f6ljy*, D-Pantenoli (B5-vitamiini) *, Saksanp\u00e4hkin\u00e4 uuttetta*, Ksantaanikumi, E-vitamiini*, Karoteeni,<\/p>\n<p>&nbsp;<\/p>\n<p>Eteeriset \u00f6ljyt: appelsiini*, litsea cubeba*, vanilja*.<\/p>\n<p>&nbsp;<\/p>\n<p>*Ekosertifioitu raaka-aine<\/p>\n","protected":false},"featured_media":8042,"template":"","meta":{"_acf_changed":false},"product_brand":[],"product_cat":[138,46],"product_tag":[],"class_list":{"0":"post-8041","1":"product","2":"type-product","3":"status-publish","4":"has-post-thumbnail","6":"product_cat-lill-organic","7":"product_cat-luontaiskosmetiikka","9":"first","10":"instock","11":"taxable","12":"shipping-taxable","13":"purchasable","14":"product-type-simple"},"acf":[],"_links":{"self":[{"href":"https:\/\/vaasanluonnonravinto.fi\/sv\/wp-json\/wp\/v2\/product\/8041","targetHints":{"allow":["GET"]}}],"collection":[{"href":"https:\/\/vaasanluonnonravinto.fi\/sv\/wp-json\/wp\/v2\/product"}],"about":[{"href":"https:\/\/vaasanluonnonravinto.fi\/sv\/wp-json\/wp\/v2\/types\/product"}],"wp:featuredmedia":[{"embeddable":true,"href":"https:\/\/vaasanluonnonravinto.fi\/sv\/wp-json\/wp\/v2\/media\/8042"}],"wp:attachment":[{"href":"https:\/\/vaasanluonnonravinto.fi\/sv\/wp-json\/wp\/v2\/media?parent=8041"}],"wp:term":[{"taxonomy":"product_brand","embeddable":true,"href":"https:\/\/vaasanluonnonravinto.fi\/sv\/wp-json\/wp\/v2\/product_brand?post=8041"},{"taxonomy":"product_cat","embeddable":true,"href":"https:\/\/vaasanluonnonravinto.fi\/sv\/wp-json\/wp\/v2\/product_cat?post=8041"},{"taxonomy":"product_tag","embeddable":true,"href":"https:\/\/vaasanluonnonravinto.fi\/sv\/wp-json\/wp\/v2\/product_tag?post=8041"}],"curies":[{"name":"wp","href":"https:\/\/api.w.org\/{rel}","templated":true}]}}