{"id":7983,"date":"2019-08-21T13:41:43","date_gmt":"2019-08-21T10:41:43","guid":{"rendered":"https:\/\/vaasanluonnonravinto.fi\/?post_type=product&#038;p=7983"},"modified":"2026-04-10T13:52:44","modified_gmt":"2026-04-10T10:52:44","slug":"rosenserien-moisturizer-for-men-50-ml","status":"publish","type":"product","link":"https:\/\/vaasanluonnonravinto.fi\/sv\/tuote\/rosenserien-moisturizer-for-men-50-ml\/","title":{"rendered":"Rosenserien moisturizer for men 50 ml"},"content":{"rendered":"","protected":false},"excerpt":{"rendered":"<p>Iho tarvitsee kosteutta ja ravintoa pysy\u00e4kseen pehme\u00e4n\u00e4, raikkaana ja kimmoisana. Pehme\u00e4 ja hyvin kosteutettu iho pysyy vetre\u00e4n\u00e4 pitk\u00e4\u00e4n. Moisturizer for Men on helposti imeytyv\u00e4 ja kosteutta lis\u00e4\u00e4v\u00e4 geeli, joka ei kuitenkaan tee ihosta kiilt\u00e4v\u00e4\u00e4. Kosteusgeeli rauhoittaa ja pehment\u00e4\u00e4. Se sis\u00e4lt\u00e4\u00e4 parakrassia, joka todistetusti v\u00e4hent\u00e4\u00e4 ryppyjen syntymist\u00e4. Levit\u00e4 kasvoille ja kaulalle hyvin puhdistetulle iholle. K\u00e4yt\u00e4 aamuin illoin. Sopii kaikille ihotyypeille.<\/p>\n<p>&nbsp;<\/p>\n<p><strong>Sis\u00e4lt\u00e4\u00e4<\/strong><\/p>\n<p>Aloe veraa, kasviper. glyserolia, kasviper. emulgointiainetta, argan\u00f6ljy\u00e4, kurkkuyrtin \u00f6ljy\u00e4, kookosrasvaa, kasviper. emulgointiainetta, taikap\u00e4hkin\u00e4vett\u00e4, omega-3 rasvahappoja, parakrassia, tyrni\u00f6ljy\u00e4, rosmariinia, ksantaanikumia, maitohappoa, ruusu\u00f6ljy\u00e4, 2 kasvisuolaa, kasviper. emulgointiainetta, kasviparfyymia, vett\u00e4.<\/p>\n<p>&nbsp;<\/p>\n<p>* Vesi ( Aqua) Emme lis\u00e4\u00e4 tuotteisiin vett\u00e4, mutta osa raaka-aineista on liotettu veteen, mik\u00e4 on ilmoitettava tuoteselosteessa.<\/p>\n","protected":false},"featured_media":7984,"template":"","meta":{"_acf_changed":false},"product_brand":[],"product_cat":[46,136],"product_tag":[],"class_list":{"0":"post-7983","1":"product","2":"type-product","3":"status-publish","4":"has-post-thumbnail","6":"product_cat-luontaiskosmetiikka","7":"product_cat-rosenserien","9":"first","10":"instock","11":"sale","12":"taxable","13":"shipping-taxable","14":"purchasable","15":"product-type-simple"},"acf":[],"_links":{"self":[{"href":"https:\/\/vaasanluonnonravinto.fi\/sv\/wp-json\/wp\/v2\/product\/7983","targetHints":{"allow":["GET"]}}],"collection":[{"href":"https:\/\/vaasanluonnonravinto.fi\/sv\/wp-json\/wp\/v2\/product"}],"about":[{"href":"https:\/\/vaasanluonnonravinto.fi\/sv\/wp-json\/wp\/v2\/types\/product"}],"wp:featuredmedia":[{"embeddable":true,"href":"https:\/\/vaasanluonnonravinto.fi\/sv\/wp-json\/wp\/v2\/media\/7984"}],"wp:attachment":[{"href":"https:\/\/vaasanluonnonravinto.fi\/sv\/wp-json\/wp\/v2\/media?parent=7983"}],"wp:term":[{"taxonomy":"product_brand","embeddable":true,"href":"https:\/\/vaasanluonnonravinto.fi\/sv\/wp-json\/wp\/v2\/product_brand?post=7983"},{"taxonomy":"product_cat","embeddable":true,"href":"https:\/\/vaasanluonnonravinto.fi\/sv\/wp-json\/wp\/v2\/product_cat?post=7983"},{"taxonomy":"product_tag","embeddable":true,"href":"https:\/\/vaasanluonnonravinto.fi\/sv\/wp-json\/wp\/v2\/product_tag?post=7983"}],"curies":[{"name":"wp","href":"https:\/\/api.w.org\/{rel}","templated":true}]}}