{"id":7975,"date":"2019-08-21T13:35:31","date_gmt":"2019-08-21T10:35:31","guid":{"rendered":"https:\/\/vaasanluonnonravinto.fi\/?post_type=product&#038;p=7975"},"modified":"2026-04-10T14:37:39","modified_gmt":"2026-04-10T11:37:39","slug":"rosenserien-shampoo-for-hair-and-body-for-men-200-ml","status":"publish","type":"product","link":"https:\/\/vaasanluonnonravinto.fi\/sv\/tuote\/rosenserien-shampoo-for-hair-and-body-for-men-200-ml\/","title":{"rendered":"Rosenserien shampoo for hair and body for men 200 ml"},"content":{"rendered":"","protected":false},"excerpt":{"rendered":"<p>Mieto ekologinen miesten suihkusaippua\/shampoo. Sis\u00e4lt\u00e4\u00e4 hiuksia ja ihoa suojaavaa, hoitavaa ja vahvistavaa argan\u00f6ljy\u00e4. Sekoita pieni m\u00e4\u00e4r\u00e4 pesuainetta k\u00e4mmeness\u00e4 veteen, levit\u00e4 m\u00e4rkiin hiuksiin ja keholle. Pese ja huuhtele, lopuksi mielell\u00e4\u00e4n haalealla vedell\u00e4. Hyv\u00e4 kuivalle ja herk\u00e4lle iholle ja p\u00e4\u00e4nahalle.\u00a0Sopii kaikille iho- ja hiustyypeille.\u00a0Raikas sporttinen tuoksu.<\/p>\n<p>&nbsp;<\/p>\n<p><strong>Sis\u00e4lt\u00e4\u00e4<\/strong><\/p>\n<p>Kiinalaista vihre\u00e4\u00e4 teet\u00e4, 2 kasviper. pesuainetta, merisuolaa, kasviper. glyserolia, 2 kasviper. pesuainetta, argan\u00f6ljy\u00e4, B5-provitamiinia, jojoba\u00f6ljy\u00e4, taikap\u00e4hkin\u00e4vett\u00e4, vehn\u00e4proteiinia, guarkumijauhetta, kasviper. pehmennysainetta, maitohappoa, hedelm\u00e4happoa, 3 kasvisuolaa, ruusu\u00f6ljy\u00e4, kasviper. emulgointiainetta, natriumsuolaa, kasviparfyymia, 3 kasviper. kosteudensitojaa, vett\u00e4.<\/p>\n<p>&nbsp;<\/p>\n<p>* Vesi ( Aqua) Emme lis\u00e4\u00e4 tuotteisiin vett\u00e4, mutta osa raaka-aineista on liotettu veteen, mik\u00e4 on ilmoitettava tuoteselosteessa.<\/p>\n","protected":false},"featured_media":7976,"template":"","meta":{"_acf_changed":false},"product_brand":[],"product_cat":[63,46,136,47],"product_tag":[],"class_list":{"0":"post-7975","1":"product","2":"type-product","3":"status-publish","4":"has-post-thumbnail","6":"product_cat-hiukset","7":"product_cat-luontaiskosmetiikka","8":"product_cat-rosenserien","9":"product_cat-shampoot-ja-hoitoaineet","11":"first","12":"instock","13":"sale","14":"taxable","15":"shipping-taxable","16":"purchasable","17":"product-type-simple"},"acf":[],"_links":{"self":[{"href":"https:\/\/vaasanluonnonravinto.fi\/sv\/wp-json\/wp\/v2\/product\/7975","targetHints":{"allow":["GET"]}}],"collection":[{"href":"https:\/\/vaasanluonnonravinto.fi\/sv\/wp-json\/wp\/v2\/product"}],"about":[{"href":"https:\/\/vaasanluonnonravinto.fi\/sv\/wp-json\/wp\/v2\/types\/product"}],"wp:featuredmedia":[{"embeddable":true,"href":"https:\/\/vaasanluonnonravinto.fi\/sv\/wp-json\/wp\/v2\/media\/7976"}],"wp:attachment":[{"href":"https:\/\/vaasanluonnonravinto.fi\/sv\/wp-json\/wp\/v2\/media?parent=7975"}],"wp:term":[{"taxonomy":"product_brand","embeddable":true,"href":"https:\/\/vaasanluonnonravinto.fi\/sv\/wp-json\/wp\/v2\/product_brand?post=7975"},{"taxonomy":"product_cat","embeddable":true,"href":"https:\/\/vaasanluonnonravinto.fi\/sv\/wp-json\/wp\/v2\/product_cat?post=7975"},{"taxonomy":"product_tag","embeddable":true,"href":"https:\/\/vaasanluonnonravinto.fi\/sv\/wp-json\/wp\/v2\/product_tag?post=7975"}],"curies":[{"name":"wp","href":"https:\/\/api.w.org\/{rel}","templated":true}]}}