{"id":7965,"date":"2019-08-21T13:29:43","date_gmt":"2019-08-21T10:29:43","guid":{"rendered":"https:\/\/vaasanluonnonravinto.fi\/?post_type=product&#038;p=7965"},"modified":"2026-04-10T14:39:08","modified_gmt":"2026-04-10T11:39:08","slug":"rosenserien-lip-balm-red-berries-75-ml-kopio","status":"publish","type":"product","link":"https:\/\/vaasanluonnonravinto.fi\/sv\/tuote\/rosenserien-lip-balm-red-berries-75-ml-kopio\/","title":{"rendered":"Rosenserien lip balm laventeli 7,5 ml"},"content":{"rendered":"","protected":false},"excerpt":{"rendered":"<p>Suojaa huuliasi tehokkaasti, ravitsee ja pehment\u00e4\u00e4 aiheuttamatta voitelu riippuvuutta. Sis\u00e4lt\u00e4\u00e4 karnaubavahaa, joka suojaa huulia tuulelta ja muilta s\u00e4\u00e4n vaikutuksilta sek\u00e4 s\u00e4ilytt\u00e4\u00e4 niiden l\u00e4mm\u00f6n ja kosteuden.<\/p>\n<p>&nbsp;<\/p>\n<p>Kolme uutta makua: Mustikka, Laventeli ja Punaiset marjat (vadelma, mansikka ja punaherukka).<\/p>\n<p>&nbsp;<\/p>\n<p>Ruotsissa valmistettu korkealaatuinen huulirasva.<\/p>\n<p>&nbsp;<\/p>\n<p>100 % luonnollinen ja yli 75 % sis\u00e4ll\u00f6st\u00e4 ekologisesti sertifioitu. (Blueberry ja Red Berries 96,4 %, Lavender 97,9 %). 7,5 ml puikko, ymp\u00e4rist\u00f6my\u00f6t\u00e4isesti suunniteltu.<\/p>\n<p>&nbsp;<\/p>\n<p><strong>Sis\u00e4lt\u00e4\u00e4<\/strong><\/p>\n<p>Rapsi\u00f6ljy\u00e4, mehil\u00e4isvahaa, oliivi\u00f6ljy\u00e4, karnaubavahaa, E-vitamiinia, kasvisterolia, kasviper\u00e4ist\u00e4 pehmennysainetta, laventeli\u00f6ljy, ruusu\u00f6ljy\u00e4, soija\u00f6ljy\u00e4, tuoksuaine.<\/p>\n","protected":false},"featured_media":7966,"template":"","meta":{"_acf_changed":false},"product_brand":[],"product_cat":[46,136],"product_tag":[],"class_list":{"0":"post-7965","1":"product","2":"type-product","3":"status-publish","4":"has-post-thumbnail","6":"product_cat-luontaiskosmetiikka","7":"product_cat-rosenserien","9":"first","10":"instock","11":"sale","12":"taxable","13":"shipping-taxable","14":"purchasable","15":"product-type-simple"},"acf":[],"_links":{"self":[{"href":"https:\/\/vaasanluonnonravinto.fi\/sv\/wp-json\/wp\/v2\/product\/7965","targetHints":{"allow":["GET"]}}],"collection":[{"href":"https:\/\/vaasanluonnonravinto.fi\/sv\/wp-json\/wp\/v2\/product"}],"about":[{"href":"https:\/\/vaasanluonnonravinto.fi\/sv\/wp-json\/wp\/v2\/types\/product"}],"wp:featuredmedia":[{"embeddable":true,"href":"https:\/\/vaasanluonnonravinto.fi\/sv\/wp-json\/wp\/v2\/media\/7966"}],"wp:attachment":[{"href":"https:\/\/vaasanluonnonravinto.fi\/sv\/wp-json\/wp\/v2\/media?parent=7965"}],"wp:term":[{"taxonomy":"product_brand","embeddable":true,"href":"https:\/\/vaasanluonnonravinto.fi\/sv\/wp-json\/wp\/v2\/product_brand?post=7965"},{"taxonomy":"product_cat","embeddable":true,"href":"https:\/\/vaasanluonnonravinto.fi\/sv\/wp-json\/wp\/v2\/product_cat?post=7965"},{"taxonomy":"product_tag","embeddable":true,"href":"https:\/\/vaasanluonnonravinto.fi\/sv\/wp-json\/wp\/v2\/product_tag?post=7965"}],"curies":[{"name":"wp","href":"https:\/\/api.w.org\/{rel}","templated":true}]}}