{"id":7961,"date":"2019-08-21T13:24:51","date_gmt":"2019-08-21T10:24:51","guid":{"rendered":"https:\/\/vaasanluonnonravinto.fi\/?post_type=product&#038;p=7961"},"modified":"2026-05-15T06:37:10","modified_gmt":"2026-05-15T03:37:10","slug":"rosenserien-lip-balm-strawberries-75-ml","status":"publish","type":"product","link":"https:\/\/vaasanluonnonravinto.fi\/sv\/tuote\/rosenserien-lip-balm-strawberries-75-ml\/","title":{"rendered":"Rosenserien lip balm strawberries 7,5 ml"},"content":{"rendered":"","protected":false},"excerpt":{"rendered":"<p>Uusi koostumus, jossa karnaubavahaa, rapsi\u00f6ljy\u00e4 ja oliivi\u00f6ljy\u00e4!<\/p>\n<p>&nbsp;<\/p>\n<p>Suojaa huuliasi tehokkaasti sek\u00e4 ravitsee ja pehment\u00e4\u00e4 aiheuttamatta voiteluriippuvuutta. Sis\u00e4lt\u00e4\u00e4 karnaubavahaa, joka suojaa kylm\u00e4lt\u00e4 ja tuulelta sek\u00e4 s\u00e4ilytt\u00e4\u00e4 huulten l\u00e4mm\u00f6n ja kosteuden. Sopii k\u00e4ytett\u00e4v\u00e4ksi my\u00f6s kuivuneille ja rohtuneille alueille suun ymp\u00e4rill\u00e4 sek\u00e4 esim. kuivien kynsinauhojen hoitoon. Mansikka-aromi on luonnollinen ja tulee luomumansikoista.<\/p>\n<p>&nbsp;<\/p>\n<p><strong>Sis\u00e4lt\u00e4\u00e4<\/strong><\/p>\n<p>Rapsi\u00f6ljy\u00e4, mehil\u00e4isvahaa, oliivi\u00f6ljy\u00e4, karnaubavahaa, E-vitamiinia, kasvisterolia, kasvip. pehmennysainetta, mansikka-aromia, ruusu\u00f6ljy\u00e4, soija\u00f6ljy\u00e4, sokerijuurikasuute, vett\u00e4, alkoholia.<\/p>\n","protected":false},"featured_media":7962,"template":"","meta":{"_acf_changed":false,"rs_blank_template":"","rs_page_bg_color":"","slide_template_v7":""},"product_brand":[],"product_cat":[46,136],"product_tag":[],"class_list":{"0":"post-7961","1":"product","2":"type-product","3":"status-publish","4":"has-post-thumbnail","6":"product_cat-luontaiskosmetiikka","7":"product_cat-rosenserien","9":"first","10":"instock","11":"taxable","12":"shipping-taxable","13":"purchasable","14":"product-type-simple"},"acf":[],"_links":{"self":[{"href":"https:\/\/vaasanluonnonravinto.fi\/sv\/wp-json\/wp\/v2\/product\/7961","targetHints":{"allow":["GET"]}}],"collection":[{"href":"https:\/\/vaasanluonnonravinto.fi\/sv\/wp-json\/wp\/v2\/product"}],"about":[{"href":"https:\/\/vaasanluonnonravinto.fi\/sv\/wp-json\/wp\/v2\/types\/product"}],"wp:featuredmedia":[{"embeddable":true,"href":"https:\/\/vaasanluonnonravinto.fi\/sv\/wp-json\/wp\/v2\/media\/7962"}],"wp:attachment":[{"href":"https:\/\/vaasanluonnonravinto.fi\/sv\/wp-json\/wp\/v2\/media?parent=7961"}],"wp:term":[{"taxonomy":"product_brand","embeddable":true,"href":"https:\/\/vaasanluonnonravinto.fi\/sv\/wp-json\/wp\/v2\/product_brand?post=7961"},{"taxonomy":"product_cat","embeddable":true,"href":"https:\/\/vaasanluonnonravinto.fi\/sv\/wp-json\/wp\/v2\/product_cat?post=7961"},{"taxonomy":"product_tag","embeddable":true,"href":"https:\/\/vaasanluonnonravinto.fi\/sv\/wp-json\/wp\/v2\/product_tag?post=7961"}],"curies":[{"name":"wp","href":"https:\/\/api.w.org\/{rel}","templated":true}]}}