{"id":7949,"date":"2019-08-21T13:19:16","date_gmt":"2019-08-21T10:19:16","guid":{"rendered":"https:\/\/vaasanluonnonravinto.fi\/?post_type=product&#038;p=7949"},"modified":"2026-04-10T14:42:10","modified_gmt":"2026-04-10T11:42:10","slug":"rosenserien-purifying-clay-mask-40-ml","status":"publish","type":"product","link":"https:\/\/vaasanluonnonravinto.fi\/sv\/tuote\/rosenserien-purifying-clay-mask-40-ml\/","title":{"rendered":"Rosenserien purifying clay mask 40 ml"},"content":{"rendered":"","protected":false},"excerpt":{"rendered":"<p>Ihoa tasoittava, rentouttava ja pehment\u00e4v\u00e4 savinaamio. Savi sis\u00e4lt\u00e4\u00e4 luonnollisen mineraalisekoituksen joka voi edist\u00e4\u00e4 solujen uusiutumista. Anna naamion vaikuttaa noin 15 minuuttia ja huuhtele pois haalealla vedell\u00e4. Sopii kaikille ihotyypeille. K\u00e4ytet\u00e4\u00e4n 1 \u2013 2 kertaa viikossa.<\/p>\n<p>&nbsp;<\/p>\n<p><strong>Sis\u00e4lt\u00e4\u00e4<\/strong><\/p>\n<p>Aloe veraa, vaaleanpunaista savea, manteli\u00f6ljy\u00e4, kasvip. emulgointiainetta, kurkkuyrtti\u00f6ljy\u00e4, sheavoita, kasvip. glyserolia, antioksidanttia (ja) natriumsuolaa, kookosrasvavahaa, E-vitamiinia, kasviparfyymia, ruusu\u00f6ljy\u00e4, hedelm\u00e4happoa, natriumsuolaa.<\/p>\n","protected":false},"featured_media":7950,"template":"","meta":{"_acf_changed":false},"product_brand":[],"product_cat":[46,136],"product_tag":[],"class_list":{"0":"post-7949","1":"product","2":"type-product","3":"status-publish","4":"has-post-thumbnail","6":"product_cat-luontaiskosmetiikka","7":"product_cat-rosenserien","9":"first","10":"instock","11":"sale","12":"taxable","13":"shipping-taxable","14":"purchasable","15":"product-type-simple"},"acf":[],"_links":{"self":[{"href":"https:\/\/vaasanluonnonravinto.fi\/sv\/wp-json\/wp\/v2\/product\/7949","targetHints":{"allow":["GET"]}}],"collection":[{"href":"https:\/\/vaasanluonnonravinto.fi\/sv\/wp-json\/wp\/v2\/product"}],"about":[{"href":"https:\/\/vaasanluonnonravinto.fi\/sv\/wp-json\/wp\/v2\/types\/product"}],"wp:featuredmedia":[{"embeddable":true,"href":"https:\/\/vaasanluonnonravinto.fi\/sv\/wp-json\/wp\/v2\/media\/7950"}],"wp:attachment":[{"href":"https:\/\/vaasanluonnonravinto.fi\/sv\/wp-json\/wp\/v2\/media?parent=7949"}],"wp:term":[{"taxonomy":"product_brand","embeddable":true,"href":"https:\/\/vaasanluonnonravinto.fi\/sv\/wp-json\/wp\/v2\/product_brand?post=7949"},{"taxonomy":"product_cat","embeddable":true,"href":"https:\/\/vaasanluonnonravinto.fi\/sv\/wp-json\/wp\/v2\/product_cat?post=7949"},{"taxonomy":"product_tag","embeddable":true,"href":"https:\/\/vaasanluonnonravinto.fi\/sv\/wp-json\/wp\/v2\/product_tag?post=7949"}],"curies":[{"name":"wp","href":"https:\/\/api.w.org\/{rel}","templated":true}]}}