{"id":7945,"date":"2019-08-21T13:16:52","date_gmt":"2019-08-21T10:16:52","guid":{"rendered":"https:\/\/vaasanluonnonravinto.fi\/?post_type=product&#038;p=7945"},"modified":"2026-04-10T14:42:54","modified_gmt":"2026-04-10T11:42:54","slug":"rosenserien-sunscreen-with-carotene-spf-6-100-ml","status":"publish","type":"product","link":"https:\/\/vaasanluonnonravinto.fi\/sv\/tuote\/rosenserien-sunscreen-with-carotene-spf-6-100-ml\/","title":{"rendered":"Rosenserien sunscreen with carotene SPF 6 100 ml"},"content":{"rendered":"","protected":false},"excerpt":{"rendered":"<p>Karoteenia sis\u00e4lt\u00e4v\u00e4 Aurinkovoide on t\u00e4ysin uusi ekologinen aurinkosuojavoide kasvoille ja vartalolle. Se on kehitetty antamaan suojaa, ravitsemaan ja kosteuttamaan ihoasi. Pohjana toimii aloe vera geeli, joka antaa paljon kosteutta ja se sis\u00e4lt\u00e4\u00e4 my\u00f6s Omega rasvahappoja ja kasvi\u00f6ljyj\u00e4 jotka vahvistavat ja suojaavat ihoasi. Karoteenia sis\u00e4lt\u00e4v\u00e4ll\u00e4 aurinkovoiteella on matala suoja, aurinkosuojakerroin 6.<\/p>\n<p>&nbsp;<\/p>\n<p>Aurinkovoide suojaa sek\u00e4 UVA ett\u00e4 UVB s\u00e4teilt\u00e4. Ei sis\u00e4ll\u00e4 nanopartikkeleit\u00e4 eik\u00e4 j\u00e4t\u00e4 n\u00e4kyv\u00e4\u00e4 valkoista kerrosta iholle.\u00a0Karoteenia sis\u00e4lt\u00e4v\u00e4 aurinkovoide on t\u00e4ysin luonnollinen eik\u00e4 sis\u00e4ll\u00e4 mit\u00e4\u00e4n kemiallisia suodattimia tai muita synteettisi\u00e4 aineita.<\/p>\n<p>&nbsp;<\/p>\n<p><strong>Sis\u00e4lt\u00e4\u00e4<\/strong><\/p>\n<p>Aloe veraa, auringonkukka\u00f6ljy\u00e4, fysikaalinen aurinkosuoja, oliivi\u00f6ljy\u00e4, kasvip. emulgointiainetta, kasvisuolaa (ja) kasvip. glyserolia, kasvip. emulgointiainetta, kasvip. glyserolia, kookosrasvavahaa, tyrni\u00f6ljy\u00e4, karoteenia, E-vitamiinia, kasvip. emulgointiainetta, kasviparfyymia, ruusu\u00f6ljy\u00e4.<\/p>\n","protected":false},"featured_media":7946,"template":"","meta":{"_acf_changed":false},"product_brand":[],"product_cat":[46,136],"product_tag":[],"class_list":{"0":"post-7945","1":"product","2":"type-product","3":"status-publish","4":"has-post-thumbnail","6":"product_cat-luontaiskosmetiikka","7":"product_cat-rosenserien","9":"first","10":"instock","11":"sale","12":"taxable","13":"shipping-taxable","14":"purchasable","15":"product-type-simple"},"acf":[],"_links":{"self":[{"href":"https:\/\/vaasanluonnonravinto.fi\/sv\/wp-json\/wp\/v2\/product\/7945","targetHints":{"allow":["GET"]}}],"collection":[{"href":"https:\/\/vaasanluonnonravinto.fi\/sv\/wp-json\/wp\/v2\/product"}],"about":[{"href":"https:\/\/vaasanluonnonravinto.fi\/sv\/wp-json\/wp\/v2\/types\/product"}],"wp:featuredmedia":[{"embeddable":true,"href":"https:\/\/vaasanluonnonravinto.fi\/sv\/wp-json\/wp\/v2\/media\/7946"}],"wp:attachment":[{"href":"https:\/\/vaasanluonnonravinto.fi\/sv\/wp-json\/wp\/v2\/media?parent=7945"}],"wp:term":[{"taxonomy":"product_brand","embeddable":true,"href":"https:\/\/vaasanluonnonravinto.fi\/sv\/wp-json\/wp\/v2\/product_brand?post=7945"},{"taxonomy":"product_cat","embeddable":true,"href":"https:\/\/vaasanluonnonravinto.fi\/sv\/wp-json\/wp\/v2\/product_cat?post=7945"},{"taxonomy":"product_tag","embeddable":true,"href":"https:\/\/vaasanluonnonravinto.fi\/sv\/wp-json\/wp\/v2\/product_tag?post=7945"}],"curies":[{"name":"wp","href":"https:\/\/api.w.org\/{rel}","templated":true}]}}