{"id":7933,"date":"2019-08-21T13:08:39","date_gmt":"2019-08-21T10:08:39","guid":{"rendered":"https:\/\/vaasanluonnonravinto.fi\/?post_type=product&#038;p=7933"},"modified":"2026-04-10T14:45:30","modified_gmt":"2026-04-10T11:45:30","slug":"rosenerien-night-care-intense-50-ml","status":"publish","type":"product","link":"https:\/\/vaasanluonnonravinto.fi\/sv\/tuote\/rosenerien-night-care-intense-50-ml\/","title":{"rendered":"Rosenerien night care intense 50 ml"},"content":{"rendered":"","protected":false},"excerpt":{"rendered":"<p>Hoitava ja helposti imeytyv\u00e4 y\u00f6voide joka tekee ihosta sammetinpehme\u00e4n. Sis\u00e4lt\u00e4\u00e4 runsaasti kosteuttavia aineita sek\u00e4 A-, C- ja E-vitamiinej\u00e4. Levit\u00e4 hyvin puhdistetulle iholle. Suositellaan k\u00e4ytett\u00e4v\u00e4ksi yhdess\u00e4 Rosenserienin Silm\u00e4nymp\u00e4rysvoiteen kanssa. Sopii kaikille ihotyypeille ja erityisesti lis\u00e4kosteutta ja ravintoa tarvitsevalle iholle.<\/p>\n<p>&nbsp;<\/p>\n<p><strong>Sis\u00e4lt\u00e4\u00e4<\/strong><\/p>\n<p>Aloe veraa, rasvaa kookoksesta, kookosrasvavahaa, auringonkukka\u00f6ljy\u00e4, kasvip. glyserolia, kasvip. emulgointiainetta, oliivi\u00f6ljy\u00e4, kasvip. emulgointiainetta, omega-3 rasvahappoja, sheavoita, vehn\u00e4proteiinia, C- vitamiinia, taikap\u00e4hkin\u00e4\u00e4, rapsi\u00f6ljy\u00e4, karoteenia, maitohappoa, 2 kasvikuitua, E-vitamiinia, kasvisterolia, kasvip. kosteustekij\u00e4\u00e4, ruusu\u00f6ljy\u00e4, soija\u00f6ljy\u00e4, natriumsuolaa, 3 kasvisuolaa, 3 kasvip. emulgointiainetta, kasviparfyymia, vett\u00e4.<\/p>\n","protected":false},"featured_media":7934,"template":"","meta":{"_acf_changed":false},"product_brand":[],"product_cat":[46,136],"product_tag":[],"class_list":{"0":"post-7933","1":"product","2":"type-product","3":"status-publish","4":"has-post-thumbnail","6":"product_cat-luontaiskosmetiikka","7":"product_cat-rosenserien","9":"first","10":"instock","11":"sale","12":"taxable","13":"shipping-taxable","14":"purchasable","15":"product-type-simple"},"acf":[],"_links":{"self":[{"href":"https:\/\/vaasanluonnonravinto.fi\/sv\/wp-json\/wp\/v2\/product\/7933","targetHints":{"allow":["GET"]}}],"collection":[{"href":"https:\/\/vaasanluonnonravinto.fi\/sv\/wp-json\/wp\/v2\/product"}],"about":[{"href":"https:\/\/vaasanluonnonravinto.fi\/sv\/wp-json\/wp\/v2\/types\/product"}],"wp:featuredmedia":[{"embeddable":true,"href":"https:\/\/vaasanluonnonravinto.fi\/sv\/wp-json\/wp\/v2\/media\/7934"}],"wp:attachment":[{"href":"https:\/\/vaasanluonnonravinto.fi\/sv\/wp-json\/wp\/v2\/media?parent=7933"}],"wp:term":[{"taxonomy":"product_brand","embeddable":true,"href":"https:\/\/vaasanluonnonravinto.fi\/sv\/wp-json\/wp\/v2\/product_brand?post=7933"},{"taxonomy":"product_cat","embeddable":true,"href":"https:\/\/vaasanluonnonravinto.fi\/sv\/wp-json\/wp\/v2\/product_cat?post=7933"},{"taxonomy":"product_tag","embeddable":true,"href":"https:\/\/vaasanluonnonravinto.fi\/sv\/wp-json\/wp\/v2\/product_tag?post=7933"}],"curies":[{"name":"wp","href":"https:\/\/api.w.org\/{rel}","templated":true}]}}