{"id":7929,"date":"2019-08-21T13:06:19","date_gmt":"2019-08-21T10:06:19","guid":{"rendered":"https:\/\/vaasanluonnonravinto.fi\/?post_type=product&#038;p=7929"},"modified":"2026-05-15T06:37:10","modified_gmt":"2026-05-15T03:37:10","slug":"rosenserien-shampoo-for-hair-and-body-litsea-cubeba-200-ml","status":"publish","type":"product","link":"https:\/\/vaasanluonnonravinto.fi\/sv\/tuote\/rosenserien-shampoo-for-hair-and-body-litsea-cubeba-200-ml\/","title":{"rendered":"Rosenserien shampoo for hair and body litsea cubeba 200 ml"},"content":{"rendered":"","protected":false},"excerpt":{"rendered":"<p>Mieto ekologinen suihkusaippua\/shampoo keholle ja hiuksille. Sis\u00e4lt\u00e4\u00e4 hiuksia ja ihoa hoitavaa sek\u00e4 kiiltoa ja elastisuutta lis\u00e4\u00e4v\u00e4\u00e4 kamelia\u00f6ljy\u00e4. Sekoita pieni m\u00e4\u00e4r\u00e4 pesuainetta k\u00e4mmeness\u00e4 veteen, levit\u00e4 m\u00e4rkiin hiuksiin ja keholle. Pese ja huuhtele, lopuksi mielell\u00e4\u00e4n viile\u00e4ll\u00e4 vedell\u00e4. Hyv\u00e4 kuivalle iholle ja p\u00e4\u00e4nahalle.\u00a0Sopii kaikille iho- ja hiustyypeille. Raikas sitrustuoksu tulee aasialaisesta laakeripuukasvista litsea cubeba.<\/p>\n<p>&nbsp;<\/p>\n<p><strong>Sis\u00e4lt\u00e4\u00e4<\/strong><\/p>\n<p>Kiinalaista vihre\u00e4\u00e4 teet\u00e4, 2 kasvip. pesuainetta, merisuolaa, kasvip. glyserolia, kasvip. pesuainetta, kamelia\u00f6ljy\u00e4, litsea cubeba\u00f6ljy\u00e4, B5 provitaminia, jojoba\u00f6ljy\u00e4, ruusu\u00f6ljy\u00e4, guarsiemenjauhetta, vehn\u00e4proteiinia, maitohappoa, 2 kasvisuolaa, kasviper. emulgointiainetta, natriumsuolaa, 3 kasvip. kosteudensitojaa, vett\u00e4, kasviparfyymia.<\/p>\n","protected":false},"featured_media":7930,"template":"","meta":{"_acf_changed":false,"rs_blank_template":"","rs_page_bg_color":"","slide_template_v7":""},"product_brand":[],"product_cat":[46,136],"product_tag":[],"class_list":{"0":"post-7929","1":"product","2":"type-product","3":"status-publish","4":"has-post-thumbnail","6":"product_cat-luontaiskosmetiikka","7":"product_cat-rosenserien","9":"first","10":"instock","11":"taxable","12":"shipping-taxable","13":"purchasable","14":"product-type-simple"},"acf":[],"_links":{"self":[{"href":"https:\/\/vaasanluonnonravinto.fi\/sv\/wp-json\/wp\/v2\/product\/7929","targetHints":{"allow":["GET"]}}],"collection":[{"href":"https:\/\/vaasanluonnonravinto.fi\/sv\/wp-json\/wp\/v2\/product"}],"about":[{"href":"https:\/\/vaasanluonnonravinto.fi\/sv\/wp-json\/wp\/v2\/types\/product"}],"wp:featuredmedia":[{"embeddable":true,"href":"https:\/\/vaasanluonnonravinto.fi\/sv\/wp-json\/wp\/v2\/media\/7930"}],"wp:attachment":[{"href":"https:\/\/vaasanluonnonravinto.fi\/sv\/wp-json\/wp\/v2\/media?parent=7929"}],"wp:term":[{"taxonomy":"product_brand","embeddable":true,"href":"https:\/\/vaasanluonnonravinto.fi\/sv\/wp-json\/wp\/v2\/product_brand?post=7929"},{"taxonomy":"product_cat","embeddable":true,"href":"https:\/\/vaasanluonnonravinto.fi\/sv\/wp-json\/wp\/v2\/product_cat?post=7929"},{"taxonomy":"product_tag","embeddable":true,"href":"https:\/\/vaasanluonnonravinto.fi\/sv\/wp-json\/wp\/v2\/product_tag?post=7929"}],"curies":[{"name":"wp","href":"https:\/\/api.w.org\/{rel}","templated":true}]}}