{"id":7925,"date":"2019-08-21T13:01:46","date_gmt":"2019-08-21T10:01:46","guid":{"rendered":"https:\/\/vaasanluonnonravinto.fi\/?post_type=product&#038;p=7925"},"modified":"2026-04-10T14:47:00","modified_gmt":"2026-04-10T11:47:00","slug":"rosenserien-moisturizer-dry-sensitive-skin-50-ml","status":"publish","type":"product","link":"https:\/\/vaasanluonnonravinto.fi\/sv\/tuote\/rosenserien-moisturizer-dry-sensitive-skin-50-ml\/","title":{"rendered":"Rosenserien moisturizer dry\/sensitive skin 50 ml"},"content":{"rendered":"","protected":false},"excerpt":{"rendered":"<p>Koostumukseltaan hyv\u00e4 voide kasvoille ja kaulalle. Erityisesti kuivalle ja herk\u00e4lle erikoishoitoa tarvitsevalle iholle. Vahvistaa ja rauhoittaa \u00e4rtynytt\u00e4 ja punertavaa ihoa tehokkaasti. Toimii sek\u00e4 p\u00e4iv\u00e4- ett\u00e4 y\u00f6voiteena. Suositellaan k\u00e4ytett\u00e4v\u00e4ksi yhdess\u00e4 Rosenserienin Silm\u00e4nymp\u00e4rysvoiteen kanssa.<\/p>\n<p>&nbsp;<\/p>\n<p><strong>Sis\u00e4lt\u00e4\u00e4<\/strong><\/p>\n<p>Aloe veraa, ohdake\u00f6ljy\u00e4, kasvip. glyserolia, kasvip. emulgointiainetta, avokado\u00f6ljy\u00e4, kasvip. emulgointiainetta, sheavoita, rasvaa (kookoksesta), kookosrasvavahaa, jojoba\u00f6ljy\u00e4, kurkkuyrtti\u00f6ljy\u00e4, ksantaanikumia, E-vitamiinia, kasvisterolia, kasvip. kosteustekij\u00e4\u00e4, ruusu\u00f6ljy\u00e4, soija\u00f6ljy\u00e4, 2 kasvisuolaa, kasvip. emulgointiainetta, kasviparfyymia, vett\u00e4.<\/p>\n","protected":false},"featured_media":7926,"template":"","meta":{"_acf_changed":false},"product_brand":[],"product_cat":[46,136],"product_tag":[],"class_list":{"0":"post-7925","1":"product","2":"type-product","3":"status-publish","4":"has-post-thumbnail","6":"product_cat-luontaiskosmetiikka","7":"product_cat-rosenserien","9":"first","10":"instock","11":"sale","12":"taxable","13":"shipping-taxable","14":"purchasable","15":"product-type-simple"},"acf":[],"_links":{"self":[{"href":"https:\/\/vaasanluonnonravinto.fi\/sv\/wp-json\/wp\/v2\/product\/7925","targetHints":{"allow":["GET"]}}],"collection":[{"href":"https:\/\/vaasanluonnonravinto.fi\/sv\/wp-json\/wp\/v2\/product"}],"about":[{"href":"https:\/\/vaasanluonnonravinto.fi\/sv\/wp-json\/wp\/v2\/types\/product"}],"wp:featuredmedia":[{"embeddable":true,"href":"https:\/\/vaasanluonnonravinto.fi\/sv\/wp-json\/wp\/v2\/media\/7926"}],"wp:attachment":[{"href":"https:\/\/vaasanluonnonravinto.fi\/sv\/wp-json\/wp\/v2\/media?parent=7925"}],"wp:term":[{"taxonomy":"product_brand","embeddable":true,"href":"https:\/\/vaasanluonnonravinto.fi\/sv\/wp-json\/wp\/v2\/product_brand?post=7925"},{"taxonomy":"product_cat","embeddable":true,"href":"https:\/\/vaasanluonnonravinto.fi\/sv\/wp-json\/wp\/v2\/product_cat?post=7925"},{"taxonomy":"product_tag","embeddable":true,"href":"https:\/\/vaasanluonnonravinto.fi\/sv\/wp-json\/wp\/v2\/product_tag?post=7925"}],"curies":[{"name":"wp","href":"https:\/\/api.w.org\/{rel}","templated":true}]}}