{"id":7921,"date":"2019-08-21T12:59:00","date_gmt":"2019-08-21T09:59:00","guid":{"rendered":"https:\/\/vaasanluonnonravinto.fi\/?post_type=product&#038;p=7921"},"modified":"2026-04-10T14:47:45","modified_gmt":"2026-04-10T11:47:45","slug":"rosenserien-moisturizer-normal-oily-skin-50-ml","status":"publish","type":"product","link":"https:\/\/vaasanluonnonravinto.fi\/sv\/tuote\/rosenserien-moisturizer-normal-oily-skin-50-ml\/","title":{"rendered":"Rosenserien moisturizer normal\/oily skin 50 ml"},"content":{"rendered":"","protected":false},"excerpt":{"rendered":"<p>Uusi tuote! Viilent\u00e4v\u00e4 geeli joka sis\u00e4lt\u00e4\u00e4 v\u00e4ltt\u00e4m\u00e4tt\u00f6mi\u00e4 rasvahappoja, hyaluronihappoa ja argan\u00f6ljy\u00e4. Antaa iholle paljon kosteutta ja vitamiineja. Helposti imeytyv\u00e4 ja ihoa tasapainottava. Voidaan k\u00e4ytt\u00e4\u00e4 sek\u00e4 p\u00e4iv\u00e4-, ett\u00e4 y\u00f6geelin\u00e4.\u00a0Sopii normaalille ja rasvaiselle iholle sek\u00e4 sekaiholle. My\u00f6s ongelmaiholle. Hyv\u00e4 niille joiden iho helposti alkaa kiilt\u00e4\u00e4 p\u00e4iv\u00e4n mittaan.<\/p>\n<p>&nbsp;<\/p>\n<p><strong>Sis\u00e4lt\u00e4\u00e4<\/strong><\/p>\n<p>Aloe veraa, kasvip. emulgointiainetta, kasvip. glyserolia, argan\u00f6ljy\u00e4, kasvip. emulgointiainetta, ksantaanikumia, omega-3 rasvahappoja, kasvip. hyaluronihappoa, E-vitamiinia, kasvisterolia, kasvip. kosteustekij\u00e4\u00e4, maitohappoa, ruusu\u00f6ljy\u00e4, soija\u00f6ljy\u00e4, 2 kasvisuolaa, kasvip. emulgointiainetta, kasviparfyymia, vett\u00e4.<\/p>\n","protected":false},"featured_media":7923,"template":"","meta":{"_acf_changed":false},"product_brand":[],"product_cat":[46,136],"product_tag":[],"class_list":{"0":"post-7921","1":"product","2":"type-product","3":"status-publish","4":"has-post-thumbnail","6":"product_cat-luontaiskosmetiikka","7":"product_cat-rosenserien","9":"first","10":"instock","11":"sale","12":"taxable","13":"shipping-taxable","14":"purchasable","15":"product-type-simple"},"acf":[],"_links":{"self":[{"href":"https:\/\/vaasanluonnonravinto.fi\/sv\/wp-json\/wp\/v2\/product\/7921","targetHints":{"allow":["GET"]}}],"collection":[{"href":"https:\/\/vaasanluonnonravinto.fi\/sv\/wp-json\/wp\/v2\/product"}],"about":[{"href":"https:\/\/vaasanluonnonravinto.fi\/sv\/wp-json\/wp\/v2\/types\/product"}],"wp:featuredmedia":[{"embeddable":true,"href":"https:\/\/vaasanluonnonravinto.fi\/sv\/wp-json\/wp\/v2\/media\/7923"}],"wp:attachment":[{"href":"https:\/\/vaasanluonnonravinto.fi\/sv\/wp-json\/wp\/v2\/media?parent=7921"}],"wp:term":[{"taxonomy":"product_brand","embeddable":true,"href":"https:\/\/vaasanluonnonravinto.fi\/sv\/wp-json\/wp\/v2\/product_brand?post=7921"},{"taxonomy":"product_cat","embeddable":true,"href":"https:\/\/vaasanluonnonravinto.fi\/sv\/wp-json\/wp\/v2\/product_cat?post=7921"},{"taxonomy":"product_tag","embeddable":true,"href":"https:\/\/vaasanluonnonravinto.fi\/sv\/wp-json\/wp\/v2\/product_tag?post=7921"}],"curies":[{"name":"wp","href":"https:\/\/api.w.org\/{rel}","templated":true}]}}