{"id":7917,"date":"2019-08-21T12:58:39","date_gmt":"2019-08-21T09:58:39","guid":{"rendered":"https:\/\/vaasanluonnonravinto.fi\/?post_type=product&#038;p=7917"},"modified":"2026-04-10T14:48:31","modified_gmt":"2026-04-10T11:48:31","slug":"rosenserien-moisturizer-normal-dry-skin-50-ml","status":"publish","type":"product","link":"https:\/\/vaasanluonnonravinto.fi\/sv\/tuote\/rosenserien-moisturizer-normal-dry-skin-50-ml\/","title":{"rendered":"Rosenserien moisturizer normal\/dry skin 50 ml"},"content":{"rendered":"","protected":false},"excerpt":{"rendered":"<p>Voide juontuville kasvoille ja kaulalle. GLA:n ja biologisten vaikutusaineiden yhdistelm\u00e4n ansiosta se ravitsee ja kosteuttaa ihoa. Toimii sek\u00e4 p\u00e4iv\u00e4- ett\u00e4 y\u00f6voiteena. Suositellaan k\u00e4ytett\u00e4v\u00e4ksi yhdess\u00e4 Rosenserienin Silm\u00e4nymp\u00e4rysvoiteen kanssa. Normaalille ja kuivalle iholle.<\/p>\n<p>&nbsp;<\/p>\n<p><strong>Sis\u00e4lt\u00e4\u00e4<\/strong><\/p>\n<p>Aloe veraa, aprikoosin siemen\u00f6ljy\u00e4, kasvip. emulgointiainetta, ohdake\u00f6ljy\u00e4, kasvip. glyserolia, kookosrasvavahaa, sheavoita, kasvip. rasvaa kookoksesta, jojoba\u00f6ljy\u00e4, kurkkuyrtti\u00f6ljy\u00e4, ksantaanikumia, E-vitamiinia, kasvisterolia, kasvip. kosteustekij\u00e4\u00e4, ruusu\u00f6ljy\u00e4, soija\u00f6ljy\u00e4, 2 kasvisuolaa, kasvip. emulgointiainetta, kasviparfyymia, vett\u00e4.<\/p>\n","protected":false},"featured_media":7918,"template":"","meta":{"_acf_changed":false},"product_brand":[],"product_cat":[46,136],"product_tag":[],"class_list":{"0":"post-7917","1":"product","2":"type-product","3":"status-publish","4":"has-post-thumbnail","6":"product_cat-luontaiskosmetiikka","7":"product_cat-rosenserien","9":"first","10":"instock","11":"sale","12":"taxable","13":"shipping-taxable","14":"purchasable","15":"product-type-simple"},"acf":[],"_links":{"self":[{"href":"https:\/\/vaasanluonnonravinto.fi\/sv\/wp-json\/wp\/v2\/product\/7917","targetHints":{"allow":["GET"]}}],"collection":[{"href":"https:\/\/vaasanluonnonravinto.fi\/sv\/wp-json\/wp\/v2\/product"}],"about":[{"href":"https:\/\/vaasanluonnonravinto.fi\/sv\/wp-json\/wp\/v2\/types\/product"}],"wp:featuredmedia":[{"embeddable":true,"href":"https:\/\/vaasanluonnonravinto.fi\/sv\/wp-json\/wp\/v2\/media\/7918"}],"wp:attachment":[{"href":"https:\/\/vaasanluonnonravinto.fi\/sv\/wp-json\/wp\/v2\/media?parent=7917"}],"wp:term":[{"taxonomy":"product_brand","embeddable":true,"href":"https:\/\/vaasanluonnonravinto.fi\/sv\/wp-json\/wp\/v2\/product_brand?post=7917"},{"taxonomy":"product_cat","embeddable":true,"href":"https:\/\/vaasanluonnonravinto.fi\/sv\/wp-json\/wp\/v2\/product_cat?post=7917"},{"taxonomy":"product_tag","embeddable":true,"href":"https:\/\/vaasanluonnonravinto.fi\/sv\/wp-json\/wp\/v2\/product_tag?post=7917"}],"curies":[{"name":"wp","href":"https:\/\/api.w.org\/{rel}","templated":true}]}}